{"id":216457,"date":"2020-08-31T19:47:22","date_gmt":"2020-08-31T18:47:22","guid":{"rendered":"https:\/\/www.um.edu.mo\/copyright-disclaimer-limitation-of-liability\/"},"modified":"2020-12-14T19:23:33","modified_gmt":"2020-12-14T11:23:33","slug":"copyright-disclaimer-limitation-of-liability","status":"publish","type":"page","link":"https:\/\/www.um.edu.mo\/pt-pt\/privacy-policy\/copyright-disclaimer-limitation-of-liability\/","title":{"rendered":"Direitos de Autor \/ Ren\u00fancia de Responsabilidade \/ Limita\u00e7\u00e3o de Responsabilidade"},"content":{"rendered":"<div class=\"fusion-fullwidth fullwidth-box fusion-builder-row-1 fusion-flex-container nonhundred-percent-fullwidth non-hundred-percent-height-scrolling\" style=\"--awb-border-radius-top-left:0px;--awb-border-radius-top-right:0px;--awb-border-radius-bottom-right:0px;--awb-border-radius-bottom-left:0px;--awb-flex-wrap:wrap;\" ><div class=\"fusion-builder-row fusion-row fusion-flex-align-items-flex-start fusion-flex-content-wrap\" style=\"max-width:1414px;margin-left: calc(-1% \/ 2 );margin-right: calc(-1% \/ 2 );\"><div class=\"fusion-layout-column fusion_builder_column fusion-builder-column-0 fusion_builder_column_1_1 1_1 fusion-flex-column\" style=\"--awb-bg-size:cover;--awb-width-large:100%;--awb-margin-top-large:0px;--awb-spacing-right-large:0.495%;--awb-margin-bottom-large:0px;--awb-spacing-left-large:0.495%;--awb-width-medium:100%;--awb-spacing-right-medium:0.495%;--awb-spacing-left-medium:0.495%;--awb-width-small:100%;--awb-spacing-right-small:0.495%;--awb-spacing-left-small:0.495%;\"><div class=\"fusion-column-wrapper fusion-flex-justify-content-flex-start fusion-content-layout-column\"><div class=\"fusion-title title fusion-title-1 fusion-sep-none fusion-title-text fusion-title-size-three\" style=\"--awb-margin-top:0px;--awb-margin-bottom:0px;--awb-margin-top-small:0px;--awb-margin-bottom-small:0px;\"><h3 class=\"fusion-title-heading title-heading-left\" style=\"margin:0;\"><h3 class=\"fusion-responsive-typography-calculated\" data-fontsize=\"32\" data-lineheight=\"41.6px\"><strong>Direitos de Autor<\/strong><\/h3><\/h3><\/div><div class=\"fusion-text fusion-text-1\"><p>Alguns dos materiais nos nossos websites s\u00e3o protegidos pelos direitos de autor, pelo que, a reprodu\u00e7\u00e3o, publica\u00e7\u00e3o, distribui\u00e7\u00e3o ou explora\u00e7\u00e3o destes materiais, total ou parcial, sem permiss\u00e3o pr\u00e9via, por escrito, da Universidade de Macau, poder\u00e3o constituir actos de viola\u00e7\u00e3o dos direitos de autor.<\/p>\n<\/div><div class=\"fusion-separator fusion-full-width-sep\" style=\"align-self: center;margin-left: auto;margin-right: auto;width:100%;\"><div class=\"fusion-separator-border sep-single sep-solid\" style=\"--awb-height:20px;--awb-amount:20px;border-color:#e2e2e2;border-top-width:1px;\"><\/div><\/div><div class=\"fusion-title title fusion-title-2 fusion-sep-none fusion-title-text fusion-title-size-three\" style=\"--awb-margin-top:0px;--awb-margin-bottom:0px;--awb-margin-top-small:0px;--awb-margin-bottom-small:0px;\"><h3 class=\"fusion-title-heading title-heading-left\" style=\"margin:0;\"><h3 class=\"fusion-responsive-typography-calculated\" data-fontsize=\"32\" data-lineheight=\"41.6px\"><strong>Ren\u00fancia de Responsabilidade<\/strong><\/h3><\/h3><\/div><div class=\"fusion-text fusion-text-2\"><p>&#8220;Nestes websites os materiais s\u00e3o apresentados \u201ctal como s\u00e3o\u201d, sem quaisquer tipos de garantias, expl\u00edcitas ou impl\u00edcitas. A Universidade n\u00e3o garante que o funcionamento destes materiais seja isento de interrup\u00e7\u00f5es ou erros, que os defeitos sejam corrigidos, nem que este site, ou o servidor que o disponibiliza, seja isento de v\u00edrus ou outros elementos prejudiciais. A Universidade n\u00e3o faz nenhuma garantia ou compromisso sobre a utiliza\u00e7\u00e3o, ou resultados da utiliza\u00e7\u00e3o, dos materiais deste site, em termos da sua exactid\u00e3o, precis\u00e3o e fiabilidade, e entre os outros. Voc\u00ea (n\u00e3o a Universidade) deve assumir o total das despesas relativas \u00e0 repara\u00e7\u00e3o, manuten\u00e7\u00e3o e correc\u00e7\u00e3o julgada necess\u00e1ria. As leis aplic\u00e1veis podem n\u00e3o permitir a exclus\u00e3o de garantias impl\u00edcitas, pelo qual a exclus\u00e3o acima referida pode n\u00e3o lhe ser aplic\u00e1vel.<\/p>\n<p>Todas as informa\u00e7\u00f5es apresentadas no nosso website s\u00e3o sujeitas a altera\u00e7\u00f5es e revis\u00f5es regulares. Se descobrir problemas nas nossas informa\u00e7\u00f5es, se pensar que os seus direitos de autor foram violados ou se pretender cancelar a liga\u00e7\u00e3o (hyperlink) com o seu site, \u00e9 favor notificar o webmaster: <a href=\"mailto:webmaster@um.edu.mo\">webmaster@um.edu.mo<\/a><\/p>\n<\/div><div class=\"fusion-separator fusion-full-width-sep\" style=\"align-self: center;margin-left: auto;margin-right: auto;width:100%;\"><div class=\"fusion-separator-border sep-single sep-solid\" style=\"--awb-height:20px;--awb-amount:20px;border-color:#e2e2e2;border-top-width:1px;\"><\/div><\/div><div class=\"fusion-title title fusion-title-3 fusion-sep-none fusion-title-text fusion-title-size-three\" style=\"--awb-margin-top:0px;--awb-margin-bottom:0px;--awb-margin-top-small:0px;--awb-margin-bottom-small:0px;\"><h3 class=\"fusion-title-heading title-heading-left\" style=\"margin:0;\"><h3 class=\"fusion-responsive-typography-calculated\" data-fontsize=\"32\" data-lineheight=\"41.6px\"><strong>Limita\u00e7\u00e3o de Responsabilidade<\/strong><\/h3><\/h3><\/div><div class=\"fusion-text fusion-text-3\"><p>Em nenhuma circunst\u00e2ncia, incluindo mas n\u00e3o limitado a, neglig\u00eancia, a Universidade \u00e9 respons\u00e1vel por qualquer preju\u00edzo especial ou que surja como consequ\u00eancia da utiliza\u00e7\u00e3o, ou da incapacidade de utiliza\u00e7\u00e3o, dos materiais neste site, mesmo que a Universidade ou o representante autorizado da Universidade tenha sido informado dos poss\u00edveis preju\u00edzos. As leis aplic\u00e1veis podem n\u00e3o permitir a limita\u00e7\u00e3o ou exclus\u00e3o da responsabilidade por preju\u00edzos acidentais ou que surjam como consequ\u00eancia, pelo qual a limita\u00e7\u00e3o ou exclus\u00e3o acima referida pode n\u00e3o lhe ser aplic\u00e1vel. Em nenhum caso, a responsabilidade total da Universidade para consigo, por todos os preju\u00edzos, perdas e causas de ac\u00e7\u00e3o (quer em contratos, ou em delitos (incluindo mas n\u00e3o limitado a, neglig\u00eancia) e outros), pode exceder o montante que voc\u00ea pagou, caso exista, para aceder a este site.<\/p>\n<\/div><\/div><\/div><\/div><\/div>","protected":false},"excerpt":{"rendered":"","protected":false},"author":1,"featured_media":0,"parent":216458,"menu_order":0,"comment_status":"closed","ping_status":"closed","template":"","meta":{"_acf_changed":false,"footnotes":""},"class_list":["post-216457","page","type-page","status-publish","hentry"],"acf":[],"yoast_head":"<!-- This site is optimized with the Yoast SEO plugin v24.5 - https:\/\/yoast.com\/wordpress\/plugins\/seo\/ -->\n<title>Direitos de Autor \/ Ren\u00fancia de Responsabilidade \/ Limita\u00e7\u00e3o de Responsabilidade | Universidade de Macau<\/title>\n<meta name=\"description\" content=\"Universidade de Macau: Uma universidade abrangente p\u00fablica de n\u00edvel internacional fundada em 1981\" \/>\n<meta name=\"robots\" content=\"index, follow, max-snippet:-1, max-image-preview:large, max-video-preview:-1\" \/>\n<link rel=\"canonical\" href=\"https:\/\/www.um.edu.mo\/pt-pt\/privacy-policy\/copyright-disclaimer-limitation-of-liability\/\" \/>\n<meta property=\"og:locale\" content=\"pt_PT\" \/>\n<meta property=\"og:type\" content=\"article\" \/>\n<meta property=\"og:title\" content=\"Direitos de Autor \/ Ren\u00fancia de Responsabilidade \/ Limita\u00e7\u00e3o de Responsabilidade | Universidade de Macau\" \/>\n<meta property=\"og:description\" content=\"Universidade de Macau: Uma universidade abrangente p\u00fablica de n\u00edvel internacional fundada em 1981\" \/>\n<meta property=\"og:url\" content=\"https:\/\/www.um.edu.mo\/pt-pt\/privacy-policy\/copyright-disclaimer-limitation-of-liability\/\" \/>\n<meta property=\"og:site_name\" content=\"Universidade de Macau\" \/>\n<meta property=\"article:publisher\" content=\"https:\/\/www.facebook.com\/universityofmacau\" \/>\n<meta property=\"article:modified_time\" content=\"2020-12-14T11:23:33+00:00\" \/>\n<meta name=\"twitter:card\" content=\"summary_large_image\" \/>\n<meta name=\"twitter:site\" content=\"@UM_1981\" \/>\n<meta name=\"twitter:label1\" content=\"Tempo estimado de leitura\" \/>\n\t<meta name=\"twitter:data1\" content=\"6 minutos\" \/>\n<script type=\"application\/ld+json\" class=\"yoast-schema-graph\">{\"@context\":\"https:\/\/schema.org\",\"@graph\":[{\"@type\":\"WebPage\",\"@id\":\"https:\/\/www.um.edu.mo\/pt-pt\/privacy-policy\/copyright-disclaimer-limitation-of-liability\/\",\"url\":\"https:\/\/www.um.edu.mo\/pt-pt\/privacy-policy\/copyright-disclaimer-limitation-of-liability\/\",\"name\":\"Direitos de Autor \/ Ren\u00fancia de Responsabilidade \/ Limita\u00e7\u00e3o de Responsabilidade | Universidade de Macau\",\"isPartOf\":{\"@id\":\"https:\/\/www.um.edu.mo\/pt-pt\/#website\"},\"datePublished\":\"2020-08-31T18:47:22+00:00\",\"dateModified\":\"2020-12-14T11:23:33+00:00\",\"description\":\"Universidade de Macau: Uma universidade abrangente p\u00fablica de n\u00edvel internacional fundada em 1981\",\"breadcrumb\":{\"@id\":\"https:\/\/www.um.edu.mo\/pt-pt\/privacy-policy\/copyright-disclaimer-limitation-of-liability\/#breadcrumb\"},\"inLanguage\":\"pt-PT\",\"potentialAction\":[{\"@type\":\"ReadAction\",\"target\":[\"https:\/\/www.um.edu.mo\/pt-pt\/privacy-policy\/copyright-disclaimer-limitation-of-liability\/\"]}]},{\"@type\":\"BreadcrumbList\",\"@id\":\"https:\/\/www.um.edu.mo\/pt-pt\/privacy-policy\/copyright-disclaimer-limitation-of-liability\/#breadcrumb\",\"itemListElement\":[{\"@type\":\"ListItem\",\"position\":1,\"name\":\"P\u00e1gina inicial\",\"item\":\"https:\/\/www.um.edu.mo\/pt-pt\/\"},{\"@type\":\"ListItem\",\"position\":2,\"name\":\"Pol\u00edtica de Privacidade\",\"item\":\"https:\/\/www.um.edu.mo\/pt-pt\/privacy-policy\/\"},{\"@type\":\"ListItem\",\"position\":3,\"name\":\"Direitos de Autor \/ Ren\u00fancia de Responsabilidade \/ Limita\u00e7\u00e3o de Responsabilidade\"}]},{\"@type\":\"WebSite\",\"@id\":\"https:\/\/www.um.edu.mo\/pt-pt\/#website\",\"url\":\"https:\/\/www.um.edu.mo\/pt-pt\/\",\"name\":\"Universidade de Macau\",\"description\":\"\",\"publisher\":{\"@id\":\"https:\/\/www.um.edu.mo\/pt-pt\/#organization\"},\"potentialAction\":[{\"@type\":\"SearchAction\",\"target\":{\"@type\":\"EntryPoint\",\"urlTemplate\":\"https:\/\/www.um.edu.mo\/pt-pt\/?s={search_term_string}\"},\"query-input\":{\"@type\":\"PropertyValueSpecification\",\"valueRequired\":true,\"valueName\":\"search_term_string\"}}],\"inLanguage\":\"pt-PT\"},{\"@type\":\"Organization\",\"@id\":\"https:\/\/www.um.edu.mo\/pt-pt\/#organization\",\"name\":\"University of Macau\",\"url\":\"https:\/\/www.um.edu.mo\/pt-pt\/\",\"logo\":{\"@type\":\"ImageObject\",\"inLanguage\":\"pt-PT\",\"@id\":\"https:\/\/www.um.edu.mo\/pt-pt\/#\/schema\/logo\/image\/\",\"url\":\"https:\/\/www.um.edu.mo\/wp-content\/uploads\/2020\/09\/UM-Logo_V-Black.png\",\"contentUrl\":\"https:\/\/www.um.edu.mo\/wp-content\/uploads\/2020\/09\/UM-Logo_V-Black.png\",\"width\":3508,\"height\":2785,\"caption\":\"University of Macau\"},\"image\":{\"@id\":\"https:\/\/www.um.edu.mo\/pt-pt\/#\/schema\/logo\/image\/\"},\"sameAs\":[\"https:\/\/www.facebook.com\/universityofmacau\",\"https:\/\/x.com\/UM_1981\"]}]}<\/script>\n<!-- \/ Yoast SEO plugin. -->","yoast_head_json":{"title":"Direitos de Autor \/ Ren\u00fancia de Responsabilidade \/ Limita\u00e7\u00e3o de Responsabilidade | Universidade de Macau","description":"Universidade de Macau: Uma universidade abrangente p\u00fablica de n\u00edvel internacional fundada em 1981","robots":{"index":"index","follow":"follow","max-snippet":"max-snippet:-1","max-image-preview":"max-image-preview:large","max-video-preview":"max-video-preview:-1"},"canonical":"https:\/\/www.um.edu.mo\/pt-pt\/privacy-policy\/copyright-disclaimer-limitation-of-liability\/","og_locale":"pt_PT","og_type":"article","og_title":"Direitos de Autor \/ Ren\u00fancia de Responsabilidade \/ Limita\u00e7\u00e3o de Responsabilidade | Universidade de Macau","og_description":"Universidade de Macau: Uma universidade abrangente p\u00fablica de n\u00edvel internacional fundada em 1981","og_url":"https:\/\/www.um.edu.mo\/pt-pt\/privacy-policy\/copyright-disclaimer-limitation-of-liability\/","og_site_name":"Universidade de Macau","article_publisher":"https:\/\/www.facebook.com\/universityofmacau","article_modified_time":"2020-12-14T11:23:33+00:00","twitter_card":"summary_large_image","twitter_site":"@UM_1981","twitter_misc":{"Tempo estimado de leitura":"6 minutos"},"schema":{"@context":"https:\/\/schema.org","@graph":[{"@type":"WebPage","@id":"https:\/\/www.um.edu.mo\/pt-pt\/privacy-policy\/copyright-disclaimer-limitation-of-liability\/","url":"https:\/\/www.um.edu.mo\/pt-pt\/privacy-policy\/copyright-disclaimer-limitation-of-liability\/","name":"Direitos de Autor \/ Ren\u00fancia de Responsabilidade \/ Limita\u00e7\u00e3o de Responsabilidade | Universidade de Macau","isPartOf":{"@id":"https:\/\/www.um.edu.mo\/pt-pt\/#website"},"datePublished":"2020-08-31T18:47:22+00:00","dateModified":"2020-12-14T11:23:33+00:00","description":"Universidade de Macau: Uma universidade abrangente p\u00fablica de n\u00edvel internacional fundada em 1981","breadcrumb":{"@id":"https:\/\/www.um.edu.mo\/pt-pt\/privacy-policy\/copyright-disclaimer-limitation-of-liability\/#breadcrumb"},"inLanguage":"pt-PT","potentialAction":[{"@type":"ReadAction","target":["https:\/\/www.um.edu.mo\/pt-pt\/privacy-policy\/copyright-disclaimer-limitation-of-liability\/"]}]},{"@type":"BreadcrumbList","@id":"https:\/\/www.um.edu.mo\/pt-pt\/privacy-policy\/copyright-disclaimer-limitation-of-liability\/#breadcrumb","itemListElement":[{"@type":"ListItem","position":1,"name":"P\u00e1gina inicial","item":"https:\/\/www.um.edu.mo\/pt-pt\/"},{"@type":"ListItem","position":2,"name":"Pol\u00edtica de Privacidade","item":"https:\/\/www.um.edu.mo\/pt-pt\/privacy-policy\/"},{"@type":"ListItem","position":3,"name":"Direitos de Autor \/ Ren\u00fancia de Responsabilidade \/ Limita\u00e7\u00e3o de Responsabilidade"}]},{"@type":"WebSite","@id":"https:\/\/www.um.edu.mo\/pt-pt\/#website","url":"https:\/\/www.um.edu.mo\/pt-pt\/","name":"Universidade de Macau","description":"","publisher":{"@id":"https:\/\/www.um.edu.mo\/pt-pt\/#organization"},"potentialAction":[{"@type":"SearchAction","target":{"@type":"EntryPoint","urlTemplate":"https:\/\/www.um.edu.mo\/pt-pt\/?s={search_term_string}"},"query-input":{"@type":"PropertyValueSpecification","valueRequired":true,"valueName":"search_term_string"}}],"inLanguage":"pt-PT"},{"@type":"Organization","@id":"https:\/\/www.um.edu.mo\/pt-pt\/#organization","name":"University of Macau","url":"https:\/\/www.um.edu.mo\/pt-pt\/","logo":{"@type":"ImageObject","inLanguage":"pt-PT","@id":"https:\/\/www.um.edu.mo\/pt-pt\/#\/schema\/logo\/image\/","url":"https:\/\/www.um.edu.mo\/wp-content\/uploads\/2020\/09\/UM-Logo_V-Black.png","contentUrl":"https:\/\/www.um.edu.mo\/wp-content\/uploads\/2020\/09\/UM-Logo_V-Black.png","width":3508,"height":2785,"caption":"University of Macau"},"image":{"@id":"https:\/\/www.um.edu.mo\/pt-pt\/#\/schema\/logo\/image\/"},"sameAs":["https:\/\/www.facebook.com\/universityofmacau","https:\/\/x.com\/UM_1981"]}]}},"_links":{"self":[{"href":"https:\/\/www.um.edu.mo\/pt-pt\/wp-json\/wp\/v2\/pages\/216457","targetHints":{"allow":["GET"]}}],"collection":[{"href":"https:\/\/www.um.edu.mo\/pt-pt\/wp-json\/wp\/v2\/pages"}],"about":[{"href":"https:\/\/www.um.edu.mo\/pt-pt\/wp-json\/wp\/v2\/types\/page"}],"author":[{"embeddable":true,"href":"https:\/\/www.um.edu.mo\/pt-pt\/wp-json\/wp\/v2\/users\/1"}],"replies":[{"embeddable":true,"href":"https:\/\/www.um.edu.mo\/pt-pt\/wp-json\/wp\/v2\/comments?post=216457"}],"version-history":[{"count":0,"href":"https:\/\/www.um.edu.mo\/pt-pt\/wp-json\/wp\/v2\/pages\/216457\/revisions"}],"up":[{"embeddable":true,"href":"https:\/\/www.um.edu.mo\/pt-pt\/wp-json\/wp\/v2\/pages\/216458"}],"wp:attachment":[{"href":"https:\/\/www.um.edu.mo\/pt-pt\/wp-json\/wp\/v2\/media?parent=216457"}],"curies":[{"name":"wp","href":"https:\/\/api.w.org\/{rel}","templated":true}]}}