{"id":216369,"date":"2020-09-21T05:07:08","date_gmt":"2020-09-20T21:07:08","guid":{"rendered":"https:\/\/www.um.edu.mo\/guiding-principle\/"},"modified":"2023-10-09T16:57:10","modified_gmt":"2023-10-09T08:57:10","slug":"guiding-principle","status":"publish","type":"page","link":"https:\/\/www.um.edu.mo\/pt-pt\/research\/strategy\/guiding-principle\/","title":{"rendered":"Princ\u00edpio Orientador de Investiga\u00e7\u00e3o"},"content":{"rendered":"<div class=\"fusion-fullwidth fullwidth-box fusion-builder-row-1 fusion-flex-container nonhundred-percent-fullwidth non-hundred-percent-height-scrolling\" style=\"--awb-border-radius-top-left:0px;--awb-border-radius-top-right:0px;--awb-border-radius-bottom-right:0px;--awb-border-radius-bottom-left:0px;--awb-flex-wrap:wrap;\" ><div class=\"fusion-builder-row fusion-row fusion-flex-align-items-flex-start fusion-flex-content-wrap\" style=\"max-width:calc( 1400px + 0px );margin-left: calc(-0px \/ 2 );margin-right: calc(-0px \/ 2 );\"><div class=\"fusion-layout-column fusion_builder_column fusion-builder-column-0 fusion_builder_column_1_1 1_1 fusion-flex-column\" style=\"--awb-bg-size:cover;--awb-width-large:100%;--awb-margin-top-large:0px;--awb-spacing-right-large:0px;--awb-margin-bottom-large:10px;--awb-spacing-left-large:0px;--awb-width-medium:100%;--awb-spacing-right-medium:0px;--awb-spacing-left-medium:0px;--awb-width-small:100%;--awb-spacing-right-small:0px;--awb-spacing-left-small:0px;\"><div class=\"fusion-column-wrapper fusion-column-has-shadow fusion-flex-justify-content-flex-start fusion-content-layout-column\"><div class=\"fusion-text fusion-text-1\"><p style=\"text-align: justify\">UM is the international comprehensive public university in Macao S.A.R. and the comprehensive research university on the west coast of the Guangdong-Hong Kong-Macao Greater Bay Area. Since Macao\u2019s return to the motherland, with the care and support of the central government and the Macao S.A.R. government, together with the strong support from the Macao society and the concerted efforts of teachers and students in the University, UM has rapidly developed from a traditional community college to a research university with equal emphasis on teaching and research, and has gained increasing international recognition in recent years. The University is currently ranked in the Essential Science Indicators (ESI) database for ranking among the top 1% in twelve research fields, namely Engineering, Computer Science, Chemistry, Materials Science, Pharmacology and Toxicology, Psychiatry\/Psychology, Biology &amp; Biochemistry, Clinical Medicine, Social Sciences (General), Agricultural Science, Economics &amp; Business and Environment\/Ecology. With the official launch of the national development strategy of the Guangdong-Hong Kong-Macao Greater Bay Area and the opening of the Hong Kong-Zhuhai-Macao Bridge, being located on the west coast of the Greater Bay Area, UM has taken advantage of unprecedented historical development opportunities. The University fully cooperates with the national technological development strategy of the Greater Bay Area and is determined to become an important node in the Guangzhou-Shenzhen-Hong Kong-Macao Science and Technology Innovation Corridor and a technological innovation hub on the west coast of the Bay Area.<\/p>\n<p style=\"text-align: justify\">UM is adopting a highly focused and refined path in scientific research. Adopting an approach of highlighting unique features, bringing existing advantages into full play, reaching new heights and strengthening collaboration, and adhering to the \u2018P.I.C.K.\u2019 strategies (Problem orientation, Interdisciplinary interaction, Collaborative innovation, and Knowledge translation), the University focuses on supporting disciplines with local characteristics that are in line with global trends. Currently, UM has formulated a \u20183+3+3+3\u2019 strategic research layout as the backbone of its research development, including three state key laboratories (Quality Research in Chinese Medicine, Analog and Mixed-Signal VLSI, and Internet of Things for Smart City), three emerging research areas (precision medicine, advanced materials and regional oceanography), three interdisciplinary research fields (cognitive and brain sciences, data science, and artificial intelligence and robotics) and three research platforms for the Humanities and Social Sciences (Institute for Advanced Studies in Humanities and Social Sciences, Centre for Macau Studies, and Asia-Pacific Academy of Economics and Management).<\/p>\n<p style=\"text-align: justify\">Looking into the future, the University will, as always, strongly support academic research and technological innovation. By improving and strengthening research policy formulation, establishing scientific research platforms, developing cutting-edge research, cultivating innovative talents, translating scientific research achievements, and guaranteeing research services, UM aims to achieve the \u201cR.I.S.E.\u201d research goals (Relevance, Impact, Significance, and Excellence) and strives to develop into an international research university with distinctive characteristics.<\/p>\n<\/div><div class=\"fusion-image-element \" style=\"--awb-caption-title-font-family:var(--h2_typography-font-family);--awb-caption-title-font-weight:var(--h2_typography-font-weight);--awb-caption-title-font-style:var(--h2_typography-font-style);--awb-caption-title-size:var(--h2_typography-font-size);--awb-caption-title-transform:var(--h2_typography-text-transform);--awb-caption-title-line-height:var(--h2_typography-line-height);--awb-caption-title-letter-spacing:var(--h2_typography-letter-spacing);\"><span class=\" fusion-imageframe imageframe-none imageframe-1 hover-type-none\"><img decoding=\"async\" width=\"1024\" height=\"610\" title=\"Guiding Principle of Research1\" src=\"https:\/\/www.um.edu.mo\/wp-content\/uploads\/2022\/03\/Guiding-Principle-of-Research1-1024x610.png\" alt class=\"img-responsive wp-image-263730\" srcset=\"https:\/\/www.um.edu.mo\/wp-content\/uploads\/2022\/03\/Guiding-Principle-of-Research1-200x119.png 200w, https:\/\/www.um.edu.mo\/wp-content\/uploads\/2022\/03\/Guiding-Principle-of-Research1-400x238.png 400w, https:\/\/www.um.edu.mo\/wp-content\/uploads\/2022\/03\/Guiding-Principle-of-Research1-600x358.png 600w, https:\/\/www.um.edu.mo\/wp-content\/uploads\/2022\/03\/Guiding-Principle-of-Research1-800x477.png 800w, https:\/\/www.um.edu.mo\/wp-content\/uploads\/2022\/03\/Guiding-Principle-of-Research1-1200x715.png 1200w\" sizes=\"(max-width: 640px) 100vw, 1024px\" \/><\/span><\/div><\/div><\/div><\/div><\/div>","protected":false},"excerpt":{"rendered":"","protected":false},"author":1,"featured_media":0,"parent":216466,"menu_order":0,"comment_status":"closed","ping_status":"closed","template":"","meta":{"_acf_changed":false,"footnotes":""},"class_list":["post-216369","page","type-page","status-publish","hentry"],"acf":[],"yoast_head":"<!-- This site is optimized with the Yoast SEO plugin v24.5 - https:\/\/yoast.com\/wordpress\/plugins\/seo\/ -->\n<title>Princ\u00edpio Orientador de Investiga\u00e7\u00e3o | Universidade de Macau<\/title>\n<meta name=\"description\" content=\"Universidade de Macau: Uma universidade abrangente p\u00fablica de n\u00edvel internacional fundada em 1981\" \/>\n<meta name=\"robots\" content=\"index, follow, max-snippet:-1, max-image-preview:large, max-video-preview:-1\" \/>\n<link rel=\"canonical\" href=\"https:\/\/www.um.edu.mo\/pt-pt\/research\/strategy\/guiding-principle\/\" \/>\n<meta property=\"og:locale\" content=\"pt_PT\" \/>\n<meta property=\"og:type\" content=\"article\" \/>\n<meta property=\"og:title\" content=\"Princ\u00edpio Orientador de Investiga\u00e7\u00e3o | Universidade de Macau\" \/>\n<meta property=\"og:description\" content=\"Universidade de Macau: Uma universidade abrangente p\u00fablica de n\u00edvel internacional fundada em 1981\" \/>\n<meta property=\"og:url\" content=\"https:\/\/www.um.edu.mo\/pt-pt\/research\/strategy\/guiding-principle\/\" \/>\n<meta property=\"og:site_name\" content=\"Universidade de Macau\" \/>\n<meta property=\"article:publisher\" content=\"https:\/\/www.facebook.com\/universityofmacau\" \/>\n<meta property=\"article:modified_time\" content=\"2023-10-09T08:57:10+00:00\" \/>\n<meta name=\"twitter:card\" content=\"summary_large_image\" \/>\n<meta name=\"twitter:site\" content=\"@UM_1981\" \/>\n<meta name=\"twitter:label1\" content=\"Tempo estimado de leitura\" \/>\n\t<meta name=\"twitter:data1\" content=\"4 minutos\" \/>\n<script type=\"application\/ld+json\" class=\"yoast-schema-graph\">{\"@context\":\"https:\/\/schema.org\",\"@graph\":[{\"@type\":\"WebPage\",\"@id\":\"https:\/\/www.um.edu.mo\/pt-pt\/research\/strategy\/guiding-principle\/\",\"url\":\"https:\/\/www.um.edu.mo\/pt-pt\/research\/strategy\/guiding-principle\/\",\"name\":\"Princ\u00edpio Orientador de Investiga\u00e7\u00e3o | Universidade de Macau\",\"isPartOf\":{\"@id\":\"https:\/\/www.um.edu.mo\/pt-pt\/#website\"},\"datePublished\":\"2020-09-20T21:07:08+00:00\",\"dateModified\":\"2023-10-09T08:57:10+00:00\",\"description\":\"Universidade de Macau: Uma universidade abrangente p\u00fablica de n\u00edvel internacional fundada em 1981\",\"breadcrumb\":{\"@id\":\"https:\/\/www.um.edu.mo\/pt-pt\/research\/strategy\/guiding-principle\/#breadcrumb\"},\"inLanguage\":\"pt-PT\",\"potentialAction\":[{\"@type\":\"ReadAction\",\"target\":[\"https:\/\/www.um.edu.mo\/pt-pt\/research\/strategy\/guiding-principle\/\"]}]},{\"@type\":\"BreadcrumbList\",\"@id\":\"https:\/\/www.um.edu.mo\/pt-pt\/research\/strategy\/guiding-principle\/#breadcrumb\",\"itemListElement\":[{\"@type\":\"ListItem\",\"position\":1,\"name\":\"P\u00e1gina inicial\",\"item\":\"https:\/\/www.um.edu.mo\/pt-pt\/\"},{\"@type\":\"ListItem\",\"position\":2,\"name\":\"Investiga\u00e7\u00e3o\",\"item\":\"https:\/\/www.um.edu.mo\/pt-pt\/research\/\"},{\"@type\":\"ListItem\",\"position\":3,\"name\":\"Estrat\u00e9gia de Investiga\u00e7\u00e3o\",\"item\":\"https:\/\/www.um.edu.mo\/pt-pt\/research\/strategy\/\"},{\"@type\":\"ListItem\",\"position\":4,\"name\":\"Princ\u00edpio Orientador de Investiga\u00e7\u00e3o\"}]},{\"@type\":\"WebSite\",\"@id\":\"https:\/\/www.um.edu.mo\/pt-pt\/#website\",\"url\":\"https:\/\/www.um.edu.mo\/pt-pt\/\",\"name\":\"Universidade de Macau\",\"description\":\"\",\"publisher\":{\"@id\":\"https:\/\/www.um.edu.mo\/pt-pt\/#organization\"},\"potentialAction\":[{\"@type\":\"SearchAction\",\"target\":{\"@type\":\"EntryPoint\",\"urlTemplate\":\"https:\/\/www.um.edu.mo\/pt-pt\/?s={search_term_string}\"},\"query-input\":{\"@type\":\"PropertyValueSpecification\",\"valueRequired\":true,\"valueName\":\"search_term_string\"}}],\"inLanguage\":\"pt-PT\"},{\"@type\":\"Organization\",\"@id\":\"https:\/\/www.um.edu.mo\/pt-pt\/#organization\",\"name\":\"University of Macau\",\"url\":\"https:\/\/www.um.edu.mo\/pt-pt\/\",\"logo\":{\"@type\":\"ImageObject\",\"inLanguage\":\"pt-PT\",\"@id\":\"https:\/\/www.um.edu.mo\/pt-pt\/#\/schema\/logo\/image\/\",\"url\":\"https:\/\/www.um.edu.mo\/wp-content\/uploads\/2020\/09\/UM-Logo_V-Black.png\",\"contentUrl\":\"https:\/\/www.um.edu.mo\/wp-content\/uploads\/2020\/09\/UM-Logo_V-Black.png\",\"width\":3508,\"height\":2785,\"caption\":\"University of Macau\"},\"image\":{\"@id\":\"https:\/\/www.um.edu.mo\/pt-pt\/#\/schema\/logo\/image\/\"},\"sameAs\":[\"https:\/\/www.facebook.com\/universityofmacau\",\"https:\/\/x.com\/UM_1981\"]}]}<\/script>\n<!-- \/ Yoast SEO plugin. -->","yoast_head_json":{"title":"Princ\u00edpio Orientador de Investiga\u00e7\u00e3o | Universidade de Macau","description":"Universidade de Macau: Uma universidade abrangente p\u00fablica de n\u00edvel internacional fundada em 1981","robots":{"index":"index","follow":"follow","max-snippet":"max-snippet:-1","max-image-preview":"max-image-preview:large","max-video-preview":"max-video-preview:-1"},"canonical":"https:\/\/www.um.edu.mo\/pt-pt\/research\/strategy\/guiding-principle\/","og_locale":"pt_PT","og_type":"article","og_title":"Princ\u00edpio Orientador de Investiga\u00e7\u00e3o | Universidade de Macau","og_description":"Universidade de Macau: Uma universidade abrangente p\u00fablica de n\u00edvel internacional fundada em 1981","og_url":"https:\/\/www.um.edu.mo\/pt-pt\/research\/strategy\/guiding-principle\/","og_site_name":"Universidade de Macau","article_publisher":"https:\/\/www.facebook.com\/universityofmacau","article_modified_time":"2023-10-09T08:57:10+00:00","twitter_card":"summary_large_image","twitter_site":"@UM_1981","twitter_misc":{"Tempo estimado de leitura":"4 minutos"},"schema":{"@context":"https:\/\/schema.org","@graph":[{"@type":"WebPage","@id":"https:\/\/www.um.edu.mo\/pt-pt\/research\/strategy\/guiding-principle\/","url":"https:\/\/www.um.edu.mo\/pt-pt\/research\/strategy\/guiding-principle\/","name":"Princ\u00edpio Orientador de Investiga\u00e7\u00e3o | Universidade de Macau","isPartOf":{"@id":"https:\/\/www.um.edu.mo\/pt-pt\/#website"},"datePublished":"2020-09-20T21:07:08+00:00","dateModified":"2023-10-09T08:57:10+00:00","description":"Universidade de Macau: Uma universidade abrangente p\u00fablica de n\u00edvel internacional fundada em 1981","breadcrumb":{"@id":"https:\/\/www.um.edu.mo\/pt-pt\/research\/strategy\/guiding-principle\/#breadcrumb"},"inLanguage":"pt-PT","potentialAction":[{"@type":"ReadAction","target":["https:\/\/www.um.edu.mo\/pt-pt\/research\/strategy\/guiding-principle\/"]}]},{"@type":"BreadcrumbList","@id":"https:\/\/www.um.edu.mo\/pt-pt\/research\/strategy\/guiding-principle\/#breadcrumb","itemListElement":[{"@type":"ListItem","position":1,"name":"P\u00e1gina inicial","item":"https:\/\/www.um.edu.mo\/pt-pt\/"},{"@type":"ListItem","position":2,"name":"Investiga\u00e7\u00e3o","item":"https:\/\/www.um.edu.mo\/pt-pt\/research\/"},{"@type":"ListItem","position":3,"name":"Estrat\u00e9gia de Investiga\u00e7\u00e3o","item":"https:\/\/www.um.edu.mo\/pt-pt\/research\/strategy\/"},{"@type":"ListItem","position":4,"name":"Princ\u00edpio Orientador de Investiga\u00e7\u00e3o"}]},{"@type":"WebSite","@id":"https:\/\/www.um.edu.mo\/pt-pt\/#website","url":"https:\/\/www.um.edu.mo\/pt-pt\/","name":"Universidade de Macau","description":"","publisher":{"@id":"https:\/\/www.um.edu.mo\/pt-pt\/#organization"},"potentialAction":[{"@type":"SearchAction","target":{"@type":"EntryPoint","urlTemplate":"https:\/\/www.um.edu.mo\/pt-pt\/?s={search_term_string}"},"query-input":{"@type":"PropertyValueSpecification","valueRequired":true,"valueName":"search_term_string"}}],"inLanguage":"pt-PT"},{"@type":"Organization","@id":"https:\/\/www.um.edu.mo\/pt-pt\/#organization","name":"University of Macau","url":"https:\/\/www.um.edu.mo\/pt-pt\/","logo":{"@type":"ImageObject","inLanguage":"pt-PT","@id":"https:\/\/www.um.edu.mo\/pt-pt\/#\/schema\/logo\/image\/","url":"https:\/\/www.um.edu.mo\/wp-content\/uploads\/2020\/09\/UM-Logo_V-Black.png","contentUrl":"https:\/\/www.um.edu.mo\/wp-content\/uploads\/2020\/09\/UM-Logo_V-Black.png","width":3508,"height":2785,"caption":"University of Macau"},"image":{"@id":"https:\/\/www.um.edu.mo\/pt-pt\/#\/schema\/logo\/image\/"},"sameAs":["https:\/\/www.facebook.com\/universityofmacau","https:\/\/x.com\/UM_1981"]}]}},"_links":{"self":[{"href":"https:\/\/www.um.edu.mo\/pt-pt\/wp-json\/wp\/v2\/pages\/216369","targetHints":{"allow":["GET"]}}],"collection":[{"href":"https:\/\/www.um.edu.mo\/pt-pt\/wp-json\/wp\/v2\/pages"}],"about":[{"href":"https:\/\/www.um.edu.mo\/pt-pt\/wp-json\/wp\/v2\/types\/page"}],"author":[{"embeddable":true,"href":"https:\/\/www.um.edu.mo\/pt-pt\/wp-json\/wp\/v2\/users\/1"}],"replies":[{"embeddable":true,"href":"https:\/\/www.um.edu.mo\/pt-pt\/wp-json\/wp\/v2\/comments?post=216369"}],"version-history":[{"count":10,"href":"https:\/\/www.um.edu.mo\/pt-pt\/wp-json\/wp\/v2\/pages\/216369\/revisions"}],"predecessor-version":[{"id":314779,"href":"https:\/\/www.um.edu.mo\/pt-pt\/wp-json\/wp\/v2\/pages\/216369\/revisions\/314779"}],"up":[{"embeddable":true,"href":"https:\/\/www.um.edu.mo\/pt-pt\/wp-json\/wp\/v2\/pages\/216466"}],"wp:attachment":[{"href":"https:\/\/www.um.edu.mo\/pt-pt\/wp-json\/wp\/v2\/media?parent=216369"}],"curies":[{"name":"wp","href":"https:\/\/api.w.org\/{rel}","templated":true}]}}