{"id":216368,"date":"2020-09-21T08:12:15","date_gmt":"2020-09-21T07:12:15","guid":{"rendered":"https:\/\/www.um.edu.mo\/campus-tour\/"},"modified":"2026-03-03T17:28:05","modified_gmt":"2026-03-03T09:28:05","slug":"campus-tour","status":"publish","type":"page","link":"https:\/\/www.um.edu.mo\/pt-pt\/visitors\/campus-tour\/","title":{"rendered":"Visita ao Campus"},"content":{"rendered":"<div class=\"fusion-fullwidth fullwidth-box fusion-builder-row-1 fusion-flex-container nonhundred-percent-fullwidth non-hundred-percent-height-scrolling\" style=\"--awb-border-radius-top-left:0px;--awb-border-radius-top-right:0px;--awb-border-radius-bottom-right:0px;--awb-border-radius-bottom-left:0px;--awb-padding-top:0px;--awb-padding-bottom:0px;--awb-margin-top:0px;--awb-margin-bottom:0px;--awb-flex-wrap:wrap;\" ><div class=\"fusion-builder-row fusion-row fusion-flex-align-items-flex-start fusion-flex-content-wrap\" style=\"max-width:1414px;margin-left: calc(-1% \/ 2 );margin-right: calc(-1% \/ 2 );\"><div class=\"fusion-layout-column fusion_builder_column fusion-builder-column-0 fusion_builder_column_1_1 1_1 fusion-flex-column\" style=\"--awb-bg-color:rgba(0,95,150,0);--awb-bg-color-hover:rgba(0,95,150,0);--awb-bg-size:cover;--awb-width-large:100%;--awb-margin-top-large:0px;--awb-spacing-right-large:0.495%;--awb-margin-bottom-large:0px;--awb-spacing-left-large:0.495%;--awb-width-medium:100%;--awb-order-medium:0;--awb-spacing-right-medium:0.495%;--awb-spacing-left-medium:0.495%;--awb-width-small:100%;--awb-order-small:0;--awb-spacing-right-small:0.495%;--awb-spacing-left-small:0.495%;\"><div class=\"fusion-column-wrapper fusion-column-has-shadow fusion-flex-justify-content-flex-start fusion-content-layout-column\"><div class=\"fusion-text fusion-text-1\"><p style=\"text-align: left;\"><span style=\"font-size: 16px; background-color: rgba(255, 255, 255, 0); font-family: var(--body_typography-font-family); font-style: var(--body_typography-font-style,normal); letter-spacing: var(--body_typography-letter-spacing);\"><span style=\"font-weight: var(--body_typography-font-weight);\">Temos cinco tipos de visitas ao campus, duas das quais s\u00e3o guiadas pelos nossos <\/span><b style=\"color: #005f96;\"><a href=\"https:\/\/www.um.edu.mo\/pt-pt\/visitors\/campus-tour\/pr-student-ambassadors\/\">Embaixadores Estudantis de RP<\/a><\/b><span style=\"font-weight: var(--body_typography-font-weight);\">. Se estiver interessado, por favor preencha <a href=\"https:\/\/isw.um.edu.mo\/campustour\/\" target=\"_blank\" rel=\"noopener\"><strong>o formul\u00e1rio de inscri\u00e7\u00e3o<\/strong><\/a>.<\/span><\/span><\/p>\n<\/div><div class=\"fusion-separator fusion-full-width-sep\" style=\"align-self: center;margin-left: auto;margin-right: auto;margin-top:5px;width:100%;\"><div class=\"fusion-separator-border sep-single\" style=\"--awb-height:20px;--awb-amount:20px;border-color:#e2e2e2;border-top-width:1px;\"><\/div><\/div><div class=\"fusion-title title fusion-title-1 fusion-sep-none fusion-title-text fusion-title-size-three\" style=\"--awb-margin-top:0px;--awb-margin-bottom:0px;--awb-margin-top-small:0px;--awb-margin-bottom-small:0px;\"><h3 class=\"fusion-title-heading title-heading-left\" style=\"margin:0;\"><h3>Visitas Guiadas ao Campus (para grupos de 10 ou mais pessoas)<\/h3><\/h3><\/div><div class=\"fusion-title title fusion-title-2 fusion-sep-none fusion-title-text fusion-title-size-three um-home__header\" style=\"--awb-text-color:#005f96;--awb-margin-top:0px;--awb-margin-bottom:10px;--awb-margin-top-small:0px;--awb-margin-bottom-small:0px;--awb-sep-color:#005f96;--awb-font-size:32px;\"><h3 class=\"fusion-title-heading title-heading-left\" style=\"margin:0;font-size:1em;\"><h5><strong>Visita ao Campus \u2013 Anivers\u00e1rio da UM<\/strong><\/h5><\/h3><\/div><div class=\"fusion-text fusion-text-2\"><p>Em celebra\u00e7\u00e3o do 45.\u00ba anivers\u00e1rio da Universidade de Macau (UM), a universidade lan\u00e7ou a \u201cVisita ao Campus \u2013 Anivers\u00e1rio da UM\u201d. Durante a visita, os participantes poder\u00e3o explorar a hist\u00f3ria da UM, vivenciar o ambiente universit\u00e1rio e tirar fotografias nas instala\u00e7\u00f5es comemorativas do 45.\u00ba anivers\u00e1rio. Os visitantes ter\u00e3o igualmente a oportunidade de receber lembran\u00e7as comemorativas de edi\u00e7\u00e3o limitada.<\/p>\n<\/div><div style=\"text-align:left;\"><a class=\"fusion-button button-flat button-large button-custom fusion-button-default button-1 fusion-button-span-no fusion-button-default-type\" style=\"--button_accent_color:#002c55;--button_border_color:#002c55;--button_accent_hover_color:#ffffff;--button_border_hover_color:#002c55;--button_border_width-top:1px;--button_border_width-right:1px;--button_border_width-bottom:1px;--button_border_width-left:1px;--button-border-radius-top-left:0px;--button-border-radius-top-right:0px;--button-border-radius-bottom-right:0px;--button-border-radius-bottom-left:0px;--button_gradient_top_color:rgba(255,255,255,0);--button_gradient_bottom_color:rgba(255,255,255,0);--button_gradient_top_color_hover:#002c55;--button_gradient_bottom_color_hover:#002c55;\" target=\"_self\" href=\"https:\/\/isw.um.edu.mo\/campustour\/\"><span class=\"fusion-button-text\">Marcar uma Visita<\/span><\/a><\/div><div class=\"fusion-separator fusion-full-width-sep\" style=\"align-self: center;margin-left: auto;margin-right: auto;width:100%;\"><div class=\"fusion-separator-border sep-single\" style=\"--awb-height:20px;--awb-amount:20px;--awb-sep-color:rgba(226,226,226,0);border-color:rgba(226,226,226,0);border-top-width:10px;\"><\/div><\/div><div style=\"text-align:left;\"><a class=\"fusion-button button-flat button-large button-custom fusion-button-default button-2 fusion-button-span-no fusion-button-default-type\" style=\"--button_accent_color:#002c55;--button_border_color:#002c55;--button_accent_hover_color:#ffffff;--button_border_hover_color:#002c55;--button_border_width-top:1px;--button_border_width-right:1px;--button_border_width-bottom:1px;--button_border_width-left:1px;--button-border-radius-top-left:0px;--button-border-radius-top-right:0px;--button-border-radius-bottom-right:0px;--button-border-radius-bottom-left:0px;--button_gradient_top_color:rgba(255,255,255,0);--button_gradient_bottom_color:rgba(255,255,255,0);--button_gradient_top_color_hover:#002c55;--button_gradient_bottom_color_hover:#002c55;\" target=\"_self\"><span class=\"fusion-button-text\">Saiba Mais<\/span><\/a><\/div><div class=\"fusion-text fusion-text-3\"><p>&nbsp;<\/p>\n<\/div><div class=\"fusion-title title fusion-title-3 fusion-sep-none fusion-title-text fusion-title-size-three\" style=\"--awb-margin-top:0px;--awb-margin-bottom:0px;--awb-margin-top-small:0px;--awb-margin-bottom-small:0px;\"><h3 class=\"fusion-title-heading title-heading-left\" style=\"margin:0;\"><h3>Visitas Guiadas ao Campus (para grupos de 10 ou mais pessoas)<\/h3><\/h3><\/div><div class=\"fusion-title title fusion-title-4 fusion-sep-none fusion-title-text fusion-title-size-three um-home__header\" style=\"--awb-text-color:#005f96;--awb-margin-top:0px;--awb-margin-bottom:10px;--awb-margin-top-small:0px;--awb-margin-bottom-small:0px;--awb-sep-color:#005f96;--awb-font-size:32px;\"><h3 class=\"fusion-title-heading title-heading-left\" style=\"margin:0;font-size:1em;\"><h5><strong>Visita ao Campus &#8216;Um Dia na UM&#8217;<\/strong><\/h5><\/h3><\/div><div class=\"fusion-text fusion-text-4\"><p>Visita ao campus &#8216;Um Dia na UM&#8217; \u00e9 destinada a residentes de Macau e pessoas de todo o mundo para experimentar a vida dos estudantes da UM por um dia. Al\u00e9m de visitar instala\u00e7\u00f5es como a Galeria da Universidade, a biblioteca e as faculdades residenciais, ter\u00e1 a oportunidade de jogar jogos interativos e receber lembran\u00e7as de edi\u00e7\u00e3o limitada. As visitas est\u00e3o dispon\u00edveis de segunda a s\u00e1bado, mediante solicita\u00e7\u00e3o, com duas sess\u00f5es por dia, cada uma com cerca de 1,5 horas de dura\u00e7\u00e3o.<\/p>\n<\/div><div style=\"text-align:left;\"><a class=\"fusion-button button-flat button-large button-custom fusion-button-default button-3 fusion-button-span-no fusion-button-default-type\" style=\"--button_accent_color:#002c55;--button_border_color:#002c55;--button_accent_hover_color:#ffffff;--button_border_hover_color:#002c55;--button_border_width-top:1px;--button_border_width-right:1px;--button_border_width-bottom:1px;--button_border_width-left:1px;--button-border-radius-top-left:0px;--button-border-radius-top-right:0px;--button-border-radius-bottom-right:0px;--button-border-radius-bottom-left:0px;--button_gradient_top_color:rgba(255,255,255,0);--button_gradient_bottom_color:rgba(255,255,255,0);--button_gradient_top_color_hover:#002c55;--button_gradient_bottom_color_hover:#002c55;\" target=\"_self\" href=\"https:\/\/isw.um.edu.mo\/campustour\/\"><span class=\"fusion-button-text\">Marcar uma Visita<\/span><\/a><\/div><div class=\"fusion-separator fusion-full-width-sep\" style=\"align-self: center;margin-left: auto;margin-right: auto;width:100%;\"><div class=\"fusion-separator-border sep-single\" style=\"--awb-height:20px;--awb-amount:20px;--awb-sep-color:rgba(226,226,226,0);border-color:rgba(226,226,226,0);border-top-width:10px;\"><\/div><\/div><div style=\"text-align:left;\"><a class=\"fusion-button button-flat button-large button-custom fusion-button-default button-4 fusion-button-span-no fusion-button-default-type\" style=\"--button_accent_color:#002c55;--button_border_color:#002c55;--button_accent_hover_color:#ffffff;--button_border_hover_color:#002c55;--button_border_width-top:1px;--button_border_width-right:1px;--button_border_width-bottom:1px;--button_border_width-left:1px;--button-border-radius-top-left:0px;--button-border-radius-top-right:0px;--button-border-radius-bottom-right:0px;--button-border-radius-bottom-left:0px;--button_gradient_top_color:rgba(255,255,255,0);--button_gradient_bottom_color:rgba(255,255,255,0);--button_gradient_top_color_hover:#002c55;--button_gradient_bottom_color_hover:#002c55;\" target=\"_self\"><span class=\"fusion-button-text\">Saiba Mais<\/span><\/a><\/div><div class=\"fusion-text fusion-text-5\"><p>&nbsp;<\/p>\n<\/div><div class=\"fusion-title title fusion-title-5 fusion-sep-none fusion-title-text fusion-title-size-three um-home__header\" style=\"--awb-text-color:#005f96;--awb-margin-top:0px;--awb-margin-bottom:10px;--awb-margin-top-small:0px;--awb-margin-bottom-small:0px;--awb-sep-color:#005f96;--awb-font-size:32px;\"><h3 class=\"fusion-title-heading title-heading-left\" style=\"margin:0;font-size:1em;\"><h5><strong>\u2018Programa de Passeios Escolares &#8211; para Estudantes de Jardins de Inf\u00e2ncia, Ensino B\u00e1sico e Secund\u00e1rio Locais&#8217;<\/strong><\/h5><\/h3><\/div><div class=\"fusion-text fusion-text-6\"><p>O &#8216;Programa de Passeios Escolares&#8217; \u00e9 destinado a estudantes de jardins de inf\u00e2ncia, escolas prim\u00e1rias e secund\u00e1rias locais. Ele oferece uma variedade de locais de atividades e instala\u00e7\u00f5es no campus para as escolas escolherem. As escolas s\u00e3o bem-vindas para organizar visitas de estudo, passeios de primavera\/outono ou outras atividades ao ar livre na UM atrav\u00e9s deste programa para seus professores e alunos.<\/p>\n<\/div><div style=\"text-align:left;\"><a class=\"fusion-button button-flat button-large button-custom fusion-button-default button-5 fusion-button-span-no fusion-button-default-type\" style=\"--button_accent_color:#002c55;--button_border_color:#002c55;--button_accent_hover_color:#ffffff;--button_border_hover_color:#002c55;--button-border-radius-top-left:0;--button-border-radius-top-right:0;--button-border-radius-bottom-right:0;--button-border-radius-bottom-left:0;--button_gradient_top_color:rgba(255,255,255,0);--button_gradient_bottom_color:rgba(255,255,255,0);--button_gradient_top_color_hover:#002c55;--button_gradient_bottom_color_hover:#002c55;\" target=\"_self\"><span class=\"fusion-button-text\">Saiba Mais<\/span><\/a><\/div><div class=\"fusion-separator fusion-full-width-sep\" style=\"align-self: center;margin-left: auto;margin-right: auto;margin-top:40px;width:100%;\"><div class=\"fusion-separator-border sep-single\" style=\"--awb-height:20px;--awb-amount:20px;border-color:#e2e2e2;border-top-width:1px;\"><\/div><\/div><div class=\"fusion-title title fusion-title-6 fusion-sep-none fusion-title-text fusion-title-size-three\" style=\"--awb-margin-top:30px;--awb-margin-bottom:0px;--awb-margin-top-small:0px;--awb-margin-bottom-small:0px;\"><h3 class=\"fusion-title-heading title-heading-left\" style=\"margin:0;\"><h3>Visitas Individuais<\/h3><\/h3><\/div><div class=\"fusion-title title fusion-title-7 fusion-sep-none fusion-title-text fusion-title-size-three um-home__header\" style=\"--awb-text-color:#005f96;--awb-margin-top:0px;--awb-margin-bottom:10px;--awb-margin-top-small:0px;--awb-margin-bottom-small:0px;--awb-sep-color:#005f96;--awb-font-size:32px;\"><h3 class=\"fusion-title-heading title-heading-left\" style=\"margin:0;font-size:1em;\"><h5><strong>Tour Autoguiado<\/strong><\/h5><\/h3><\/div><div class=\"fusion-text fusion-text-7\"><p>O nosso campus est\u00e1 aberto ao p\u00fablico. Confira a nossa rota recomendada para uma visita autoguiada ao campus.<\/p>\n<\/div><div style=\"text-align:left;\"><a class=\"fusion-button button-flat button-large button-custom fusion-button-default button-6 fusion-button-span-no fusion-button-default-type\" style=\"--button_accent_color:#002c55;--button_border_color:#002c55;--button_accent_hover_color:#ffffff;--button_border_hover_color:#002c55;--button-border-radius-top-left:0;--button-border-radius-top-right:0;--button-border-radius-bottom-right:0;--button-border-radius-bottom-left:0;--button_gradient_top_color:rgba(255,255,255,0);--button_gradient_bottom_color:rgba(255,255,255,0);--button_gradient_top_color_hover:#002c55;--button_gradient_bottom_color_hover:#002c55;\" target=\"_self\"><span class=\"fusion-button-text\">Saiba Mais<\/span><\/a><\/div><div class=\"fusion-text fusion-text-8\"><p>&nbsp;<\/p>\n<\/div><div class=\"fusion-title title fusion-title-8 fusion-sep-none fusion-title-text fusion-title-size-three um-home__header\" style=\"--awb-text-color:#005f96;--awb-margin-top:0px;--awb-margin-bottom:10px;--awb-margin-top-small:0px;--awb-margin-bottom-small:0px;--awb-sep-color:#005f96;--awb-font-size:32px;\"><h3 class=\"fusion-title-heading title-heading-left\" style=\"margin:0;font-size:1em;\"><h5><strong>Tour Virtual 360\u00b0<\/strong><\/h5><\/h3><\/div><div class=\"fusion-text fusion-text-9\"><p>Atrav\u00e9s desta plataforma online, pode visitar o campus da UM e explorar as suas instala\u00e7\u00f5es e ambientes a qualquer hora e em qualquer lugar.<\/p>\n<\/div><div style=\"text-align:left;\"><a class=\"fusion-button button-flat button-large button-custom fusion-button-default button-7 fusion-button-span-no fusion-button-default-type\" style=\"--button_accent_color:#002c55;--button_border_color:#002c55;--button_accent_hover_color:#ffffff;--button_border_hover_color:#002c55;--button-border-radius-top-left:0;--button-border-radius-top-right:0;--button-border-radius-bottom-right:0;--button-border-radius-bottom-left:0;--button_gradient_top_color:rgba(255,255,255,0);--button_gradient_bottom_color:rgba(255,255,255,0);--button_gradient_top_color_hover:#002c55;--button_gradient_bottom_color_hover:#002c55;\" target=\"_self\"><span class=\"fusion-button-text\">Saiba Mais<\/span><\/a><\/div><div class=\"fusion-text fusion-text-10\"><p>&nbsp;<\/p>\n<\/div><div class=\"fusion-title title fusion-title-9 fusion-sep-none fusion-title-text fusion-title-size-three um-home__header\" style=\"--awb-text-color:#005f96;--awb-margin-top:0px;--awb-margin-bottom:10px;--awb-margin-top-small:0px;--awb-margin-bottom-small:0px;--awb-sep-color:#005f96;--awb-font-size:32px;\"><h3 class=\"fusion-title-heading title-heading-left\" style=\"margin:0;font-size:1em;\"><h5><strong>Tour em v\u00eddeo<\/strong><\/h5><\/h3><\/div><div class=\"fusion-text fusion-text-11\"><p>Aprecie a bela paisagem do campus da UM e aprenda mais sobre a universidade atrav\u00e9s do v\u00eddeo tour oferecido pelos nossos Estudantes Embaixadores de RP!<\/p>\n<\/div><div style=\"text-align:left;\"><a class=\"fusion-button button-flat button-large button-custom fusion-button-default button-8 fusion-button-span-no fusion-button-default-type\" style=\"--button_accent_color:#002c55;--button_border_color:#002c55;--button_accent_hover_color:#ffffff;--button_border_hover_color:#002c55;--button-border-radius-top-left:0;--button-border-radius-top-right:0;--button-border-radius-bottom-right:0;--button-border-radius-bottom-left:0;--button_gradient_top_color:rgba(255,255,255,0);--button_gradient_bottom_color:rgba(255,255,255,0);--button_gradient_top_color_hover:#002c55;--button_gradient_bottom_color_hover:#002c55;\" target=\"_self\"><span class=\"fusion-button-text\">Saiba Mais<\/span><\/a><\/div><div class=\"fusion-text fusion-text-12\"><p>&nbsp;<\/p>\n<\/div><div class=\"fusion-title title fusion-title-10 fusion-sep-none fusion-title-text fusion-title-size-three um-home__header\" style=\"--awb-text-color:#005f96;--awb-margin-top:0px;--awb-margin-bottom:10px;--awb-margin-top-small:0px;--awb-margin-bottom-small:0px;--awb-sep-color:#005f96;--awb-font-size:32px;\"><h3 class=\"fusion-title-heading title-heading-left\" style=\"margin:0;font-size:1em;\"><h5><strong>UM Guias \u00c1udio<\/strong><\/h5><\/h3><\/div><div class=\"fusion-text fusion-text-13\"><p>Explorar as caracter\u00edsticas arquitet\u00f3nicas dos edif\u00edcios no campus da UM e aprofundar a sua compreens\u00e3o do modelo educacional da universidade, digitalizando os c\u00f3digos QR das guias \u00e1udio dispon\u00edveis nos expositores de revistas e em v\u00e1rios locais do campus.<\/p>\n<\/div><div style=\"text-align:left;\"><a class=\"fusion-button button-flat button-large button-custom fusion-button-default button-9 fusion-button-span-no fusion-button-default-type\" style=\"--button_accent_color:#002c55;--button_border_color:#002c55;--button_accent_hover_color:#ffffff;--button_border_hover_color:#002c55;--button_border_width-top:1px;--button_border_width-right:1px;--button_border_width-bottom:1px;--button_border_width-left:1px;--button-border-radius-top-left:0px;--button-border-radius-top-right:0px;--button-border-radius-bottom-right:0px;--button-border-radius-bottom-left:0px;--button_gradient_top_color:rgba(255,255,255,0);--button_gradient_bottom_color:rgba(255,255,255,0);--button_gradient_top_color_hover:#002c55;--button_gradient_bottom_color_hover:#002c55;\" target=\"_self\" href=\"https:\/\/www.um.edu.mo\/pt-pt\/visitors\/buildings\/\"><span class=\"fusion-button-text\">Saiba Mais<\/span><\/a><\/div><\/div><\/div><\/div><\/div>","protected":false},"excerpt":{"rendered":"","protected":false},"author":3,"featured_media":0,"parent":216372,"menu_order":1,"comment_status":"closed","ping_status":"closed","template":"","meta":{"_acf_changed":false,"footnotes":""},"class_list":["post-216368","page","type-page","status-publish","hentry"],"acf":[],"yoast_head":"<!-- This site is optimized with the Yoast SEO plugin v24.5 - https:\/\/yoast.com\/wordpress\/plugins\/seo\/ -->\n<title>Visita ao Campus | Universidade de Macau<\/title>\n<meta name=\"description\" content=\"Universidade de Macau: Uma universidade abrangente p\u00fablica de n\u00edvel internacional fundada em 1981\" \/>\n<meta name=\"robots\" content=\"index, follow, max-snippet:-1, max-image-preview:large, max-video-preview:-1\" \/>\n<link rel=\"canonical\" href=\"https:\/\/www.um.edu.mo\/pt-pt\/visitors\/campus-tour\/\" \/>\n<meta property=\"og:locale\" content=\"pt_PT\" \/>\n<meta property=\"og:type\" content=\"article\" \/>\n<meta property=\"og:title\" content=\"Visita ao Campus | Universidade de Macau\" \/>\n<meta property=\"og:description\" content=\"Universidade de Macau: Uma universidade abrangente p\u00fablica de n\u00edvel internacional fundada em 1981\" \/>\n<meta property=\"og:url\" content=\"https:\/\/www.um.edu.mo\/pt-pt\/visitors\/campus-tour\/\" \/>\n<meta property=\"og:site_name\" content=\"Universidade de Macau\" \/>\n<meta property=\"article:publisher\" content=\"https:\/\/www.facebook.com\/universityofmacau\" \/>\n<meta property=\"article:modified_time\" content=\"2026-03-03T09:28:05+00:00\" \/>\n<meta name=\"twitter:card\" content=\"summary_large_image\" \/>\n<meta name=\"twitter:site\" content=\"@UM_1981\" \/>\n<meta name=\"twitter:label1\" content=\"Tempo estimado de leitura\" \/>\n\t<meta name=\"twitter:data1\" content=\"2 minutos\" \/>\n<script type=\"application\/ld+json\" class=\"yoast-schema-graph\">{\"@context\":\"https:\/\/schema.org\",\"@graph\":[{\"@type\":\"WebPage\",\"@id\":\"https:\/\/www.um.edu.mo\/pt-pt\/visitors\/campus-tour\/\",\"url\":\"https:\/\/www.um.edu.mo\/pt-pt\/visitors\/campus-tour\/\",\"name\":\"Visita ao Campus | Universidade de Macau\",\"isPartOf\":{\"@id\":\"https:\/\/www.um.edu.mo\/pt-pt\/#website\"},\"datePublished\":\"2020-09-21T07:12:15+00:00\",\"dateModified\":\"2026-03-03T09:28:05+00:00\",\"description\":\"Universidade de Macau: Uma universidade abrangente p\u00fablica de n\u00edvel internacional fundada em 1981\",\"breadcrumb\":{\"@id\":\"https:\/\/www.um.edu.mo\/pt-pt\/visitors\/campus-tour\/#breadcrumb\"},\"inLanguage\":\"pt-PT\",\"potentialAction\":[{\"@type\":\"ReadAction\",\"target\":[\"https:\/\/www.um.edu.mo\/pt-pt\/visitors\/campus-tour\/\"]}]},{\"@type\":\"BreadcrumbList\",\"@id\":\"https:\/\/www.um.edu.mo\/pt-pt\/visitors\/campus-tour\/#breadcrumb\",\"itemListElement\":[{\"@type\":\"ListItem\",\"position\":1,\"name\":\"P\u00e1gina inicial\",\"item\":\"https:\/\/www.um.edu.mo\/pt-pt\/\"},{\"@type\":\"ListItem\",\"position\":2,\"name\":\"Visitantes\",\"item\":\"https:\/\/www.um.edu.mo\/pt-pt\/visitors\/\"},{\"@type\":\"ListItem\",\"position\":3,\"name\":\"Visita ao Campus\"}]},{\"@type\":\"WebSite\",\"@id\":\"https:\/\/www.um.edu.mo\/pt-pt\/#website\",\"url\":\"https:\/\/www.um.edu.mo\/pt-pt\/\",\"name\":\"Universidade de Macau\",\"description\":\"\",\"publisher\":{\"@id\":\"https:\/\/www.um.edu.mo\/pt-pt\/#organization\"},\"potentialAction\":[{\"@type\":\"SearchAction\",\"target\":{\"@type\":\"EntryPoint\",\"urlTemplate\":\"https:\/\/www.um.edu.mo\/pt-pt\/?s={search_term_string}\"},\"query-input\":{\"@type\":\"PropertyValueSpecification\",\"valueRequired\":true,\"valueName\":\"search_term_string\"}}],\"inLanguage\":\"pt-PT\"},{\"@type\":\"Organization\",\"@id\":\"https:\/\/www.um.edu.mo\/pt-pt\/#organization\",\"name\":\"University of Macau\",\"url\":\"https:\/\/www.um.edu.mo\/pt-pt\/\",\"logo\":{\"@type\":\"ImageObject\",\"inLanguage\":\"pt-PT\",\"@id\":\"https:\/\/www.um.edu.mo\/pt-pt\/#\/schema\/logo\/image\/\",\"url\":\"https:\/\/www.um.edu.mo\/wp-content\/uploads\/2020\/09\/UM-Logo_V-Black.png\",\"contentUrl\":\"https:\/\/www.um.edu.mo\/wp-content\/uploads\/2020\/09\/UM-Logo_V-Black.png\",\"width\":3508,\"height\":2785,\"caption\":\"University of Macau\"},\"image\":{\"@id\":\"https:\/\/www.um.edu.mo\/pt-pt\/#\/schema\/logo\/image\/\"},\"sameAs\":[\"https:\/\/www.facebook.com\/universityofmacau\",\"https:\/\/x.com\/UM_1981\"]}]}<\/script>\n<!-- \/ Yoast SEO plugin. -->","yoast_head_json":{"title":"Visita ao Campus | Universidade de Macau","description":"Universidade de Macau: Uma universidade abrangente p\u00fablica de n\u00edvel internacional fundada em 1981","robots":{"index":"index","follow":"follow","max-snippet":"max-snippet:-1","max-image-preview":"max-image-preview:large","max-video-preview":"max-video-preview:-1"},"canonical":"https:\/\/www.um.edu.mo\/pt-pt\/visitors\/campus-tour\/","og_locale":"pt_PT","og_type":"article","og_title":"Visita ao Campus | Universidade de Macau","og_description":"Universidade de Macau: Uma universidade abrangente p\u00fablica de n\u00edvel internacional fundada em 1981","og_url":"https:\/\/www.um.edu.mo\/pt-pt\/visitors\/campus-tour\/","og_site_name":"Universidade de Macau","article_publisher":"https:\/\/www.facebook.com\/universityofmacau","article_modified_time":"2026-03-03T09:28:05+00:00","twitter_card":"summary_large_image","twitter_site":"@UM_1981","twitter_misc":{"Tempo estimado de leitura":"2 minutos"},"schema":{"@context":"https:\/\/schema.org","@graph":[{"@type":"WebPage","@id":"https:\/\/www.um.edu.mo\/pt-pt\/visitors\/campus-tour\/","url":"https:\/\/www.um.edu.mo\/pt-pt\/visitors\/campus-tour\/","name":"Visita ao Campus | Universidade de Macau","isPartOf":{"@id":"https:\/\/www.um.edu.mo\/pt-pt\/#website"},"datePublished":"2020-09-21T07:12:15+00:00","dateModified":"2026-03-03T09:28:05+00:00","description":"Universidade de Macau: Uma universidade abrangente p\u00fablica de n\u00edvel internacional fundada em 1981","breadcrumb":{"@id":"https:\/\/www.um.edu.mo\/pt-pt\/visitors\/campus-tour\/#breadcrumb"},"inLanguage":"pt-PT","potentialAction":[{"@type":"ReadAction","target":["https:\/\/www.um.edu.mo\/pt-pt\/visitors\/campus-tour\/"]}]},{"@type":"BreadcrumbList","@id":"https:\/\/www.um.edu.mo\/pt-pt\/visitors\/campus-tour\/#breadcrumb","itemListElement":[{"@type":"ListItem","position":1,"name":"P\u00e1gina inicial","item":"https:\/\/www.um.edu.mo\/pt-pt\/"},{"@type":"ListItem","position":2,"name":"Visitantes","item":"https:\/\/www.um.edu.mo\/pt-pt\/visitors\/"},{"@type":"ListItem","position":3,"name":"Visita ao Campus"}]},{"@type":"WebSite","@id":"https:\/\/www.um.edu.mo\/pt-pt\/#website","url":"https:\/\/www.um.edu.mo\/pt-pt\/","name":"Universidade de Macau","description":"","publisher":{"@id":"https:\/\/www.um.edu.mo\/pt-pt\/#organization"},"potentialAction":[{"@type":"SearchAction","target":{"@type":"EntryPoint","urlTemplate":"https:\/\/www.um.edu.mo\/pt-pt\/?s={search_term_string}"},"query-input":{"@type":"PropertyValueSpecification","valueRequired":true,"valueName":"search_term_string"}}],"inLanguage":"pt-PT"},{"@type":"Organization","@id":"https:\/\/www.um.edu.mo\/pt-pt\/#organization","name":"University of Macau","url":"https:\/\/www.um.edu.mo\/pt-pt\/","logo":{"@type":"ImageObject","inLanguage":"pt-PT","@id":"https:\/\/www.um.edu.mo\/pt-pt\/#\/schema\/logo\/image\/","url":"https:\/\/www.um.edu.mo\/wp-content\/uploads\/2020\/09\/UM-Logo_V-Black.png","contentUrl":"https:\/\/www.um.edu.mo\/wp-content\/uploads\/2020\/09\/UM-Logo_V-Black.png","width":3508,"height":2785,"caption":"University of Macau"},"image":{"@id":"https:\/\/www.um.edu.mo\/pt-pt\/#\/schema\/logo\/image\/"},"sameAs":["https:\/\/www.facebook.com\/universityofmacau","https:\/\/x.com\/UM_1981"]}]}},"_links":{"self":[{"href":"https:\/\/www.um.edu.mo\/pt-pt\/wp-json\/wp\/v2\/pages\/216368","targetHints":{"allow":["GET"]}}],"collection":[{"href":"https:\/\/www.um.edu.mo\/pt-pt\/wp-json\/wp\/v2\/pages"}],"about":[{"href":"https:\/\/www.um.edu.mo\/pt-pt\/wp-json\/wp\/v2\/types\/page"}],"author":[{"embeddable":true,"href":"https:\/\/www.um.edu.mo\/pt-pt\/wp-json\/wp\/v2\/users\/3"}],"replies":[{"embeddable":true,"href":"https:\/\/www.um.edu.mo\/pt-pt\/wp-json\/wp\/v2\/comments?post=216368"}],"version-history":[{"count":11,"href":"https:\/\/www.um.edu.mo\/pt-pt\/wp-json\/wp\/v2\/pages\/216368\/revisions"}],"predecessor-version":[{"id":508018,"href":"https:\/\/www.um.edu.mo\/pt-pt\/wp-json\/wp\/v2\/pages\/216368\/revisions\/508018"}],"up":[{"embeddable":true,"href":"https:\/\/www.um.edu.mo\/pt-pt\/wp-json\/wp\/v2\/pages\/216372"}],"wp:attachment":[{"href":"https:\/\/www.um.edu.mo\/pt-pt\/wp-json\/wp\/v2\/media?parent=216368"}],"curies":[{"name":"wp","href":"https:\/\/api.w.org\/{rel}","templated":true}]}}