{"id":216357,"date":"2020-09-24T05:41:32","date_gmt":"2020-09-23T21:41:32","guid":{"rendered":"https:\/\/www.um.edu.mo\/pr-student-ambassadors\/"},"modified":"2026-05-12T16:57:57","modified_gmt":"2026-05-12T08:57:57","slug":"pr-student-ambassadors","status":"publish","type":"page","link":"https:\/\/www.um.edu.mo\/pt-pt\/visitors\/campus-tour\/pr-student-ambassadors\/","title":{"rendered":"Programa de Embaixadores Estudantes de Rela\u00e7\u00f5es P\u00fablicas"},"content":{"rendered":"<div class=\"fusion-fullwidth fullwidth-box fusion-builder-row-1 fusion-flex-container nonhundred-percent-fullwidth non-hundred-percent-height-scrolling\" style=\"--awb-border-radius-top-left:0px;--awb-border-radius-top-right:0px;--awb-border-radius-bottom-right:0px;--awb-border-radius-bottom-left:0px;--awb-padding-top:0px;--awb-padding-bottom:0px;--awb-margin-bottom:0px;--awb-flex-wrap:wrap;\" ><div class=\"fusion-builder-row fusion-row fusion-flex-align-items-flex-start fusion-flex-content-wrap\" style=\"max-width:1414px;margin-left: calc(-1% \/ 2 );margin-right: calc(-1% \/ 2 );\"><div class=\"fusion-layout-column fusion_builder_column fusion-builder-column-0 fusion_builder_column_1_1 1_1 fusion-flex-column\" style=\"--awb-bg-size:cover;--awb-width-large:100%;--awb-margin-top-large:0px;--awb-spacing-right-large:0.495%;--awb-margin-bottom-large:0px;--awb-spacing-left-large:0.495%;--awb-width-medium:100%;--awb-spacing-right-medium:0.495%;--awb-spacing-left-medium:0.495%;--awb-width-small:100%;--awb-spacing-right-small:0.495%;--awb-spacing-left-small:0.495%;\"><div class=\"fusion-column-wrapper fusion-column-has-shadow fusion-flex-justify-content-flex-start fusion-content-layout-column\"><div class=\"fusion-separator fusion-full-width-sep\" style=\"align-self: center;margin-left: auto;margin-right: auto;width:100%;\"><div class=\"fusion-separator-border sep-single sep-solid\" style=\"--awb-height:20px;--awb-amount:20px;--awb-sep-color:rgba(226,226,226,0);border-color:rgba(226,226,226,0);border-top-width:15px;\"><\/div><\/div><div class=\"fusion-slider-sc\"><div class=\"fusion-flexslider-loading flexslider fusion-alignleft flexslider-hover-type-none fusion-slider-sc-cover\" data-slideshow_autoplay=\"1\" data-slideshow_smooth_height=\"1\" data-slideshow_speed=\"7000\" style=\"max-width:600px;height:400px;\"><ul class=\"slides\"><li class=\"image\"><span class=\"fusion-image-hover-element hover-type-none\"><img decoding=\"async\" src=\"https:\/\/www.um.edu.mo\/wp-content\/uploads\/2026\/05\/530971-2-1024x682.jpg\" width=\"1024\" height=\"682\" class=\"wp-image-530977\" srcset=\"https:\/\/www.um.edu.mo\/wp-content\/uploads\/2026\/05\/530971-2-200x133.jpg 200w, https:\/\/www.um.edu.mo\/wp-content\/uploads\/2026\/05\/530971-2-400x267.jpg 400w, https:\/\/www.um.edu.mo\/wp-content\/uploads\/2026\/05\/530971-2-600x400.jpg 600w, https:\/\/www.um.edu.mo\/wp-content\/uploads\/2026\/05\/530971-2-800x533.jpg 800w, https:\/\/www.um.edu.mo\/wp-content\/uploads\/2026\/05\/530971-2-1200x800.jpg 1200w\" sizes=\"(max-width: 640px) 100vw, 1024px\" \/><\/span><\/li><li class=\"image\"><span class=\"fusion-image-hover-element hover-type-none\"><img decoding=\"async\" src=\"https:\/\/www.um.edu.mo\/wp-content\/uploads\/2026\/05\/530971-4-1024x683.jpg\" width=\"1024\" height=\"683\" class=\"wp-image-530983\" srcset=\"https:\/\/www.um.edu.mo\/wp-content\/uploads\/2026\/05\/530971-4-200x133.jpg 200w, https:\/\/www.um.edu.mo\/wp-content\/uploads\/2026\/05\/530971-4-400x267.jpg 400w, https:\/\/www.um.edu.mo\/wp-content\/uploads\/2026\/05\/530971-4-600x400.jpg 600w, https:\/\/www.um.edu.mo\/wp-content\/uploads\/2026\/05\/530971-4-800x534.jpg 800w, https:\/\/www.um.edu.mo\/wp-content\/uploads\/2026\/05\/530971-4-1200x800.jpg 1200w\" sizes=\"(max-width: 640px) 100vw, 1024px\" \/><\/span><\/li><li class=\"image\"><span class=\"fusion-image-hover-element hover-type-none\"><img decoding=\"async\" src=\"https:\/\/www.um.edu.mo\/wp-content\/uploads\/2026\/05\/530971-5-1024x635.jpg\" width=\"1024\" height=\"635\" class=\"wp-image-530986\" srcset=\"https:\/\/www.um.edu.mo\/wp-content\/uploads\/2026\/05\/530971-5-200x124.jpg 200w, https:\/\/www.um.edu.mo\/wp-content\/uploads\/2026\/05\/530971-5-400x248.jpg 400w, https:\/\/www.um.edu.mo\/wp-content\/uploads\/2026\/05\/530971-5-600x372.jpg 600w, https:\/\/www.um.edu.mo\/wp-content\/uploads\/2026\/05\/530971-5-800x496.jpg 800w, https:\/\/www.um.edu.mo\/wp-content\/uploads\/2026\/05\/530971-5-1200x744.jpg 1200w\" sizes=\"(max-width: 640px) 100vw, 1024px\" \/><\/span><\/li><\/ul><\/div><\/div><div class=\"fusion-separator fusion-full-width-sep\" style=\"align-self: center;margin-left: auto;margin-right: auto;width:100%;\"><div class=\"fusion-separator-border sep-single sep-solid\" style=\"--awb-height:20px;--awb-amount:20px;--awb-sep-color:#ffffff;border-color:#ffffff;border-top-width:10px;\"><\/div><\/div><div class=\"fusion-text fusion-text-1\"><p>O programa come\u00e7ou a recrutar e treinar a primeira turma de estudantes em mar\u00e7o de 2010 e realizou a cerim\u00f4nia de inaugura\u00e7\u00e3o no mesmo ano em novembro. O programa PRSA tem como objetivo buscar, treinar e fornecer uma plataforma diversificada para estudantes com habilidades de recep\u00e7\u00e3o de convidados, conhecimentos de hospitalidade, habilidades de coordena\u00e7\u00e3o de atividades, habilidades lingu\u00edsticas, t\u00e9cnicas de fotografia e habilidades de aplica\u00e7\u00e3o de multim\u00eddia. O PRSA ajudaria na coordena\u00e7\u00e3o de diferentes eventos de grande porte e atividades promocionais na UM com sua imagem amig\u00e1vel e habilidades profissionais como PRSA. Assim, construindo amizade e fortalecendo a autoconfian\u00e7a dos estudantes ao aumentar suas comunica\u00e7\u00f5es entre amigos e senso de pertencimento.<\/p>\n<\/div><div class=\"fusion-separator fusion-full-width-sep\" style=\"align-self: center;margin-left: auto;margin-right: auto;width:100%;\"><div class=\"fusion-separator-border sep-single sep-solid\" style=\"--awb-height:20px;--awb-amount:20px;--awb-sep-color:rgba(226,226,226,0);border-color:rgba(226,226,226,0);border-top-width:15px;\"><\/div><\/div><div class=\"fusion-builder-row fusion-builder-row-inner fusion-row fusion-flex-align-items-flex-start fusion-flex-content-wrap\" style=\"width:101% !important;max-width:101% !important;margin-left: calc(-1% \/ 2 );margin-right: calc(-1% \/ 2 );\"><div class=\"fusion-layout-column fusion_builder_column_inner fusion-builder-nested-column-0 fusion_builder_column_inner_1_3 1_3 fusion-flex-column\" style=\"--awb-bg-size:cover;--awb-width-large:33.333333333333%;--awb-margin-top-large:0px;--awb-spacing-right-large:1.485%;--awb-margin-bottom-large:10px;--awb-spacing-left-large:1.485%;--awb-width-medium:33.333333333333%;--awb-spacing-right-medium:1.485%;--awb-spacing-left-medium:1.485%;--awb-width-small:100%;--awb-spacing-right-small:0.495%;--awb-spacing-left-small:0.495%;\"><div class=\"fusion-column-wrapper fusion-column-has-shadow fusion-flex-justify-content-flex-start fusion-content-layout-column\"><div class=\"fusion-image-element \" style=\"--awb-caption-title-font-family:var(--h2_typography-font-family);--awb-caption-title-font-weight:var(--h2_typography-font-weight);--awb-caption-title-font-style:var(--h2_typography-font-style);--awb-caption-title-size:var(--h2_typography-font-size);--awb-caption-title-transform:var(--h2_typography-text-transform);--awb-caption-title-line-height:var(--h2_typography-line-height);--awb-caption-title-letter-spacing:var(--h2_typography-letter-spacing);\"><span class=\" fusion-imageframe imageframe-none imageframe-1 hover-type-none\"><img decoding=\"async\" width=\"569\" height=\"368\" title=\"postImg-PRSA-logotransparent\" src=\"https:\/\/www.um.edu.mo\/wp-content\/uploads\/2020\/09\/postImg-PRSA-logotransparent.png\" alt class=\"img-responsive wp-image-85516\" srcset=\"https:\/\/www.um.edu.mo\/wp-content\/uploads\/2020\/09\/postImg-PRSA-logotransparent-200x129.png 200w, https:\/\/www.um.edu.mo\/wp-content\/uploads\/2020\/09\/postImg-PRSA-logotransparent-400x259.png 400w, https:\/\/www.um.edu.mo\/wp-content\/uploads\/2020\/09\/postImg-PRSA-logotransparent.png 569w\" sizes=\"(max-width: 640px) 100vw, 569px\" \/><\/span><\/div><\/div><\/div><\/div><div class=\"fusion-separator fusion-full-width-sep\" style=\"align-self: center;margin-left: auto;margin-right: auto;width:100%;\"><div class=\"fusion-separator-border sep-single sep-solid\" style=\"--awb-height:20px;--awb-amount:20px;--awb-sep-color:rgba(226,226,226,0);border-color:rgba(226,226,226,0);border-top-width:15px;\"><\/div><\/div><div class=\"fusion-text fusion-text-2\"><p style=\"text-align: left;\">&#8216;SA&#8217; \u00e9 a abreviatura em ingl\u00eas de &#8216;Student Ambassadors&#8217;. O design da letra em forma humana &#8216;S&#8217; representa os estudantes que se juntaram ao programa de embaixadores estudantis de RP e com a letra em forma de estrela &#8216;A&#8217; firmemente ligada, o que significa que o PRSA \u00e9 capaz de mostrar seu talento plenamente neste programa e tornar-se um destaque e uma estrela brilhante na UM. Isso ecoa o slogan do programa &#8216;Deixe seu talento brilhar!&#8217;.<\/p>\n<\/div><div ><a class=\"fusion-button button-flat button-large button-custom fusion-button-default button-1 fusion-button-default-span fusion-button-default-type\" style=\"--button_accent_color:#002c55;--button_border_color:#002c55;--button_accent_hover_color:ffffff;--button_border_hover_color:#002c55;--button_border_width-top:1px;--button_border_width-right:1px;--button_border_width-bottom:1px;--button_border_width-left:1px;--button-border-radius-top-left:0px;--button-border-radius-top-right:0px;--button-border-radius-bottom-right:0px;--button-border-radius-bottom-left:0px;--button_gradient_top_color:#ffffff;--button_gradient_bottom_color:#ffffff;--button_gradient_top_color_hover:#002c55;--button_gradient_bottom_color_hover:#002c55;\" target=\"_self\" href=\"https:\/\/www.facebook.com\/umprsa.fans\"><i class=\"fa-facebook fab button-icon-left\" aria-hidden=\"true\"><\/i><span class=\"fusion-button-text\">Saiba Mais<\/span><\/a><\/div><\/div><\/div><\/div><\/div>","protected":false},"excerpt":{"rendered":"","protected":false},"author":3,"featured_media":0,"parent":216368,"menu_order":0,"comment_status":"closed","ping_status":"closed","template":"","meta":{"_acf_changed":false,"footnotes":""},"class_list":["post-216357","page","type-page","status-publish","hentry"],"acf":[],"yoast_head":"<!-- This site is optimized with the Yoast SEO plugin v24.5 - https:\/\/yoast.com\/wordpress\/plugins\/seo\/ -->\n<title>Programa de Embaixadores Estudantes de Rela\u00e7\u00f5es P\u00fablicas | Universidade de Macau<\/title>\n<meta name=\"description\" content=\"Universidade de Macau: Uma universidade abrangente p\u00fablica de n\u00edvel internacional fundada em 1981\" \/>\n<meta name=\"robots\" content=\"index, follow, max-snippet:-1, max-image-preview:large, max-video-preview:-1\" \/>\n<link rel=\"canonical\" href=\"https:\/\/www.um.edu.mo\/pt-pt\/visitors\/campus-tour\/pr-student-ambassadors\/\" \/>\n<meta property=\"og:locale\" content=\"pt_PT\" \/>\n<meta property=\"og:type\" content=\"article\" \/>\n<meta property=\"og:title\" content=\"Programa de Embaixadores Estudantes de Rela\u00e7\u00f5es P\u00fablicas | Universidade de Macau\" \/>\n<meta property=\"og:description\" content=\"Universidade de Macau: Uma universidade abrangente p\u00fablica de n\u00edvel internacional fundada em 1981\" \/>\n<meta property=\"og:url\" content=\"https:\/\/www.um.edu.mo\/pt-pt\/visitors\/campus-tour\/pr-student-ambassadors\/\" \/>\n<meta property=\"og:site_name\" content=\"Universidade de Macau\" \/>\n<meta property=\"article:publisher\" content=\"https:\/\/www.facebook.com\/universityofmacau\" \/>\n<meta property=\"article:modified_time\" content=\"2026-05-12T08:57:57+00:00\" \/>\n<meta name=\"twitter:card\" content=\"summary_large_image\" \/>\n<meta name=\"twitter:site\" content=\"@UM_1981\" \/>\n<meta name=\"twitter:label1\" content=\"Tempo estimado de leitura\" \/>\n\t<meta name=\"twitter:data1\" content=\"2 minutos\" \/>\n<script type=\"application\/ld+json\" class=\"yoast-schema-graph\">{\"@context\":\"https:\/\/schema.org\",\"@graph\":[{\"@type\":\"WebPage\",\"@id\":\"https:\/\/www.um.edu.mo\/pt-pt\/visitors\/campus-tour\/pr-student-ambassadors\/\",\"url\":\"https:\/\/www.um.edu.mo\/pt-pt\/visitors\/campus-tour\/pr-student-ambassadors\/\",\"name\":\"Programa de Embaixadores Estudantes de Rela\u00e7\u00f5es P\u00fablicas | Universidade de Macau\",\"isPartOf\":{\"@id\":\"https:\/\/www.um.edu.mo\/pt-pt\/#website\"},\"datePublished\":\"2020-09-23T21:41:32+00:00\",\"dateModified\":\"2026-05-12T08:57:57+00:00\",\"description\":\"Universidade de Macau: Uma universidade abrangente p\u00fablica de n\u00edvel internacional fundada em 1981\",\"breadcrumb\":{\"@id\":\"https:\/\/www.um.edu.mo\/pt-pt\/visitors\/campus-tour\/pr-student-ambassadors\/#breadcrumb\"},\"inLanguage\":\"pt-PT\",\"potentialAction\":[{\"@type\":\"ReadAction\",\"target\":[\"https:\/\/www.um.edu.mo\/pt-pt\/visitors\/campus-tour\/pr-student-ambassadors\/\"]}]},{\"@type\":\"BreadcrumbList\",\"@id\":\"https:\/\/www.um.edu.mo\/pt-pt\/visitors\/campus-tour\/pr-student-ambassadors\/#breadcrumb\",\"itemListElement\":[{\"@type\":\"ListItem\",\"position\":1,\"name\":\"P\u00e1gina inicial\",\"item\":\"https:\/\/www.um.edu.mo\/pt-pt\/\"},{\"@type\":\"ListItem\",\"position\":2,\"name\":\"Visitantes\",\"item\":\"https:\/\/www.um.edu.mo\/pt-pt\/visitors\/\"},{\"@type\":\"ListItem\",\"position\":3,\"name\":\"Visita ao Campus\",\"item\":\"https:\/\/www.um.edu.mo\/pt-pt\/visitors\/campus-tour\/\"},{\"@type\":\"ListItem\",\"position\":4,\"name\":\"Programa de Embaixadores Estudantes de Rela\u00e7\u00f5es P\u00fablicas\"}]},{\"@type\":\"WebSite\",\"@id\":\"https:\/\/www.um.edu.mo\/pt-pt\/#website\",\"url\":\"https:\/\/www.um.edu.mo\/pt-pt\/\",\"name\":\"Universidade de Macau\",\"description\":\"\",\"publisher\":{\"@id\":\"https:\/\/www.um.edu.mo\/pt-pt\/#organization\"},\"potentialAction\":[{\"@type\":\"SearchAction\",\"target\":{\"@type\":\"EntryPoint\",\"urlTemplate\":\"https:\/\/www.um.edu.mo\/pt-pt\/?s={search_term_string}\"},\"query-input\":{\"@type\":\"PropertyValueSpecification\",\"valueRequired\":true,\"valueName\":\"search_term_string\"}}],\"inLanguage\":\"pt-PT\"},{\"@type\":\"Organization\",\"@id\":\"https:\/\/www.um.edu.mo\/pt-pt\/#organization\",\"name\":\"University of Macau\",\"url\":\"https:\/\/www.um.edu.mo\/pt-pt\/\",\"logo\":{\"@type\":\"ImageObject\",\"inLanguage\":\"pt-PT\",\"@id\":\"https:\/\/www.um.edu.mo\/pt-pt\/#\/schema\/logo\/image\/\",\"url\":\"https:\/\/www.um.edu.mo\/wp-content\/uploads\/2020\/09\/UM-Logo_V-Black.png\",\"contentUrl\":\"https:\/\/www.um.edu.mo\/wp-content\/uploads\/2020\/09\/UM-Logo_V-Black.png\",\"width\":3508,\"height\":2785,\"caption\":\"University of Macau\"},\"image\":{\"@id\":\"https:\/\/www.um.edu.mo\/pt-pt\/#\/schema\/logo\/image\/\"},\"sameAs\":[\"https:\/\/www.facebook.com\/universityofmacau\",\"https:\/\/x.com\/UM_1981\"]}]}<\/script>\n<!-- \/ Yoast SEO plugin. -->","yoast_head_json":{"title":"Programa de Embaixadores Estudantes de Rela\u00e7\u00f5es P\u00fablicas | Universidade de Macau","description":"Universidade de Macau: Uma universidade abrangente p\u00fablica de n\u00edvel internacional fundada em 1981","robots":{"index":"index","follow":"follow","max-snippet":"max-snippet:-1","max-image-preview":"max-image-preview:large","max-video-preview":"max-video-preview:-1"},"canonical":"https:\/\/www.um.edu.mo\/pt-pt\/visitors\/campus-tour\/pr-student-ambassadors\/","og_locale":"pt_PT","og_type":"article","og_title":"Programa de Embaixadores Estudantes de Rela\u00e7\u00f5es P\u00fablicas | Universidade de Macau","og_description":"Universidade de Macau: Uma universidade abrangente p\u00fablica de n\u00edvel internacional fundada em 1981","og_url":"https:\/\/www.um.edu.mo\/pt-pt\/visitors\/campus-tour\/pr-student-ambassadors\/","og_site_name":"Universidade de Macau","article_publisher":"https:\/\/www.facebook.com\/universityofmacau","article_modified_time":"2026-05-12T08:57:57+00:00","twitter_card":"summary_large_image","twitter_site":"@UM_1981","twitter_misc":{"Tempo estimado de leitura":"2 minutos"},"schema":{"@context":"https:\/\/schema.org","@graph":[{"@type":"WebPage","@id":"https:\/\/www.um.edu.mo\/pt-pt\/visitors\/campus-tour\/pr-student-ambassadors\/","url":"https:\/\/www.um.edu.mo\/pt-pt\/visitors\/campus-tour\/pr-student-ambassadors\/","name":"Programa de Embaixadores Estudantes de Rela\u00e7\u00f5es P\u00fablicas | Universidade de Macau","isPartOf":{"@id":"https:\/\/www.um.edu.mo\/pt-pt\/#website"},"datePublished":"2020-09-23T21:41:32+00:00","dateModified":"2026-05-12T08:57:57+00:00","description":"Universidade de Macau: Uma universidade abrangente p\u00fablica de n\u00edvel internacional fundada em 1981","breadcrumb":{"@id":"https:\/\/www.um.edu.mo\/pt-pt\/visitors\/campus-tour\/pr-student-ambassadors\/#breadcrumb"},"inLanguage":"pt-PT","potentialAction":[{"@type":"ReadAction","target":["https:\/\/www.um.edu.mo\/pt-pt\/visitors\/campus-tour\/pr-student-ambassadors\/"]}]},{"@type":"BreadcrumbList","@id":"https:\/\/www.um.edu.mo\/pt-pt\/visitors\/campus-tour\/pr-student-ambassadors\/#breadcrumb","itemListElement":[{"@type":"ListItem","position":1,"name":"P\u00e1gina inicial","item":"https:\/\/www.um.edu.mo\/pt-pt\/"},{"@type":"ListItem","position":2,"name":"Visitantes","item":"https:\/\/www.um.edu.mo\/pt-pt\/visitors\/"},{"@type":"ListItem","position":3,"name":"Visita ao Campus","item":"https:\/\/www.um.edu.mo\/pt-pt\/visitors\/campus-tour\/"},{"@type":"ListItem","position":4,"name":"Programa de Embaixadores Estudantes de Rela\u00e7\u00f5es P\u00fablicas"}]},{"@type":"WebSite","@id":"https:\/\/www.um.edu.mo\/pt-pt\/#website","url":"https:\/\/www.um.edu.mo\/pt-pt\/","name":"Universidade de Macau","description":"","publisher":{"@id":"https:\/\/www.um.edu.mo\/pt-pt\/#organization"},"potentialAction":[{"@type":"SearchAction","target":{"@type":"EntryPoint","urlTemplate":"https:\/\/www.um.edu.mo\/pt-pt\/?s={search_term_string}"},"query-input":{"@type":"PropertyValueSpecification","valueRequired":true,"valueName":"search_term_string"}}],"inLanguage":"pt-PT"},{"@type":"Organization","@id":"https:\/\/www.um.edu.mo\/pt-pt\/#organization","name":"University of Macau","url":"https:\/\/www.um.edu.mo\/pt-pt\/","logo":{"@type":"ImageObject","inLanguage":"pt-PT","@id":"https:\/\/www.um.edu.mo\/pt-pt\/#\/schema\/logo\/image\/","url":"https:\/\/www.um.edu.mo\/wp-content\/uploads\/2020\/09\/UM-Logo_V-Black.png","contentUrl":"https:\/\/www.um.edu.mo\/wp-content\/uploads\/2020\/09\/UM-Logo_V-Black.png","width":3508,"height":2785,"caption":"University of Macau"},"image":{"@id":"https:\/\/www.um.edu.mo\/pt-pt\/#\/schema\/logo\/image\/"},"sameAs":["https:\/\/www.facebook.com\/universityofmacau","https:\/\/x.com\/UM_1981"]}]}},"_links":{"self":[{"href":"https:\/\/www.um.edu.mo\/pt-pt\/wp-json\/wp\/v2\/pages\/216357","targetHints":{"allow":["GET"]}}],"collection":[{"href":"https:\/\/www.um.edu.mo\/pt-pt\/wp-json\/wp\/v2\/pages"}],"about":[{"href":"https:\/\/www.um.edu.mo\/pt-pt\/wp-json\/wp\/v2\/types\/page"}],"author":[{"embeddable":true,"href":"https:\/\/www.um.edu.mo\/pt-pt\/wp-json\/wp\/v2\/users\/3"}],"replies":[{"embeddable":true,"href":"https:\/\/www.um.edu.mo\/pt-pt\/wp-json\/wp\/v2\/comments?post=216357"}],"version-history":[{"count":10,"href":"https:\/\/www.um.edu.mo\/pt-pt\/wp-json\/wp\/v2\/pages\/216357\/revisions"}],"predecessor-version":[{"id":533278,"href":"https:\/\/www.um.edu.mo\/pt-pt\/wp-json\/wp\/v2\/pages\/216357\/revisions\/533278"}],"up":[{"embeddable":true,"href":"https:\/\/www.um.edu.mo\/pt-pt\/wp-json\/wp\/v2\/pages\/216368"}],"wp:attachment":[{"href":"https:\/\/www.um.edu.mo\/pt-pt\/wp-json\/wp\/v2\/media?parent=216357"}],"curies":[{"name":"wp","href":"https:\/\/api.w.org\/{rel}","templated":true}]}}