{"id":216350,"date":"2020-09-29T04:01:27","date_gmt":"2020-09-29T03:01:27","guid":{"rendered":"https:\/\/www.um.edu.mo\/funding-scholarships\/"},"modified":"2024-01-06T21:28:37","modified_gmt":"2024-01-06T13:28:37","slug":"funding-scholarships","status":"publish","type":"page","link":"https:\/\/www.um.edu.mo\/pt-pt\/study\/funding-scholarships\/","title":{"rendered":"Bolsas e Apoios Financeiros"},"content":{"rendered":"<div class=\"fusion-fullwidth fullwidth-box fusion-builder-row-1 fusion-flex-container nonhundred-percent-fullwidth non-hundred-percent-height-scrolling\" style=\"--awb-border-radius-top-left:0px;--awb-border-radius-top-right:0px;--awb-border-radius-bottom-right:0px;--awb-border-radius-bottom-left:0px;--awb-flex-wrap:wrap;\" ><div class=\"fusion-builder-row fusion-row fusion-flex-align-items-flex-start fusion-flex-content-wrap\" style=\"max-width:calc( 1400px + 0px );margin-left: calc(-0px \/ 2 );margin-right: calc(-0px \/ 2 );\"><div class=\"fusion-layout-column fusion_builder_column fusion-builder-column-0 fusion_builder_column_1_1 1_1 fusion-flex-column\" style=\"--awb-bg-size:cover;--awb-width-large:100%;--awb-margin-top-large:0px;--awb-spacing-right-large:0px;--awb-margin-bottom-large:10px;--awb-spacing-left-large:0px;--awb-width-medium:100%;--awb-spacing-right-medium:0px;--awb-spacing-left-medium:0px;--awb-width-small:100%;--awb-spacing-right-small:0px;--awb-spacing-left-small:0px;\"><div class=\"fusion-column-wrapper fusion-column-has-shadow fusion-flex-justify-content-flex-start fusion-content-layout-column\"><div class=\"fusion-text fusion-text-1\"><table class=\"table table-striped\">\n<tbody>\n<tr>\n<td width=\"35%\"><b>Tipo de estudantes<\/b><\/td>\n<td width=\"55%\">Item<\/td>\n<\/tr>\n<tr>\n<td rowspan=\"5\"><strong>Novos alunos dos cursos de Licenciatura<\/strong><\/td>\n<td><span style=\"color: #005f96;\"><a style=\"color: #005f96;\" href=\"\">Bolsas de estudo para estudantes recrutados via \u201cAdmiss\u00e3o atrav\u00e9s da recomenda\u00e7\u00e3o do director da respectiva escola secund\u00e1ria\u201d<\/a><\/span><\/td>\n<\/tr>\n<tr>\n<td><a href=\"\"><span style=\"color: #005f96;\">Bolsas de estudo para novos estudantes do interior da China<\/span><\/a><\/td>\n<\/tr>\n<tr>\n<td><a href=\"\"><span style=\"color: #005f96;\">Bolsa de Estudo L\u00f3tus para o Exame de Admiss\u00e3o da Universidade de Macau<\/span><\/a><\/td>\n<\/tr>\n<tr>\n<td><a href=\"\"><span style=\"color: #005f96;\">Programa do Pr\u00e9mio de Atleta de Excel\u00eancia<\/span><\/a><\/td>\n<\/tr>\n<tr>\n<td><a href=\"\"><span style=\"color: #005f96;\">Outras bolsas de estudo de admiss\u00e3o<\/span><\/a><\/td>\n<\/tr>\n<tr>\n<td><strong>Novos estudantes dos cursos de licenciatura e de mestrado<\/strong><\/td>\n<td><a href=\"\"><span style=\"color: #005f96;\">Bolsa de Estudante Internacional<\/span><\/a><\/td>\n<\/tr>\n<tr>\n<td rowspan=\"5\"><strong>Estudantes de licenciatura e de p\u00f3s-gradua\u00e7\u00e3o matriculados<\/strong><\/td>\n<td><a href=\"\"><span style=\"color: #005f96;\">Pr\u00e9mios Acad\u00e9micos<\/span><\/a><\/td>\n<\/tr>\n<tr>\n<td><a href=\"\"><span style=\"color: #005f96;\">Bolsa de Desenvolvimento Hol\u00edstico dos Estudantes<\/span><\/a><\/td>\n<\/tr>\n<tr>\n<td><a href=\"\"><span style=\"color: #005f96;\">Bolsa de Estudo para Interc\u00e2mbio Internacional<\/span><\/a><\/td>\n<\/tr>\n<tr>\n<td><a href=\"\"><span style=\"color: #005f96;\">Pr\u00e9mio de Alunos-Atletas de Excel\u00eancia da UM<\/span><\/a><\/td>\n<\/tr>\n<tr>\n<td><a href=\"\"><span style=\"color: #005f96;\">Bolsas de estudo<\/span><\/a><\/td>\n<\/tr>\n<tr>\n<td><strong>Estudantes de licenciatura matriculados<\/strong><\/td>\n<td><a href=\"\"><span style=\"color: #005f96;\">Mais de 30 modalidades de bolsas de estudo<\/span><\/a><\/td>\n<\/tr>\n<tr>\n<td><strong>Estudantes de p\u00f3s-gradua\u00e7\u00e3o matriculados<\/strong><\/td>\n<td><a href=\"\"><span style=\"color: #005f96;\">Cerca de dez modalidades de bolsas de estudo<\/span><\/a><\/td>\n<\/tr>\n<tr>\n<td><strong>Estudantes dos cursos de mestrado<\/strong><\/td>\n<td><a href=\"\"><span style=\"color: #005f96;\">Bolsa de Estudo de Mestrado<\/span><\/a><\/td>\n<\/tr>\n<tr>\n<td rowspan=\"2\"><strong>Estudantes dos cursos de doutoramento<\/strong><\/td>\n<td><a href=\"\"><span style=\"color: #005f96;\">Bolsa de Doutoramento em Macau da UM<\/span><\/a><\/td>\n<\/tr>\n<tr>\n<td><a href=\"\"><span style=\"color: #005f96;\">Bolsa de Estudo para Estudantes de Doutoramento da UM<\/span><\/a><\/td>\n<\/tr>\n<\/tbody>\n<\/table>\n<\/div><\/div><\/div><\/div><\/div>","protected":false},"excerpt":{"rendered":"","protected":false},"author":3,"featured_media":0,"parent":216456,"menu_order":5,"comment_status":"closed","ping_status":"closed","template":"","meta":{"_acf_changed":false,"footnotes":""},"class_list":["post-216350","page","type-page","status-publish","hentry"],"acf":[],"yoast_head":"<!-- This site is optimized with the Yoast SEO plugin v24.5 - https:\/\/yoast.com\/wordpress\/plugins\/seo\/ -->\n<title>Bolsas e Apoios Financeiros | Universidade de Macau<\/title>\n<meta name=\"description\" content=\"Universidade de Macau: Uma universidade abrangente p\u00fablica de n\u00edvel internacional fundada em 1981\" \/>\n<meta name=\"robots\" content=\"index, follow, max-snippet:-1, max-image-preview:large, max-video-preview:-1\" \/>\n<link rel=\"canonical\" href=\"https:\/\/www.um.edu.mo\/pt-pt\/study\/funding-scholarships\/\" \/>\n<meta property=\"og:locale\" content=\"pt_PT\" \/>\n<meta property=\"og:type\" content=\"article\" \/>\n<meta property=\"og:title\" content=\"Bolsas e Apoios Financeiros | Universidade de Macau\" \/>\n<meta property=\"og:description\" content=\"Universidade de Macau: Uma universidade abrangente p\u00fablica de n\u00edvel internacional fundada em 1981\" \/>\n<meta property=\"og:url\" content=\"https:\/\/www.um.edu.mo\/pt-pt\/study\/funding-scholarships\/\" \/>\n<meta property=\"og:site_name\" content=\"Universidade de Macau\" \/>\n<meta property=\"article:publisher\" content=\"https:\/\/www.facebook.com\/universityofmacau\" \/>\n<meta property=\"article:modified_time\" content=\"2024-01-06T13:28:37+00:00\" \/>\n<meta name=\"twitter:card\" content=\"summary_large_image\" \/>\n<meta name=\"twitter:site\" content=\"@UM_1981\" \/>\n<meta name=\"twitter:label1\" content=\"Tempo estimado de leitura\" \/>\n\t<meta name=\"twitter:data1\" content=\"2 minutos\" \/>\n<script type=\"application\/ld+json\" class=\"yoast-schema-graph\">{\"@context\":\"https:\/\/schema.org\",\"@graph\":[{\"@type\":\"WebPage\",\"@id\":\"https:\/\/www.um.edu.mo\/pt-pt\/study\/funding-scholarships\/\",\"url\":\"https:\/\/www.um.edu.mo\/pt-pt\/study\/funding-scholarships\/\",\"name\":\"Bolsas e Apoios Financeiros | Universidade de Macau\",\"isPartOf\":{\"@id\":\"https:\/\/www.um.edu.mo\/pt-pt\/#website\"},\"datePublished\":\"2020-09-29T03:01:27+00:00\",\"dateModified\":\"2024-01-06T13:28:37+00:00\",\"description\":\"Universidade de Macau: Uma universidade abrangente p\u00fablica de n\u00edvel internacional fundada em 1981\",\"breadcrumb\":{\"@id\":\"https:\/\/www.um.edu.mo\/pt-pt\/study\/funding-scholarships\/#breadcrumb\"},\"inLanguage\":\"pt-PT\",\"potentialAction\":[{\"@type\":\"ReadAction\",\"target\":[\"https:\/\/www.um.edu.mo\/pt-pt\/study\/funding-scholarships\/\"]}]},{\"@type\":\"BreadcrumbList\",\"@id\":\"https:\/\/www.um.edu.mo\/pt-pt\/study\/funding-scholarships\/#breadcrumb\",\"itemListElement\":[{\"@type\":\"ListItem\",\"position\":1,\"name\":\"P\u00e1gina inicial\",\"item\":\"https:\/\/www.um.edu.mo\/pt-pt\/\"},{\"@type\":\"ListItem\",\"position\":2,\"name\":\"Estudar na UM\",\"item\":\"https:\/\/www.um.edu.mo\/pt-pt\/study\/\"},{\"@type\":\"ListItem\",\"position\":3,\"name\":\"Bolsas e Apoios Financeiros\"}]},{\"@type\":\"WebSite\",\"@id\":\"https:\/\/www.um.edu.mo\/pt-pt\/#website\",\"url\":\"https:\/\/www.um.edu.mo\/pt-pt\/\",\"name\":\"Universidade de Macau\",\"description\":\"\",\"publisher\":{\"@id\":\"https:\/\/www.um.edu.mo\/pt-pt\/#organization\"},\"potentialAction\":[{\"@type\":\"SearchAction\",\"target\":{\"@type\":\"EntryPoint\",\"urlTemplate\":\"https:\/\/www.um.edu.mo\/pt-pt\/?s={search_term_string}\"},\"query-input\":{\"@type\":\"PropertyValueSpecification\",\"valueRequired\":true,\"valueName\":\"search_term_string\"}}],\"inLanguage\":\"pt-PT\"},{\"@type\":\"Organization\",\"@id\":\"https:\/\/www.um.edu.mo\/pt-pt\/#organization\",\"name\":\"University of Macau\",\"url\":\"https:\/\/www.um.edu.mo\/pt-pt\/\",\"logo\":{\"@type\":\"ImageObject\",\"inLanguage\":\"pt-PT\",\"@id\":\"https:\/\/www.um.edu.mo\/pt-pt\/#\/schema\/logo\/image\/\",\"url\":\"https:\/\/www.um.edu.mo\/wp-content\/uploads\/2020\/09\/UM-Logo_V-Black.png\",\"contentUrl\":\"https:\/\/www.um.edu.mo\/wp-content\/uploads\/2020\/09\/UM-Logo_V-Black.png\",\"width\":3508,\"height\":2785,\"caption\":\"University of Macau\"},\"image\":{\"@id\":\"https:\/\/www.um.edu.mo\/pt-pt\/#\/schema\/logo\/image\/\"},\"sameAs\":[\"https:\/\/www.facebook.com\/universityofmacau\",\"https:\/\/x.com\/UM_1981\"]}]}<\/script>\n<!-- \/ Yoast SEO plugin. -->","yoast_head_json":{"title":"Bolsas e Apoios Financeiros | Universidade de Macau","description":"Universidade de Macau: Uma universidade abrangente p\u00fablica de n\u00edvel internacional fundada em 1981","robots":{"index":"index","follow":"follow","max-snippet":"max-snippet:-1","max-image-preview":"max-image-preview:large","max-video-preview":"max-video-preview:-1"},"canonical":"https:\/\/www.um.edu.mo\/pt-pt\/study\/funding-scholarships\/","og_locale":"pt_PT","og_type":"article","og_title":"Bolsas e Apoios Financeiros | Universidade de Macau","og_description":"Universidade de Macau: Uma universidade abrangente p\u00fablica de n\u00edvel internacional fundada em 1981","og_url":"https:\/\/www.um.edu.mo\/pt-pt\/study\/funding-scholarships\/","og_site_name":"Universidade de Macau","article_publisher":"https:\/\/www.facebook.com\/universityofmacau","article_modified_time":"2024-01-06T13:28:37+00:00","twitter_card":"summary_large_image","twitter_site":"@UM_1981","twitter_misc":{"Tempo estimado de leitura":"2 minutos"},"schema":{"@context":"https:\/\/schema.org","@graph":[{"@type":"WebPage","@id":"https:\/\/www.um.edu.mo\/pt-pt\/study\/funding-scholarships\/","url":"https:\/\/www.um.edu.mo\/pt-pt\/study\/funding-scholarships\/","name":"Bolsas e Apoios Financeiros | Universidade de Macau","isPartOf":{"@id":"https:\/\/www.um.edu.mo\/pt-pt\/#website"},"datePublished":"2020-09-29T03:01:27+00:00","dateModified":"2024-01-06T13:28:37+00:00","description":"Universidade de Macau: Uma universidade abrangente p\u00fablica de n\u00edvel internacional fundada em 1981","breadcrumb":{"@id":"https:\/\/www.um.edu.mo\/pt-pt\/study\/funding-scholarships\/#breadcrumb"},"inLanguage":"pt-PT","potentialAction":[{"@type":"ReadAction","target":["https:\/\/www.um.edu.mo\/pt-pt\/study\/funding-scholarships\/"]}]},{"@type":"BreadcrumbList","@id":"https:\/\/www.um.edu.mo\/pt-pt\/study\/funding-scholarships\/#breadcrumb","itemListElement":[{"@type":"ListItem","position":1,"name":"P\u00e1gina inicial","item":"https:\/\/www.um.edu.mo\/pt-pt\/"},{"@type":"ListItem","position":2,"name":"Estudar na UM","item":"https:\/\/www.um.edu.mo\/pt-pt\/study\/"},{"@type":"ListItem","position":3,"name":"Bolsas e Apoios Financeiros"}]},{"@type":"WebSite","@id":"https:\/\/www.um.edu.mo\/pt-pt\/#website","url":"https:\/\/www.um.edu.mo\/pt-pt\/","name":"Universidade de Macau","description":"","publisher":{"@id":"https:\/\/www.um.edu.mo\/pt-pt\/#organization"},"potentialAction":[{"@type":"SearchAction","target":{"@type":"EntryPoint","urlTemplate":"https:\/\/www.um.edu.mo\/pt-pt\/?s={search_term_string}"},"query-input":{"@type":"PropertyValueSpecification","valueRequired":true,"valueName":"search_term_string"}}],"inLanguage":"pt-PT"},{"@type":"Organization","@id":"https:\/\/www.um.edu.mo\/pt-pt\/#organization","name":"University of Macau","url":"https:\/\/www.um.edu.mo\/pt-pt\/","logo":{"@type":"ImageObject","inLanguage":"pt-PT","@id":"https:\/\/www.um.edu.mo\/pt-pt\/#\/schema\/logo\/image\/","url":"https:\/\/www.um.edu.mo\/wp-content\/uploads\/2020\/09\/UM-Logo_V-Black.png","contentUrl":"https:\/\/www.um.edu.mo\/wp-content\/uploads\/2020\/09\/UM-Logo_V-Black.png","width":3508,"height":2785,"caption":"University of Macau"},"image":{"@id":"https:\/\/www.um.edu.mo\/pt-pt\/#\/schema\/logo\/image\/"},"sameAs":["https:\/\/www.facebook.com\/universityofmacau","https:\/\/x.com\/UM_1981"]}]}},"_links":{"self":[{"href":"https:\/\/www.um.edu.mo\/pt-pt\/wp-json\/wp\/v2\/pages\/216350","targetHints":{"allow":["GET"]}}],"collection":[{"href":"https:\/\/www.um.edu.mo\/pt-pt\/wp-json\/wp\/v2\/pages"}],"about":[{"href":"https:\/\/www.um.edu.mo\/pt-pt\/wp-json\/wp\/v2\/types\/page"}],"author":[{"embeddable":true,"href":"https:\/\/www.um.edu.mo\/pt-pt\/wp-json\/wp\/v2\/users\/3"}],"replies":[{"embeddable":true,"href":"https:\/\/www.um.edu.mo\/pt-pt\/wp-json\/wp\/v2\/comments?post=216350"}],"version-history":[{"count":7,"href":"https:\/\/www.um.edu.mo\/pt-pt\/wp-json\/wp\/v2\/pages\/216350\/revisions"}],"predecessor-version":[{"id":327460,"href":"https:\/\/www.um.edu.mo\/pt-pt\/wp-json\/wp\/v2\/pages\/216350\/revisions\/327460"}],"up":[{"embeddable":true,"href":"https:\/\/www.um.edu.mo\/pt-pt\/wp-json\/wp\/v2\/pages\/216456"}],"wp:attachment":[{"href":"https:\/\/www.um.edu.mo\/pt-pt\/wp-json\/wp\/v2\/media?parent=216350"}],"curies":[{"name":"wp","href":"https:\/\/api.w.org\/{rel}","templated":true}]}}