{"id":216326,"date":"2020-10-05T16:59:28","date_gmt":"2020-10-05T15:59:28","guid":{"rendered":"https:\/\/www.um.edu.mo\/research\/talent-development\/primary-secondary-science-technology\/"},"modified":"2021-01-07T18:17:50","modified_gmt":"2021-01-07T10:17:50","slug":"primary-secondary-science-technology","status":"publish","type":"page","link":"https:\/\/www.um.edu.mo\/pt-pt\/research\/talent-development\/primary-secondary-science-technology\/","title":{"rendered":"Base para o Ensino STEM Prim\u00e1rio e Secund\u00e1rio"},"content":{"rendered":"<div class=\"fusion-fullwidth fullwidth-box fusion-builder-row-1 fusion-flex-container nonhundred-percent-fullwidth non-hundred-percent-height-scrolling\" style=\"--awb-border-radius-top-left:0px;--awb-border-radius-top-right:0px;--awb-border-radius-bottom-right:0px;--awb-border-radius-bottom-left:0px;--awb-flex-wrap:wrap;\" ><div class=\"fusion-builder-row fusion-row fusion-flex-align-items-flex-start fusion-flex-content-wrap\" style=\"max-width:1414px;margin-left: calc(-1% \/ 2 );margin-right: calc(-1% \/ 2 );\"><div class=\"fusion-layout-column fusion_builder_column fusion-builder-column-0 fusion_builder_column_1_1 1_1 fusion-flex-column\" style=\"--awb-bg-size:cover;--awb-width-large:100%;--awb-margin-top-large:0px;--awb-spacing-right-large:0.495%;--awb-margin-bottom-large:10px;--awb-spacing-left-large:0.495%;--awb-width-medium:100%;--awb-spacing-right-medium:0.495%;--awb-spacing-left-medium:0.495%;--awb-width-small:100%;--awb-spacing-right-small:0.495%;--awb-spacing-left-small:0.495%;\"><div class=\"fusion-column-wrapper fusion-column-has-shadow fusion-flex-justify-content-flex-start fusion-content-layout-column\"><div class=\"fusion-title title fusion-title-1 fusion-sep-none fusion-title-text fusion-title-size-three\" style=\"--awb-margin-top:30px;--awb-margin-bottom:0px;--awb-margin-top-small:0px;--awb-margin-bottom-small:0px;\"><h3 class=\"fusion-title-heading title-heading-left\" style=\"margin:0;\">Centre for Science &amp; Engineering Promotion<\/h3><\/div><div class=\"fusion-text fusion-text-1\"><p style=\"text-align: left;\">With tendency of STEM education, the demand for laboratory facilities is highly required by local high schools, thus, the laboratory equipment owned by University of Macau is able to be utilized for improving STEM teaching for secondary schools. In 2015, Macau Science and Technology Development Fund and University of Macau have signed the Memorandum of Science Cooperation, which included the establishment of the Centre for Science and Engineering Promotion, it aims to optimize the usage of research resources and STEM related equipment in University of Macau for the sake of enhancing teenagers\u2019 scientific level and; facilitate the sharing scheme of STEM resources with local schools as well as make good use of the equipment of universities and; strengthen local students\u2019 scientific literacy and awareness of popular science.<\/p>\n<\/div><div ><a class=\"fusion-button button-flat fusion-button-default-size button-custom fusion-button-default button-1 fusion-button-default-span fusion-button-default-type\" style=\"--button_accent_color:#002c55;--button_border_color:#002c55;--button_accent_hover_color:#ffffff;--button_border_hover_color:#002c55;--button_border_width-top:1px;--button_border_width-right:1px;--button_border_width-bottom:1px;--button_border_width-left:1px;--button-border-radius-top-left:0;--button-border-radius-top-right:0;--button-border-radius-bottom-right:0;--button-border-radius-bottom-left:0;--button_gradient_top_color:#ffffff;--button_gradient_bottom_color:#ffffff;--button_gradient_top_color_hover:#002c55;--button_gradient_bottom_color_hover:#002c55;\" target=\"_blank\" rel=\"noopener noreferrer\" href=\"https:\/\/umstem.um.edu.mo\/\"><span class=\"fusion-button-text\">Learn More<\/span><\/a><\/div><div class=\"fusion-title title fusion-title-2 fusion-sep-none fusion-title-text fusion-title-size-three\" style=\"--awb-margin-top:30px;--awb-margin-bottom:0px;--awb-margin-top-small:0px;--awb-margin-bottom-small:0px;\"><h3 class=\"fusion-title-heading title-heading-left\" style=\"margin:0;\">Macao Base for Primary &amp; Secondary STEM Education<\/h3><\/div><div class=\"fusion-text fusion-text-2\"><p style=\"text-align: left;\">Macao Base for Primary &amp; Secondary STEM Education of University of Macau was established in June 2018 to promote and strengthen science popularization and STEM education in collaboration with Macau Science and Technology Development Fund, Macau Education and Youth Affairs Bureau, Chinese Educators\u2019 Association of Macau, Macau Catholic Schools Association, Macao Science Center and Macau Communications Museum. It consists of resources of Faculty of Science and Technology, Institute of Chinese Medical Sciences, Faculty of Health Sciences, Institute of Applied Physics and Materials Engineering and Faculty of Education over and above the relevant STEM supporting facilities in order to provide All-In-One STEM trainings and competitions.<\/p>\n<\/div><div ><a class=\"fusion-button button-flat fusion-button-default-size button-custom fusion-button-default button-2 fusion-button-default-span fusion-button-default-type\" style=\"--button_accent_color:#002c55;--button_border_color:#002c55;--button_accent_hover_color:#ffffff;--button_border_hover_color:#002c55;--button_border_width-top:1px;--button_border_width-right:1px;--button_border_width-bottom:1px;--button_border_width-left:1px;--button-border-radius-top-left:0;--button-border-radius-top-right:0;--button-border-radius-bottom-right:0;--button-border-radius-bottom-left:0;--button_gradient_top_color:#ffffff;--button_gradient_bottom_color:#ffffff;--button_gradient_top_color_hover:#002c55;--button_gradient_bottom_color_hover:#002c55;\" target=\"_blank\" rel=\"noopener noreferrer\" href=\"https:\/\/umstem.um.edu.mo\/about-us\/introduction\/\"><span class=\"fusion-button-text\">Learn More<\/span><\/a><\/div><\/div><\/div><\/div><\/div>","protected":false},"excerpt":{"rendered":"","protected":false},"author":1,"featured_media":0,"parent":216316,"menu_order":0,"comment_status":"closed","ping_status":"closed","template":"","meta":{"_acf_changed":false,"footnotes":""},"class_list":["post-216326","page","type-page","status-publish","hentry"],"acf":[],"yoast_head":"<!-- This site is optimized with the Yoast SEO plugin v24.5 - https:\/\/yoast.com\/wordpress\/plugins\/seo\/ -->\n<title>Base para o Ensino STEM Prim\u00e1rio e Secund\u00e1rio | Universidade de Macau<\/title>\n<meta name=\"description\" content=\"Universidade de Macau: Uma universidade abrangente p\u00fablica de n\u00edvel internacional fundada em 1981\" \/>\n<meta name=\"robots\" content=\"index, follow, max-snippet:-1, max-image-preview:large, max-video-preview:-1\" \/>\n<link rel=\"canonical\" href=\"https:\/\/www.um.edu.mo\/pt-pt\/research\/talent-development\/primary-secondary-science-technology\/\" \/>\n<meta property=\"og:locale\" content=\"pt_PT\" \/>\n<meta property=\"og:type\" content=\"article\" \/>\n<meta property=\"og:title\" content=\"Base para o Ensino STEM Prim\u00e1rio e Secund\u00e1rio | Universidade de Macau\" \/>\n<meta property=\"og:description\" content=\"Universidade de Macau: Uma universidade abrangente p\u00fablica de n\u00edvel internacional fundada em 1981\" \/>\n<meta property=\"og:url\" content=\"https:\/\/www.um.edu.mo\/pt-pt\/research\/talent-development\/primary-secondary-science-technology\/\" \/>\n<meta property=\"og:site_name\" content=\"Universidade de Macau\" \/>\n<meta property=\"article:publisher\" content=\"https:\/\/www.facebook.com\/universityofmacau\" \/>\n<meta property=\"article:modified_time\" content=\"2021-01-07T10:17:50+00:00\" \/>\n<meta name=\"twitter:card\" content=\"summary_large_image\" \/>\n<meta name=\"twitter:site\" content=\"@UM_1981\" \/>\n<meta name=\"twitter:label1\" content=\"Tempo estimado de leitura\" \/>\n\t<meta name=\"twitter:data1\" content=\"6 minutos\" \/>\n<script type=\"application\/ld+json\" class=\"yoast-schema-graph\">{\"@context\":\"https:\/\/schema.org\",\"@graph\":[{\"@type\":\"WebPage\",\"@id\":\"https:\/\/www.um.edu.mo\/pt-pt\/research\/talent-development\/primary-secondary-science-technology\/\",\"url\":\"https:\/\/www.um.edu.mo\/pt-pt\/research\/talent-development\/primary-secondary-science-technology\/\",\"name\":\"Base para o Ensino STEM Prim\u00e1rio e Secund\u00e1rio | Universidade de Macau\",\"isPartOf\":{\"@id\":\"https:\/\/www.um.edu.mo\/pt-pt\/#website\"},\"datePublished\":\"2020-10-05T15:59:28+00:00\",\"dateModified\":\"2021-01-07T10:17:50+00:00\",\"description\":\"Universidade de Macau: Uma universidade abrangente p\u00fablica de n\u00edvel internacional fundada em 1981\",\"breadcrumb\":{\"@id\":\"https:\/\/www.um.edu.mo\/pt-pt\/research\/talent-development\/primary-secondary-science-technology\/#breadcrumb\"},\"inLanguage\":\"pt-PT\",\"potentialAction\":[{\"@type\":\"ReadAction\",\"target\":[\"https:\/\/www.um.edu.mo\/pt-pt\/research\/talent-development\/primary-secondary-science-technology\/\"]}]},{\"@type\":\"BreadcrumbList\",\"@id\":\"https:\/\/www.um.edu.mo\/pt-pt\/research\/talent-development\/primary-secondary-science-technology\/#breadcrumb\",\"itemListElement\":[{\"@type\":\"ListItem\",\"position\":1,\"name\":\"P\u00e1gina inicial\",\"item\":\"https:\/\/www.um.edu.mo\/pt-pt\/\"},{\"@type\":\"ListItem\",\"position\":2,\"name\":\"Investiga\u00e7\u00e3o\",\"item\":\"https:\/\/www.um.edu.mo\/pt-pt\/research\/\"},{\"@type\":\"ListItem\",\"position\":3,\"name\":\"Desenvolvimento de Quadros Qualificados\",\"item\":\"https:\/\/www.um.edu.mo\/pt-pt\/research\/talent-development\/\"},{\"@type\":\"ListItem\",\"position\":4,\"name\":\"Base para o Ensino STEM Prim\u00e1rio e Secund\u00e1rio\"}]},{\"@type\":\"WebSite\",\"@id\":\"https:\/\/www.um.edu.mo\/pt-pt\/#website\",\"url\":\"https:\/\/www.um.edu.mo\/pt-pt\/\",\"name\":\"Universidade de Macau\",\"description\":\"\",\"publisher\":{\"@id\":\"https:\/\/www.um.edu.mo\/pt-pt\/#organization\"},\"potentialAction\":[{\"@type\":\"SearchAction\",\"target\":{\"@type\":\"EntryPoint\",\"urlTemplate\":\"https:\/\/www.um.edu.mo\/pt-pt\/?s={search_term_string}\"},\"query-input\":{\"@type\":\"PropertyValueSpecification\",\"valueRequired\":true,\"valueName\":\"search_term_string\"}}],\"inLanguage\":\"pt-PT\"},{\"@type\":\"Organization\",\"@id\":\"https:\/\/www.um.edu.mo\/pt-pt\/#organization\",\"name\":\"University of Macau\",\"url\":\"https:\/\/www.um.edu.mo\/pt-pt\/\",\"logo\":{\"@type\":\"ImageObject\",\"inLanguage\":\"pt-PT\",\"@id\":\"https:\/\/www.um.edu.mo\/pt-pt\/#\/schema\/logo\/image\/\",\"url\":\"https:\/\/www.um.edu.mo\/wp-content\/uploads\/2020\/09\/UM-Logo_V-Black.png\",\"contentUrl\":\"https:\/\/www.um.edu.mo\/wp-content\/uploads\/2020\/09\/UM-Logo_V-Black.png\",\"width\":3508,\"height\":2785,\"caption\":\"University of Macau\"},\"image\":{\"@id\":\"https:\/\/www.um.edu.mo\/pt-pt\/#\/schema\/logo\/image\/\"},\"sameAs\":[\"https:\/\/www.facebook.com\/universityofmacau\",\"https:\/\/x.com\/UM_1981\"]}]}<\/script>\n<!-- \/ Yoast SEO plugin. -->","yoast_head_json":{"title":"Base para o Ensino STEM Prim\u00e1rio e Secund\u00e1rio | Universidade de Macau","description":"Universidade de Macau: Uma universidade abrangente p\u00fablica de n\u00edvel internacional fundada em 1981","robots":{"index":"index","follow":"follow","max-snippet":"max-snippet:-1","max-image-preview":"max-image-preview:large","max-video-preview":"max-video-preview:-1"},"canonical":"https:\/\/www.um.edu.mo\/pt-pt\/research\/talent-development\/primary-secondary-science-technology\/","og_locale":"pt_PT","og_type":"article","og_title":"Base para o Ensino STEM Prim\u00e1rio e Secund\u00e1rio | Universidade de Macau","og_description":"Universidade de Macau: Uma universidade abrangente p\u00fablica de n\u00edvel internacional fundada em 1981","og_url":"https:\/\/www.um.edu.mo\/pt-pt\/research\/talent-development\/primary-secondary-science-technology\/","og_site_name":"Universidade de Macau","article_publisher":"https:\/\/www.facebook.com\/universityofmacau","article_modified_time":"2021-01-07T10:17:50+00:00","twitter_card":"summary_large_image","twitter_site":"@UM_1981","twitter_misc":{"Tempo estimado de leitura":"6 minutos"},"schema":{"@context":"https:\/\/schema.org","@graph":[{"@type":"WebPage","@id":"https:\/\/www.um.edu.mo\/pt-pt\/research\/talent-development\/primary-secondary-science-technology\/","url":"https:\/\/www.um.edu.mo\/pt-pt\/research\/talent-development\/primary-secondary-science-technology\/","name":"Base para o Ensino STEM Prim\u00e1rio e Secund\u00e1rio | Universidade de Macau","isPartOf":{"@id":"https:\/\/www.um.edu.mo\/pt-pt\/#website"},"datePublished":"2020-10-05T15:59:28+00:00","dateModified":"2021-01-07T10:17:50+00:00","description":"Universidade de Macau: Uma universidade abrangente p\u00fablica de n\u00edvel internacional fundada em 1981","breadcrumb":{"@id":"https:\/\/www.um.edu.mo\/pt-pt\/research\/talent-development\/primary-secondary-science-technology\/#breadcrumb"},"inLanguage":"pt-PT","potentialAction":[{"@type":"ReadAction","target":["https:\/\/www.um.edu.mo\/pt-pt\/research\/talent-development\/primary-secondary-science-technology\/"]}]},{"@type":"BreadcrumbList","@id":"https:\/\/www.um.edu.mo\/pt-pt\/research\/talent-development\/primary-secondary-science-technology\/#breadcrumb","itemListElement":[{"@type":"ListItem","position":1,"name":"P\u00e1gina inicial","item":"https:\/\/www.um.edu.mo\/pt-pt\/"},{"@type":"ListItem","position":2,"name":"Investiga\u00e7\u00e3o","item":"https:\/\/www.um.edu.mo\/pt-pt\/research\/"},{"@type":"ListItem","position":3,"name":"Desenvolvimento de Quadros Qualificados","item":"https:\/\/www.um.edu.mo\/pt-pt\/research\/talent-development\/"},{"@type":"ListItem","position":4,"name":"Base para o Ensino STEM Prim\u00e1rio e Secund\u00e1rio"}]},{"@type":"WebSite","@id":"https:\/\/www.um.edu.mo\/pt-pt\/#website","url":"https:\/\/www.um.edu.mo\/pt-pt\/","name":"Universidade de Macau","description":"","publisher":{"@id":"https:\/\/www.um.edu.mo\/pt-pt\/#organization"},"potentialAction":[{"@type":"SearchAction","target":{"@type":"EntryPoint","urlTemplate":"https:\/\/www.um.edu.mo\/pt-pt\/?s={search_term_string}"},"query-input":{"@type":"PropertyValueSpecification","valueRequired":true,"valueName":"search_term_string"}}],"inLanguage":"pt-PT"},{"@type":"Organization","@id":"https:\/\/www.um.edu.mo\/pt-pt\/#organization","name":"University of Macau","url":"https:\/\/www.um.edu.mo\/pt-pt\/","logo":{"@type":"ImageObject","inLanguage":"pt-PT","@id":"https:\/\/www.um.edu.mo\/pt-pt\/#\/schema\/logo\/image\/","url":"https:\/\/www.um.edu.mo\/wp-content\/uploads\/2020\/09\/UM-Logo_V-Black.png","contentUrl":"https:\/\/www.um.edu.mo\/wp-content\/uploads\/2020\/09\/UM-Logo_V-Black.png","width":3508,"height":2785,"caption":"University of Macau"},"image":{"@id":"https:\/\/www.um.edu.mo\/pt-pt\/#\/schema\/logo\/image\/"},"sameAs":["https:\/\/www.facebook.com\/universityofmacau","https:\/\/x.com\/UM_1981"]}]}},"_links":{"self":[{"href":"https:\/\/www.um.edu.mo\/pt-pt\/wp-json\/wp\/v2\/pages\/216326","targetHints":{"allow":["GET"]}}],"collection":[{"href":"https:\/\/www.um.edu.mo\/pt-pt\/wp-json\/wp\/v2\/pages"}],"about":[{"href":"https:\/\/www.um.edu.mo\/pt-pt\/wp-json\/wp\/v2\/types\/page"}],"author":[{"embeddable":true,"href":"https:\/\/www.um.edu.mo\/pt-pt\/wp-json\/wp\/v2\/users\/1"}],"replies":[{"embeddable":true,"href":"https:\/\/www.um.edu.mo\/pt-pt\/wp-json\/wp\/v2\/comments?post=216326"}],"version-history":[{"count":3,"href":"https:\/\/www.um.edu.mo\/pt-pt\/wp-json\/wp\/v2\/pages\/216326\/revisions"}],"predecessor-version":[{"id":220091,"href":"https:\/\/www.um.edu.mo\/pt-pt\/wp-json\/wp\/v2\/pages\/216326\/revisions\/220091"}],"up":[{"embeddable":true,"href":"https:\/\/www.um.edu.mo\/pt-pt\/wp-json\/wp\/v2\/pages\/216316"}],"wp:attachment":[{"href":"https:\/\/www.um.edu.mo\/pt-pt\/wp-json\/wp\/v2\/media?parent=216326"}],"curies":[{"name":"wp","href":"https:\/\/api.w.org\/{rel}","templated":true}]}}