{"id":216317,"date":"2020-10-07T07:36:55","date_gmt":"2020-10-07T06:36:55","guid":{"rendered":"https:\/\/www.um.edu.mo\/research\/affiliated-entities-units\/"},"modified":"2026-03-23T17:31:37","modified_gmt":"2026-03-23T09:31:37","slug":"affiliated-entities-units","status":"publish","type":"page","link":"https:\/\/www.um.edu.mo\/pt-pt\/research\/affiliated-entities-units\/","title":{"rendered":"Entidades e Unidades Afiliadas"},"content":{"rendered":"<div class=\"fusion-fullwidth fullwidth-box fusion-builder-row-1 fusion-flex-container nonhundred-percent-fullwidth non-hundred-percent-height-scrolling\" style=\"--awb-border-radius-top-left:0px;--awb-border-radius-top-right:0px;--awb-border-radius-bottom-right:0px;--awb-border-radius-bottom-left:0px;--awb-flex-wrap:wrap;\" ><div class=\"fusion-builder-row fusion-row fusion-flex-align-items-flex-start fusion-flex-content-wrap\" style=\"max-width:1414px;margin-left: calc(-1% \/ 2 );margin-right: calc(-1% \/ 2 );\"><div class=\"fusion-layout-column fusion_builder_column fusion-builder-column-0 fusion_builder_column_1_1 1_1 fusion-flex-column\" style=\"--awb-bg-size:cover;--awb-width-large:100%;--awb-margin-top-large:0px;--awb-spacing-right-large:0.495%;--awb-margin-bottom-large:10px;--awb-spacing-left-large:0.495%;--awb-width-medium:100%;--awb-spacing-right-medium:0.495%;--awb-spacing-left-medium:0.495%;--awb-width-small:100%;--awb-spacing-right-small:0.495%;--awb-spacing-left-small:0.495%;\"><div class=\"fusion-column-wrapper fusion-column-has-shadow fusion-flex-justify-content-flex-start fusion-content-layout-column\"><div class=\"fusion-content-boxes content-boxes columns row fusion-columns-1 fusion-columns-total-6 fusion-content-boxes-1 content-boxes-clean-horizontal content-left content-boxes-icon-on-side um-page__list\" style=\"--awb-iconcolor:#002c55;--awb-margin-top:0px;--awb-hover-accent-color:#005f96;--awb-circle-hover-accent-color:transparent;--awb-item-margin-bottom:40px;\" data-animationOffset=\"top-into-view\"><div style=\"--awb-backgroundcolor:rgba(255,255,255,0);--awb-iconcolor:#002c55;--awb-content-padding-left:38px;border-color:rgba(255,255,255,0);\" class=\"fusion-column content-box-column content-box-column content-box-column-1 col-lg-12 col-md-12 col-sm-12 fusion-content-box-hover content-box-column-last-in-row\"><div class=\"col content-box-wrapper content-wrapper link-area-box link-type-text content-icon-wrapper-yes icon-hover-animation-fade\" data-link=\"https:\/\/ghumhed.cn\/\" data-link-target=\"_blank\" data-animationOffset=\"top-into-view\"><div class=\"heading heading-with-icon icon-left\"><a class=\"heading-link\" href=\"https:\/\/ghumhed.cn\/\" target=\"_blank\" rel=\"noopener noreferrer\"><div class=\"icon\"><span ><i style=\"background-color:transparent;border-color:transparent;height:auto;width: 18px;line-height:normal;font-size:18px;\" aria-hidden=\"true\" class=\"fontawesome-icon fa-angle-right fal circle-no\"><\/i><\/span><\/div><h5 class=\"content-box-heading\" style=\"--h5_typography-font-size:18px;line-height:23px;padding-left:38px;\">Companhia para o Desenvolvimento do Ensino Superior da UM em Hengqin Guangdong, Lda.<\/h5><\/a><\/div><\/div><\/div><div style=\"--awb-backgroundcolor:rgba(255,255,255,0);--awb-iconcolor:#002c55;--awb-content-padding-left:38px;border-color:rgba(255,255,255,0);\" class=\"fusion-column content-box-column content-box-column content-box-column-2 col-lg-12 col-md-12 col-sm-12 fusion-content-box-hover content-box-column-last-in-row\"><div class=\"col content-box-wrapper content-wrapper link-area-box link-type-text content-icon-wrapper-yes icon-hover-animation-fade\" data-link=\"https:\/\/umcert.um.edu.mo\/\" data-link-target=\"_blank\" data-animationOffset=\"top-into-view\"><div class=\"heading heading-with-icon icon-left\"><a class=\"heading-link\" href=\"https:\/\/umcert.um.edu.mo\/\" target=\"_blank\" rel=\"noopener noreferrer\"><div class=\"icon\"><span ><i style=\"background-color:transparent;border-color:transparent;height:auto;width: 18px;line-height:normal;font-size:18px;\" aria-hidden=\"true\" class=\"fontawesome-icon fa-angle-right fal circle-no\"><\/i><\/span><\/div><h5 class=\"content-box-heading\" style=\"--h5_typography-font-size:18px;line-height:23px;padding-left:38px;\">UMCERT Investiga\u00e7\u00e3o e Ensaios em Engenharia Limitada<\/h5><\/a><\/div><\/div><\/div><div style=\"--awb-backgroundcolor:rgba(255,255,255,0);--awb-iconcolor:#002c55;--awb-content-padding-left:38px;border-color:rgba(255,255,255,0);\" class=\"fusion-column content-box-column content-box-column content-box-column-3 col-lg-12 col-md-12 col-sm-12 fusion-content-box-hover content-box-column-last-in-row\"><div class=\"col content-box-wrapper content-wrapper link-area-box link-type-text content-icon-wrapper-yes icon-hover-animation-fade\" data-link=\"https:\/\/umtec.um.edu.mo\/en\/\" data-link-target=\"_blank\" data-animationOffset=\"top-into-view\"><div class=\"heading heading-with-icon icon-left\"><a class=\"heading-link\" href=\"https:\/\/umtec.um.edu.mo\/en\/\" target=\"_blank\" rel=\"noopener noreferrer\"><div class=\"icon\"><span ><i style=\"background-color:transparent;border-color:transparent;height:auto;width: 18px;line-height:normal;font-size:18px;\" aria-hidden=\"true\" class=\"fontawesome-icon fa-angle-right fal circle-no\"><\/i><\/span><\/div><h5 class=\"content-box-heading\" style=\"--h5_typography-font-size:18px;line-height:23px;padding-left:38px;\">UMTEC Limitada<\/h5><\/a><\/div><\/div><\/div><div style=\"--awb-backgroundcolor:rgba(255,255,255,0);--awb-iconcolor:#002c55;--awb-content-padding-left:38px;border-color:rgba(255,255,255,0);\" class=\"fusion-column content-box-column content-box-column content-box-column-4 col-lg-12 col-md-12 col-sm-12 fusion-content-box-hover content-box-column-last-in-row\"><div class=\"col content-box-wrapper content-wrapper link-area-box content-icon-wrapper-yes icon-hover-animation-fade\" data-animationOffset=\"top-into-view\"><div class=\"heading heading-with-icon icon-left\"><div class=\"icon\"><span ><i style=\"background-color:transparent;border-color:transparent;height:auto;width: 18px;line-height:normal;font-size:18px;\" aria-hidden=\"true\" class=\"fontawesome-icon fa-angle-right fal circle-no\"><\/i><\/span><\/div><h5 class=\"content-box-heading\" style=\"--h5_typography-font-size:18px;line-height:23px;padding-left:38px;\">Instituto de Investiga\u00e7\u00e3o Avan\u00e7ada da Universidade de Macau em Hengqin<\/h5><\/div><\/div><\/div><div style=\"--awb-backgroundcolor:rgba(255,255,255,0);--awb-iconcolor:#002c55;--awb-content-padding-left:38px;border-color:rgba(255,255,255,0);\" class=\"fusion-column content-box-column content-box-column content-box-column-5 col-lg-12 col-md-12 col-sm-12 fusion-content-box-hover content-box-column-last-in-row\"><div class=\"col content-box-wrapper content-wrapper link-area-box content-icon-wrapper-yes icon-hover-animation-fade\" data-animationOffset=\"top-into-view\"><div class=\"heading heading-with-icon icon-left\"><div class=\"icon\"><span ><i style=\"background-color:transparent;border-color:transparent;height:auto;width: 18px;line-height:normal;font-size:18px;\" aria-hidden=\"true\" class=\"fontawesome-icon fa-angle-right fal circle-no\"><\/i><\/span><\/div><h5 class=\"content-box-heading\" style=\"--h5_typography-font-size:18px;line-height:23px;padding-left:38px;\">Instituto de Investiga\u00e7\u00e3o para o Desenvolvimento da Ci\u00eancia e Educa\u00e7\u00e3o da Universidade de Macau na Zona de Coopera\u00e7\u00e3o Aprofundada entre Guangdong e Macau em Hengqin<\/h5><\/div><\/div><\/div><div style=\"--awb-backgroundcolor:rgba(255,255,255,0);--awb-iconcolor:#002c55;--awb-content-padding-left:38px;border-color:rgba(255,255,255,0);\" class=\"fusion-column content-box-column content-box-column content-box-column-6 col-lg-12 col-md-12 col-sm-12 fusion-content-box-hover content-box-column-last content-box-column-last-in-row\"><div class=\"col content-box-wrapper content-wrapper link-area-box link-type-text content-icon-wrapper-yes icon-hover-animation-fade\" data-link=\"http:\/\/www.zumri.cn\/\" data-link-target=\"_blank\" data-animationOffset=\"top-into-view\"><div class=\"heading heading-with-icon icon-left\"><a class=\"heading-link\" href=\"http:\/\/www.zumri.cn\/\" target=\"_blank\" rel=\"noopener noreferrer\"><div class=\"icon\"><span ><i style=\"background-color:transparent;border-color:transparent;height:auto;width: 18px;line-height:normal;font-size:18px;\" aria-hidden=\"true\" class=\"fontawesome-icon fa-angle-right fal circle-no\"><\/i><\/span><\/div><h5 class=\"content-box-heading\" style=\"--h5_typography-font-size:18px;line-height:23px;padding-left:38px;\">Instituto de Investiga\u00e7\u00e3o em Ci\u00eancia e Tecnologia da UM em Zhuhai<\/h5><\/a><\/div><\/div><\/div><div class=\"fusion-clearfix\"><\/div><\/div><\/div><\/div><\/div><\/div>","protected":false},"excerpt":{"rendered":"","protected":false},"author":3,"featured_media":0,"parent":216269,"menu_order":10,"comment_status":"closed","ping_status":"closed","template":"","meta":{"_acf_changed":false,"footnotes":""},"class_list":["post-216317","page","type-page","status-publish","hentry"],"acf":[],"yoast_head":"<!-- This site is optimized with the Yoast SEO plugin v24.5 - https:\/\/yoast.com\/wordpress\/plugins\/seo\/ -->\n<title>Entidades e Unidades Afiliadas | Universidade de Macau<\/title>\n<meta name=\"description\" content=\"Universidade de Macau: Uma universidade abrangente p\u00fablica de n\u00edvel internacional fundada em 1981\" \/>\n<meta name=\"robots\" content=\"index, follow, max-snippet:-1, max-image-preview:large, max-video-preview:-1\" \/>\n<link rel=\"canonical\" href=\"https:\/\/www.um.edu.mo\/pt-pt\/research\/affiliated-entities-units\/\" \/>\n<meta property=\"og:locale\" content=\"pt_PT\" \/>\n<meta property=\"og:type\" content=\"article\" \/>\n<meta property=\"og:title\" content=\"Entidades e Unidades Afiliadas | Universidade de Macau\" \/>\n<meta property=\"og:description\" content=\"Universidade de Macau: Uma universidade abrangente p\u00fablica de n\u00edvel internacional fundada em 1981\" \/>\n<meta property=\"og:url\" content=\"https:\/\/www.um.edu.mo\/pt-pt\/research\/affiliated-entities-units\/\" \/>\n<meta property=\"og:site_name\" content=\"Universidade de Macau\" \/>\n<meta property=\"article:publisher\" content=\"https:\/\/www.facebook.com\/universityofmacau\" \/>\n<meta property=\"article:modified_time\" content=\"2026-03-23T09:31:37+00:00\" \/>\n<meta name=\"twitter:card\" content=\"summary_large_image\" \/>\n<meta name=\"twitter:site\" content=\"@UM_1981\" \/>\n<meta name=\"twitter:label1\" content=\"Tempo estimado de leitura\" \/>\n\t<meta name=\"twitter:data1\" content=\"1 minuto\" \/>\n<script type=\"application\/ld+json\" class=\"yoast-schema-graph\">{\"@context\":\"https:\/\/schema.org\",\"@graph\":[{\"@type\":\"WebPage\",\"@id\":\"https:\/\/www.um.edu.mo\/pt-pt\/research\/affiliated-entities-units\/\",\"url\":\"https:\/\/www.um.edu.mo\/pt-pt\/research\/affiliated-entities-units\/\",\"name\":\"Entidades e Unidades Afiliadas | Universidade de Macau\",\"isPartOf\":{\"@id\":\"https:\/\/www.um.edu.mo\/pt-pt\/#website\"},\"datePublished\":\"2020-10-07T06:36:55+00:00\",\"dateModified\":\"2026-03-23T09:31:37+00:00\",\"description\":\"Universidade de Macau: Uma universidade abrangente p\u00fablica de n\u00edvel internacional fundada em 1981\",\"breadcrumb\":{\"@id\":\"https:\/\/www.um.edu.mo\/pt-pt\/research\/affiliated-entities-units\/#breadcrumb\"},\"inLanguage\":\"pt-PT\",\"potentialAction\":[{\"@type\":\"ReadAction\",\"target\":[\"https:\/\/www.um.edu.mo\/pt-pt\/research\/affiliated-entities-units\/\"]}]},{\"@type\":\"BreadcrumbList\",\"@id\":\"https:\/\/www.um.edu.mo\/pt-pt\/research\/affiliated-entities-units\/#breadcrumb\",\"itemListElement\":[{\"@type\":\"ListItem\",\"position\":1,\"name\":\"P\u00e1gina inicial\",\"item\":\"https:\/\/www.um.edu.mo\/pt-pt\/\"},{\"@type\":\"ListItem\",\"position\":2,\"name\":\"Investiga\u00e7\u00e3o\",\"item\":\"https:\/\/www.um.edu.mo\/pt-pt\/research\/\"},{\"@type\":\"ListItem\",\"position\":3,\"name\":\"Entidades e Unidades Afiliadas\"}]},{\"@type\":\"WebSite\",\"@id\":\"https:\/\/www.um.edu.mo\/pt-pt\/#website\",\"url\":\"https:\/\/www.um.edu.mo\/pt-pt\/\",\"name\":\"Universidade de Macau\",\"description\":\"\",\"publisher\":{\"@id\":\"https:\/\/www.um.edu.mo\/pt-pt\/#organization\"},\"potentialAction\":[{\"@type\":\"SearchAction\",\"target\":{\"@type\":\"EntryPoint\",\"urlTemplate\":\"https:\/\/www.um.edu.mo\/pt-pt\/?s={search_term_string}\"},\"query-input\":{\"@type\":\"PropertyValueSpecification\",\"valueRequired\":true,\"valueName\":\"search_term_string\"}}],\"inLanguage\":\"pt-PT\"},{\"@type\":\"Organization\",\"@id\":\"https:\/\/www.um.edu.mo\/pt-pt\/#organization\",\"name\":\"University of Macau\",\"url\":\"https:\/\/www.um.edu.mo\/pt-pt\/\",\"logo\":{\"@type\":\"ImageObject\",\"inLanguage\":\"pt-PT\",\"@id\":\"https:\/\/www.um.edu.mo\/pt-pt\/#\/schema\/logo\/image\/\",\"url\":\"https:\/\/www.um.edu.mo\/wp-content\/uploads\/2020\/09\/UM-Logo_V-Black.png\",\"contentUrl\":\"https:\/\/www.um.edu.mo\/wp-content\/uploads\/2020\/09\/UM-Logo_V-Black.png\",\"width\":3508,\"height\":2785,\"caption\":\"University of Macau\"},\"image\":{\"@id\":\"https:\/\/www.um.edu.mo\/pt-pt\/#\/schema\/logo\/image\/\"},\"sameAs\":[\"https:\/\/www.facebook.com\/universityofmacau\",\"https:\/\/x.com\/UM_1981\"]}]}<\/script>\n<!-- \/ Yoast SEO plugin. -->","yoast_head_json":{"title":"Entidades e Unidades Afiliadas | Universidade de Macau","description":"Universidade de Macau: Uma universidade abrangente p\u00fablica de n\u00edvel internacional fundada em 1981","robots":{"index":"index","follow":"follow","max-snippet":"max-snippet:-1","max-image-preview":"max-image-preview:large","max-video-preview":"max-video-preview:-1"},"canonical":"https:\/\/www.um.edu.mo\/pt-pt\/research\/affiliated-entities-units\/","og_locale":"pt_PT","og_type":"article","og_title":"Entidades e Unidades Afiliadas | Universidade de Macau","og_description":"Universidade de Macau: Uma universidade abrangente p\u00fablica de n\u00edvel internacional fundada em 1981","og_url":"https:\/\/www.um.edu.mo\/pt-pt\/research\/affiliated-entities-units\/","og_site_name":"Universidade de Macau","article_publisher":"https:\/\/www.facebook.com\/universityofmacau","article_modified_time":"2026-03-23T09:31:37+00:00","twitter_card":"summary_large_image","twitter_site":"@UM_1981","twitter_misc":{"Tempo estimado de leitura":"1 minuto"},"schema":{"@context":"https:\/\/schema.org","@graph":[{"@type":"WebPage","@id":"https:\/\/www.um.edu.mo\/pt-pt\/research\/affiliated-entities-units\/","url":"https:\/\/www.um.edu.mo\/pt-pt\/research\/affiliated-entities-units\/","name":"Entidades e Unidades Afiliadas | Universidade de Macau","isPartOf":{"@id":"https:\/\/www.um.edu.mo\/pt-pt\/#website"},"datePublished":"2020-10-07T06:36:55+00:00","dateModified":"2026-03-23T09:31:37+00:00","description":"Universidade de Macau: Uma universidade abrangente p\u00fablica de n\u00edvel internacional fundada em 1981","breadcrumb":{"@id":"https:\/\/www.um.edu.mo\/pt-pt\/research\/affiliated-entities-units\/#breadcrumb"},"inLanguage":"pt-PT","potentialAction":[{"@type":"ReadAction","target":["https:\/\/www.um.edu.mo\/pt-pt\/research\/affiliated-entities-units\/"]}]},{"@type":"BreadcrumbList","@id":"https:\/\/www.um.edu.mo\/pt-pt\/research\/affiliated-entities-units\/#breadcrumb","itemListElement":[{"@type":"ListItem","position":1,"name":"P\u00e1gina inicial","item":"https:\/\/www.um.edu.mo\/pt-pt\/"},{"@type":"ListItem","position":2,"name":"Investiga\u00e7\u00e3o","item":"https:\/\/www.um.edu.mo\/pt-pt\/research\/"},{"@type":"ListItem","position":3,"name":"Entidades e Unidades Afiliadas"}]},{"@type":"WebSite","@id":"https:\/\/www.um.edu.mo\/pt-pt\/#website","url":"https:\/\/www.um.edu.mo\/pt-pt\/","name":"Universidade de Macau","description":"","publisher":{"@id":"https:\/\/www.um.edu.mo\/pt-pt\/#organization"},"potentialAction":[{"@type":"SearchAction","target":{"@type":"EntryPoint","urlTemplate":"https:\/\/www.um.edu.mo\/pt-pt\/?s={search_term_string}"},"query-input":{"@type":"PropertyValueSpecification","valueRequired":true,"valueName":"search_term_string"}}],"inLanguage":"pt-PT"},{"@type":"Organization","@id":"https:\/\/www.um.edu.mo\/pt-pt\/#organization","name":"University of Macau","url":"https:\/\/www.um.edu.mo\/pt-pt\/","logo":{"@type":"ImageObject","inLanguage":"pt-PT","@id":"https:\/\/www.um.edu.mo\/pt-pt\/#\/schema\/logo\/image\/","url":"https:\/\/www.um.edu.mo\/wp-content\/uploads\/2020\/09\/UM-Logo_V-Black.png","contentUrl":"https:\/\/www.um.edu.mo\/wp-content\/uploads\/2020\/09\/UM-Logo_V-Black.png","width":3508,"height":2785,"caption":"University of Macau"},"image":{"@id":"https:\/\/www.um.edu.mo\/pt-pt\/#\/schema\/logo\/image\/"},"sameAs":["https:\/\/www.facebook.com\/universityofmacau","https:\/\/x.com\/UM_1981"]}]}},"_links":{"self":[{"href":"https:\/\/www.um.edu.mo\/pt-pt\/wp-json\/wp\/v2\/pages\/216317","targetHints":{"allow":["GET"]}}],"collection":[{"href":"https:\/\/www.um.edu.mo\/pt-pt\/wp-json\/wp\/v2\/pages"}],"about":[{"href":"https:\/\/www.um.edu.mo\/pt-pt\/wp-json\/wp\/v2\/types\/page"}],"author":[{"embeddable":true,"href":"https:\/\/www.um.edu.mo\/pt-pt\/wp-json\/wp\/v2\/users\/3"}],"replies":[{"embeddable":true,"href":"https:\/\/www.um.edu.mo\/pt-pt\/wp-json\/wp\/v2\/comments?post=216317"}],"version-history":[{"count":7,"href":"https:\/\/www.um.edu.mo\/pt-pt\/wp-json\/wp\/v2\/pages\/216317\/revisions"}],"predecessor-version":[{"id":514819,"href":"https:\/\/www.um.edu.mo\/pt-pt\/wp-json\/wp\/v2\/pages\/216317\/revisions\/514819"}],"up":[{"embeddable":true,"href":"https:\/\/www.um.edu.mo\/pt-pt\/wp-json\/wp\/v2\/pages\/216269"}],"wp:attachment":[{"href":"https:\/\/www.um.edu.mo\/pt-pt\/wp-json\/wp\/v2\/media?parent=216317"}],"curies":[{"name":"wp","href":"https:\/\/api.w.org\/{rel}","templated":true}]}}