{"id":216306,"date":"2020-10-07T12:52:02","date_gmt":"2020-10-07T11:52:02","guid":{"rendered":"https:\/\/www.um.edu.mo\/privacy-policy-statement\/"},"modified":"2020-12-14T19:21:43","modified_gmt":"2020-12-14T11:21:43","slug":"privacy-policy-statement","status":"publish","type":"page","link":"https:\/\/www.um.edu.mo\/pt-pt\/privacy-policy\/privacy-policy-statement\/","title":{"rendered":"Declara\u00e7\u00e3o da Pol\u00edtica de Privacidade"},"content":{"rendered":"<div class=\"fusion-fullwidth fullwidth-box fusion-builder-row-1 fusion-flex-container nonhundred-percent-fullwidth non-hundred-percent-height-scrolling\" style=\"--awb-border-radius-top-left:0px;--awb-border-radius-top-right:0px;--awb-border-radius-bottom-right:0px;--awb-border-radius-bottom-left:0px;--awb-flex-wrap:wrap;\" ><div class=\"fusion-builder-row fusion-row fusion-flex-align-items-flex-start fusion-flex-content-wrap\" style=\"max-width:1414px;margin-left: calc(-1% \/ 2 );margin-right: calc(-1% \/ 2 );\"><div class=\"fusion-layout-column fusion_builder_column fusion-builder-column-0 fusion_builder_column_1_1 1_1 fusion-flex-column\" style=\"--awb-bg-size:cover;--awb-width-large:100%;--awb-margin-top-large:0px;--awb-spacing-right-large:0.495%;--awb-margin-bottom-large:0px;--awb-spacing-left-large:0.495%;--awb-width-medium:100%;--awb-spacing-right-medium:0.495%;--awb-spacing-left-medium:0.495%;--awb-width-small:100%;--awb-spacing-right-small:0.495%;--awb-spacing-left-small:0.495%;\"><div class=\"fusion-column-wrapper fusion-flex-justify-content-flex-start fusion-content-layout-column\"><div class=\"fusion-title title fusion-title-1 fusion-sep-none fusion-title-text fusion-title-size-three\" style=\"--awb-margin-top:0px;--awb-margin-bottom:0px;--awb-margin-top-small:0px;--awb-margin-bottom-small:0px;\"><h3 class=\"fusion-title-heading title-heading-left\" style=\"margin:0;\"><h3 class=\"fusion-responsive-typography-calculated\" data-fontsize=\"32\" data-lineheight=\"41.6px\"><strong>Pol\u00edtica de Privacidade<\/strong><\/h3><\/h3><\/div><div class=\"fusion-text fusion-text-1\"><p>Nos termos do disposto no n.\u00ba 3 do artigo 25.\u00ba da Lei n.\u00ba 8\/2005 (Lei da Protec\u00e7\u00e3o de Dados Pessoais), a Universidade de Macau (doravante UM) divulga as informa\u00e7\u00f5es gerais sobre o tratamento dos dados pessoais na UM, realizado nas condi\u00e7\u00f5es previstas no artigo 6.\u00ba da mesma Lei.<\/p>\n<p>A UM compromete-se, na defini\u00e7\u00e3o da sua pol\u00edtica de gest\u00e3o de dados pessoais e na respectiva pr\u00e1tica, a observar o esp\u00edrito consagrado nos princ\u00edpios da protec\u00e7\u00e3o dos dados pessoais e a cumprir os requisitos da Lei da Protec\u00e7\u00e3o de Dados Pessoais. Al\u00e9m disso, envidar\u00e1 todos os esfor\u00e7os para proteger os dados pessoais conservados, no sentido de garantir a confidencialidade e integridade dos mesmos.<\/p>\n<p>Ao recolher, em papel ou em suporte electr\u00f3nico, os dados que podem levar \u00e0 identifica\u00e7\u00e3o do respectivo titular, a UM declara os fins para os quais os dados ser\u00e3o utilizados. Os dados pessoais recolhidos podem ser transferidos entre diferentes unidades da UM, para tratamento e utiliza\u00e7\u00e3o, mas n\u00e3o ser\u00e3o divulgados a qualquer pessoa ou organiza\u00e7\u00e3o terceira, salvo indicado em contr\u00e1rio, ou em cumprimento da lei, ou com consentimento pr\u00e9vio do respectivo titular. Se o titular desejar aceder aos seus dados conservados pela UM ou corrigir os mesmos, pode submeter um pedido devidamente assinado.<\/p>\n<\/div><div ><a class=\"fusion-button button-flat fusion-button-default-size button-custom fusion-button-default button-1 fusion-button-default-span fusion-button-default-type\" style=\"--button_accent_color:#002c55;--button_border_color:#002c55;--button_accent_hover_color:#ffffff;--button_border_hover_color:#002c55;--button_border_width-top:1px;--button_border_width-right:1px;--button_border_width-bottom:1px;--button_border_width-left:1px;--button-border-radius-top-left:0;--button-border-radius-top-right:0;--button-border-radius-bottom-right:0;--button-border-radius-bottom-left:0;--button_gradient_top_color:#ffffff;--button_gradient_bottom_color:#ffffff;--button_gradient_top_color_hover:#002c55;--button_gradient_bottom_color_hover:#002c55;\" target=\"_blank\" rel=\"noopener noreferrer\" href=\"https:\/\/webdocs.um.edu.mo\/sites\/governance\/All%20documents\/Privacy%20Policy%20of%20the%20University%20of%20Macau.pdf\"><span class=\"fusion-button-text\">Saber mais<\/span><\/a><\/div><div class=\"fusion-separator fusion-full-width-sep\" style=\"align-self: center;margin-left: auto;margin-right: auto;margin-top:10px;width:100%;\"><div class=\"fusion-separator-border sep-single sep-solid\" style=\"--awb-height:20px;--awb-amount:20px;--awb-sep-color:rgba(226,226,226,0);border-color:rgba(226,226,226,0);border-top-width:1px;\"><\/div><\/div><div class=\"fusion-title title fusion-title-2 fusion-sep-none fusion-title-text fusion-title-size-three\" style=\"--awb-margin-top:0px;--awb-margin-bottom:0px;--awb-margin-top-small:0px;--awb-margin-bottom-small:0px;\"><h3 class=\"fusion-title-heading title-heading-left\" style=\"margin:0;\"><h3 class=\"fusion-responsive-typography-calculated\" data-fontsize=\"32\" data-lineheight=\"41.6px\"><strong>Declara\u00e7\u00e3o da Privacidade dos Websites<\/strong><\/h3><\/h3><\/div><div class=\"fusion-text fusion-text-2\"><p>A Universidade de Macau respeita a privacidade das informa\u00e7\u00f5es pessoais, cumprindo as previs\u00f5es consagradas pela lei de privacidade. A declara\u00e7\u00e3o da privacidade dos nossos websites demonstra, em linhas gerais, a forma como s\u00e3o administradas as informa\u00e7\u00f5es pessoais, recolhidas por este meio. Esta declara\u00e7\u00e3o n\u00e3o se estende aos websites externos que tenham liga\u00e7\u00f5es (hyperlinks) com o nosso. \u00c9 aconselh\u00e1vel que consulte estes websites para informar-se das respectivas pol\u00edticas de privacidade.<\/p>\n<p>A Universidade reserva-se o direito de actualizar, em qualquer altura, a sua Pol\u00edtica de Privacidade e a Declara\u00e7\u00e3o da Privacidade dos Websites, de forma a reflectir a evolu\u00e7\u00e3o no cumprimento das normas legais respeitantes aos websites e \u00e0 privacidade. \u00c9 favor consultar periodicamente os nossos regulamentos para ser informado das eventuais altera\u00e7\u00f5es.<\/p>\n<\/div><div class=\"fusion-title title fusion-title-3 fusion-sep-none fusion-title-text fusion-title-size-three\" style=\"--awb-margin-top:0px;--awb-margin-bottom:0px;--awb-margin-top-small:0px;--awb-margin-bottom-small:0px;\"><h3 class=\"fusion-title-heading title-heading-left\" style=\"margin:0;\"><h3 class=\"fusion-responsive-typography-calculated\" data-fontsize=\"32\" data-lineheight=\"41.6px\"><strong>CRecolha, Utiliza\u00e7\u00e3o e Revela\u00e7\u00e3o de Informa\u00e7\u00f5es Pessoais<\/strong><\/h3><\/h3><\/div><div class=\"fusion-title title fusion-title-4 fusion-sep-none fusion-title-text fusion-title-size-three\" style=\"--awb-margin-top:0px;--awb-margin-bottom:0px;--awb-margin-top-small:0px;--awb-margin-bottom-small:0px;\"><h3 class=\"fusion-title-heading title-heading-left\" style=\"margin:0;\"><h5 class=\"fusion-responsive-typography-calculated\" data-fontsize=\"32\" data-lineheight=\"41.6px\"><strong>Informa\u00e7\u00f5es Recolhidas<\/strong><\/h5><\/h3><\/div><div class=\"fusion-text fusion-text-3\"><p>As informa\u00e7\u00f5es pessoais, recolhidas nos websites da Universidade, incluem, mas n\u00e3o se limitam a incluir: o nome, o endere\u00e7o, o endere\u00e7o de E-mail, n\u00famero(s) de telefone e\/ou interesses educacionais. Estas informa\u00e7\u00f5es podem por n\u00f3s ser solicitadas para fins de investiga\u00e7\u00e3o, ensino, servi\u00e7os p\u00fablicos e\/ou para usos administrativos.Normalmente os servidores da webrecolhem, pelo menos temporariamente, as seguintes informa\u00e7\u00f5es: o endere\u00e7o do Protocolo de Internet (IP) do computador que est\u00e1 a ser utilizado; o endere\u00e7o da p\u00e1gina requerida; a data e a hora da sua visita a uma p\u00e1gina; o tipo do navegador (browser) que est\u00e1 a ser utilizado. A Universidade poder\u00e1 recolher estat\u00edsticas identificando endere\u00e7os particulares do IP que acedem aos nossos websites, e tamb\u00e9m a utiliza\u00e7\u00e3o dos nossos websites.<\/p>\n<\/div><div class=\"fusion-title title fusion-title-5 fusion-sep-none fusion-title-text fusion-title-size-three\" style=\"--awb-margin-top:0px;--awb-margin-bottom:0px;--awb-margin-top-small:0px;--awb-margin-bottom-small:0px;\"><h3 class=\"fusion-title-heading title-heading-left\" style=\"margin:0;\"><h5 class=\"fusion-responsive-typography-calculated\" data-fontsize=\"32\" data-lineheight=\"41.6px\"><strong>Utiliza\u00e7\u00e3o e Revela\u00e7\u00e3o das Informa\u00e7\u00f5es Recolhidas<\/strong><\/h5><\/h3><\/div><div class=\"fusion-text fusion-text-4\"><p>As informa\u00e7\u00f5es pessoais entregues durante a sua visita aos websites da Universidade ser\u00e3o utilizadas e reveladas para os fins pelos quais estas informa\u00e7\u00f5es foram recolhidas. Qualquer outro tipo de utiliza\u00e7\u00e3o e divulga\u00e7\u00e3o requer o consentimento pr\u00e9vio e expl\u00edcito da pessoa em quest\u00e3o, ou deve estar de acordo com a lei de privacidade.<\/p>\n<\/div><div class=\"fusion-title title fusion-title-6 fusion-sep-none fusion-title-text fusion-title-size-three\" style=\"--awb-margin-top:0px;--awb-margin-bottom:0px;--awb-margin-top-small:0px;--awb-margin-bottom-small:0px;\"><h3 class=\"fusion-title-heading title-heading-left\" style=\"margin:0;\"><h5 class=\"fusion-responsive-typography-calculated\" data-fontsize=\"32\" data-lineheight=\"41.6px\"><strong>Seguran\u00e7a<\/strong><\/h5><\/h3><\/div><div class=\"fusion-text fusion-text-5\"><p>As tecnologias de Secure Sockets Layer (SSL) s\u00e3o aplicadas nos nossos websites para proteger a transmiss\u00e3o de informa\u00e7\u00f5es pessoais sens\u00edveis na internet. A introdu\u00e7\u00e3o de identifica\u00e7\u00e3o de usu\u00e1rios e c\u00f3digos pessoais poder\u00e1 ser exigida antes da exposi\u00e7\u00e3o de informa\u00e7\u00f5es pessoais (resultados de exames, por exemplo), de maneira a garantir que estas informa\u00e7\u00f5es s\u00f3 sejam prestadas \u00e0 pessoa pretendida.Embora todos os esfor\u00e7os sejam depositados na protec\u00e7\u00e3o da comunica\u00e7\u00e3o em linha, a Universidade n\u00e3o pode assegurar a privacidade da comunica\u00e7\u00e3o por este meio. Cada usu\u00e1rio dos servi\u00e7os de internet tem que igualmente tomar medidas para proteger a sua informa\u00e7\u00e3o pessoal, como por exemplo, fechar o navegador (browser) depois da visita a um website e assegurar-se de que o c\u00f3digo pessoal est\u00e1 bem guardado, n\u00e3o o relevando aos outros. Caso tenha problemas em disponibilizar as suas informa\u00e7\u00f5es pessoais na internet, poder\u00e1 entrar em contacto com a Universidade atrav\u00e9s de telefone ou pelo correio.<\/p>\n<\/div><\/div><\/div><\/div><\/div>","protected":false},"excerpt":{"rendered":"","protected":false},"author":3,"featured_media":0,"parent":216458,"menu_order":0,"comment_status":"closed","ping_status":"closed","template":"","meta":{"_acf_changed":false,"footnotes":""},"class_list":["post-216306","page","type-page","status-publish","hentry"],"acf":[],"yoast_head":"<!-- This site is optimized with the Yoast SEO plugin v24.5 - https:\/\/yoast.com\/wordpress\/plugins\/seo\/ -->\n<title>Declara\u00e7\u00e3o da Pol\u00edtica de Privacidade | Universidade de Macau<\/title>\n<meta name=\"description\" content=\"Universidade de Macau: Uma universidade abrangente p\u00fablica de n\u00edvel internacional fundada em 1981\" \/>\n<meta name=\"robots\" content=\"index, follow, max-snippet:-1, max-image-preview:large, max-video-preview:-1\" \/>\n<link rel=\"canonical\" href=\"https:\/\/www.um.edu.mo\/pt-pt\/privacy-policy\/privacy-policy-statement\/\" \/>\n<meta property=\"og:locale\" content=\"pt_PT\" \/>\n<meta property=\"og:type\" content=\"article\" \/>\n<meta property=\"og:title\" content=\"Declara\u00e7\u00e3o da Pol\u00edtica de Privacidade | Universidade de Macau\" \/>\n<meta property=\"og:description\" content=\"Universidade de Macau: Uma universidade abrangente p\u00fablica de n\u00edvel internacional fundada em 1981\" \/>\n<meta property=\"og:url\" content=\"https:\/\/www.um.edu.mo\/pt-pt\/privacy-policy\/privacy-policy-statement\/\" \/>\n<meta property=\"og:site_name\" content=\"Universidade de Macau\" \/>\n<meta property=\"article:publisher\" content=\"https:\/\/www.facebook.com\/universityofmacau\" \/>\n<meta property=\"article:modified_time\" content=\"2020-12-14T11:21:43+00:00\" \/>\n<meta name=\"twitter:card\" content=\"summary_large_image\" \/>\n<meta name=\"twitter:site\" content=\"@UM_1981\" \/>\n<meta name=\"twitter:label1\" content=\"Tempo estimado de leitura\" \/>\n\t<meta name=\"twitter:data1\" content=\"10 minutos\" \/>\n<script type=\"application\/ld+json\" class=\"yoast-schema-graph\">{\"@context\":\"https:\/\/schema.org\",\"@graph\":[{\"@type\":\"WebPage\",\"@id\":\"https:\/\/www.um.edu.mo\/pt-pt\/privacy-policy\/privacy-policy-statement\/\",\"url\":\"https:\/\/www.um.edu.mo\/pt-pt\/privacy-policy\/privacy-policy-statement\/\",\"name\":\"Declara\u00e7\u00e3o da Pol\u00edtica de Privacidade | Universidade de Macau\",\"isPartOf\":{\"@id\":\"https:\/\/www.um.edu.mo\/pt-pt\/#website\"},\"datePublished\":\"2020-10-07T11:52:02+00:00\",\"dateModified\":\"2020-12-14T11:21:43+00:00\",\"description\":\"Universidade de Macau: Uma universidade abrangente p\u00fablica de n\u00edvel internacional fundada em 1981\",\"breadcrumb\":{\"@id\":\"https:\/\/www.um.edu.mo\/pt-pt\/privacy-policy\/privacy-policy-statement\/#breadcrumb\"},\"inLanguage\":\"pt-PT\",\"potentialAction\":[{\"@type\":\"ReadAction\",\"target\":[\"https:\/\/www.um.edu.mo\/pt-pt\/privacy-policy\/privacy-policy-statement\/\"]}]},{\"@type\":\"BreadcrumbList\",\"@id\":\"https:\/\/www.um.edu.mo\/pt-pt\/privacy-policy\/privacy-policy-statement\/#breadcrumb\",\"itemListElement\":[{\"@type\":\"ListItem\",\"position\":1,\"name\":\"P\u00e1gina inicial\",\"item\":\"https:\/\/www.um.edu.mo\/pt-pt\/\"},{\"@type\":\"ListItem\",\"position\":2,\"name\":\"Pol\u00edtica de Privacidade\",\"item\":\"https:\/\/www.um.edu.mo\/pt-pt\/privacy-policy\/\"},{\"@type\":\"ListItem\",\"position\":3,\"name\":\"Declara\u00e7\u00e3o da Pol\u00edtica de Privacidade\"}]},{\"@type\":\"WebSite\",\"@id\":\"https:\/\/www.um.edu.mo\/pt-pt\/#website\",\"url\":\"https:\/\/www.um.edu.mo\/pt-pt\/\",\"name\":\"Universidade de Macau\",\"description\":\"\",\"publisher\":{\"@id\":\"https:\/\/www.um.edu.mo\/pt-pt\/#organization\"},\"potentialAction\":[{\"@type\":\"SearchAction\",\"target\":{\"@type\":\"EntryPoint\",\"urlTemplate\":\"https:\/\/www.um.edu.mo\/pt-pt\/?s={search_term_string}\"},\"query-input\":{\"@type\":\"PropertyValueSpecification\",\"valueRequired\":true,\"valueName\":\"search_term_string\"}}],\"inLanguage\":\"pt-PT\"},{\"@type\":\"Organization\",\"@id\":\"https:\/\/www.um.edu.mo\/pt-pt\/#organization\",\"name\":\"University of Macau\",\"url\":\"https:\/\/www.um.edu.mo\/pt-pt\/\",\"logo\":{\"@type\":\"ImageObject\",\"inLanguage\":\"pt-PT\",\"@id\":\"https:\/\/www.um.edu.mo\/pt-pt\/#\/schema\/logo\/image\/\",\"url\":\"https:\/\/www.um.edu.mo\/wp-content\/uploads\/2020\/09\/UM-Logo_V-Black.png\",\"contentUrl\":\"https:\/\/www.um.edu.mo\/wp-content\/uploads\/2020\/09\/UM-Logo_V-Black.png\",\"width\":3508,\"height\":2785,\"caption\":\"University of Macau\"},\"image\":{\"@id\":\"https:\/\/www.um.edu.mo\/pt-pt\/#\/schema\/logo\/image\/\"},\"sameAs\":[\"https:\/\/www.facebook.com\/universityofmacau\",\"https:\/\/x.com\/UM_1981\"]}]}<\/script>\n<!-- \/ Yoast SEO plugin. -->","yoast_head_json":{"title":"Declara\u00e7\u00e3o da Pol\u00edtica de Privacidade | Universidade de Macau","description":"Universidade de Macau: Uma universidade abrangente p\u00fablica de n\u00edvel internacional fundada em 1981","robots":{"index":"index","follow":"follow","max-snippet":"max-snippet:-1","max-image-preview":"max-image-preview:large","max-video-preview":"max-video-preview:-1"},"canonical":"https:\/\/www.um.edu.mo\/pt-pt\/privacy-policy\/privacy-policy-statement\/","og_locale":"pt_PT","og_type":"article","og_title":"Declara\u00e7\u00e3o da Pol\u00edtica de Privacidade | Universidade de Macau","og_description":"Universidade de Macau: Uma universidade abrangente p\u00fablica de n\u00edvel internacional fundada em 1981","og_url":"https:\/\/www.um.edu.mo\/pt-pt\/privacy-policy\/privacy-policy-statement\/","og_site_name":"Universidade de Macau","article_publisher":"https:\/\/www.facebook.com\/universityofmacau","article_modified_time":"2020-12-14T11:21:43+00:00","twitter_card":"summary_large_image","twitter_site":"@UM_1981","twitter_misc":{"Tempo estimado de leitura":"10 minutos"},"schema":{"@context":"https:\/\/schema.org","@graph":[{"@type":"WebPage","@id":"https:\/\/www.um.edu.mo\/pt-pt\/privacy-policy\/privacy-policy-statement\/","url":"https:\/\/www.um.edu.mo\/pt-pt\/privacy-policy\/privacy-policy-statement\/","name":"Declara\u00e7\u00e3o da Pol\u00edtica de Privacidade | Universidade de Macau","isPartOf":{"@id":"https:\/\/www.um.edu.mo\/pt-pt\/#website"},"datePublished":"2020-10-07T11:52:02+00:00","dateModified":"2020-12-14T11:21:43+00:00","description":"Universidade de Macau: Uma universidade abrangente p\u00fablica de n\u00edvel internacional fundada em 1981","breadcrumb":{"@id":"https:\/\/www.um.edu.mo\/pt-pt\/privacy-policy\/privacy-policy-statement\/#breadcrumb"},"inLanguage":"pt-PT","potentialAction":[{"@type":"ReadAction","target":["https:\/\/www.um.edu.mo\/pt-pt\/privacy-policy\/privacy-policy-statement\/"]}]},{"@type":"BreadcrumbList","@id":"https:\/\/www.um.edu.mo\/pt-pt\/privacy-policy\/privacy-policy-statement\/#breadcrumb","itemListElement":[{"@type":"ListItem","position":1,"name":"P\u00e1gina inicial","item":"https:\/\/www.um.edu.mo\/pt-pt\/"},{"@type":"ListItem","position":2,"name":"Pol\u00edtica de Privacidade","item":"https:\/\/www.um.edu.mo\/pt-pt\/privacy-policy\/"},{"@type":"ListItem","position":3,"name":"Declara\u00e7\u00e3o da Pol\u00edtica de Privacidade"}]},{"@type":"WebSite","@id":"https:\/\/www.um.edu.mo\/pt-pt\/#website","url":"https:\/\/www.um.edu.mo\/pt-pt\/","name":"Universidade de Macau","description":"","publisher":{"@id":"https:\/\/www.um.edu.mo\/pt-pt\/#organization"},"potentialAction":[{"@type":"SearchAction","target":{"@type":"EntryPoint","urlTemplate":"https:\/\/www.um.edu.mo\/pt-pt\/?s={search_term_string}"},"query-input":{"@type":"PropertyValueSpecification","valueRequired":true,"valueName":"search_term_string"}}],"inLanguage":"pt-PT"},{"@type":"Organization","@id":"https:\/\/www.um.edu.mo\/pt-pt\/#organization","name":"University of Macau","url":"https:\/\/www.um.edu.mo\/pt-pt\/","logo":{"@type":"ImageObject","inLanguage":"pt-PT","@id":"https:\/\/www.um.edu.mo\/pt-pt\/#\/schema\/logo\/image\/","url":"https:\/\/www.um.edu.mo\/wp-content\/uploads\/2020\/09\/UM-Logo_V-Black.png","contentUrl":"https:\/\/www.um.edu.mo\/wp-content\/uploads\/2020\/09\/UM-Logo_V-Black.png","width":3508,"height":2785,"caption":"University of Macau"},"image":{"@id":"https:\/\/www.um.edu.mo\/pt-pt\/#\/schema\/logo\/image\/"},"sameAs":["https:\/\/www.facebook.com\/universityofmacau","https:\/\/x.com\/UM_1981"]}]}},"_links":{"self":[{"href":"https:\/\/www.um.edu.mo\/pt-pt\/wp-json\/wp\/v2\/pages\/216306","targetHints":{"allow":["GET"]}}],"collection":[{"href":"https:\/\/www.um.edu.mo\/pt-pt\/wp-json\/wp\/v2\/pages"}],"about":[{"href":"https:\/\/www.um.edu.mo\/pt-pt\/wp-json\/wp\/v2\/types\/page"}],"author":[{"embeddable":true,"href":"https:\/\/www.um.edu.mo\/pt-pt\/wp-json\/wp\/v2\/users\/3"}],"replies":[{"embeddable":true,"href":"https:\/\/www.um.edu.mo\/pt-pt\/wp-json\/wp\/v2\/comments?post=216306"}],"version-history":[{"count":0,"href":"https:\/\/www.um.edu.mo\/pt-pt\/wp-json\/wp\/v2\/pages\/216306\/revisions"}],"up":[{"embeddable":true,"href":"https:\/\/www.um.edu.mo\/pt-pt\/wp-json\/wp\/v2\/pages\/216458"}],"wp:attachment":[{"href":"https:\/\/www.um.edu.mo\/pt-pt\/wp-json\/wp\/v2\/media?parent=216306"}],"curies":[{"name":"wp","href":"https:\/\/api.w.org\/{rel}","templated":true}]}}