{"id":216293,"date":"2020-10-11T20:32:08","date_gmt":"2020-10-11T19:32:08","guid":{"rendered":"https:\/\/www.um.edu.mo\/campus-tv-news\/"},"modified":"2021-01-20T17:37:28","modified_gmt":"2021-01-20T09:37:28","slug":"campus-tv-news","status":"publish","type":"page","link":"https:\/\/www.um.edu.mo\/pt-pt\/news\/umtv\/campus-tv-news\/","title":{"rendered":"Not\u00edcia da UMTV"},"content":{"rendered":"<div class=\"fusion-fullwidth fullwidth-box fusion-builder-row-1 fusion-flex-container nonhundred-percent-fullwidth non-hundred-percent-height-scrolling\" style=\"--awb-border-radius-top-left:0px;--awb-border-radius-top-right:0px;--awb-border-radius-bottom-right:0px;--awb-border-radius-bottom-left:0px;--awb-flex-wrap:wrap;\" ><div class=\"fusion-builder-row fusion-row fusion-flex-align-items-flex-start fusion-flex-content-wrap\" style=\"max-width:1414px;margin-left: calc(-1% \/ 2 );margin-right: calc(-1% \/ 2 );\"><div class=\"fusion-layout-column fusion_builder_column fusion-builder-column-0 fusion_builder_column_1_1 1_1 fusion-flex-column fusion-no-medium-visibility fusion-no-large-visibility\" style=\"--awb-bg-size:cover;--awb-width-large:100%;--awb-margin-top-large:0px;--awb-spacing-right-large:0.495%;--awb-margin-bottom-large:10px;--awb-spacing-left-large:0.495%;--awb-width-medium:100%;--awb-order-medium:0;--awb-spacing-right-medium:0.495%;--awb-spacing-left-medium:0.495%;--awb-width-small:100%;--awb-order-small:0;--awb-spacing-right-small:0.495%;--awb-spacing-left-small:0.495%;\"><div class=\"fusion-column-wrapper fusion-column-has-shadow fusion-flex-justify-content-flex-start fusion-content-layout-column\"><div class=\"fusion-search-element fusion-search-element-1 fusion-search-form-clean\">\t\t<form role=\"search\" class=\"searchform fusion-search-form  fusion-search-form-clean\" method=\"get\" action=\"https:\/\/umedu.craxh.mo\/\">\n\t\t\t<div class=\"fusion-search-form-content\">\n\n\t\t\t\t\n\t\t\t\t<div class=\"fusion-search-field search-field\">\n\t\t\t\t\t<label><span class=\"screen-reader-text\">Search for:<\/span>\n\t\t\t\t\t<input type=\"search\" name=\"s\" class=\"s\" placeholder=\"Search...\"  name=\"post_type\" value=\"\"required=\"\" aria-required=\"true\" aria-label=\"\">\n\t\t\t\t\t<\/label>\n\t\t\t\t<\/div>\n\t\t\t\t<div class=\"fusion-search-button search-button\">\n\t\t\t\t\t<input type=\"submit\" class=\"fusion-search-submit searchsubmit\" value=\"\uf002\">\n\t\t\t\t\t\t\t\t\t<\/div>\n\n\t\t\t\t<input type=\"hidden\" name=\"post_type[]\" value=\"umtv\"><input type=\"hidden\" name=\"search_limit_to_post_titles\" value=\"1\"><input type=\"hidden\" name=\"fs\" value=\"1\">\n\t\t\t<\/div>\n\n\n\t\t\t\n\t\t<input type=\"hidden\" name=\"lang\" value=\"en\"><\/form>\n\t\t<\/div><\/div><\/div><div class=\"fusion-layout-column fusion_builder_column fusion-builder-column-1 fusion_builder_column_1_1 1_1 fusion-flex-column\" style=\"--awb-bg-size:cover;--awb-width-large:100%;--awb-margin-top-large:0px;--awb-spacing-right-large:0.495%;--awb-margin-bottom-large:10px;--awb-spacing-left-large:0.495%;--awb-width-medium:100%;--awb-order-medium:0;--awb-spacing-right-medium:0.495%;--awb-spacing-left-medium:0.495%;--awb-width-small:100%;--awb-order-small:0;--awb-spacing-right-small:0.495%;--awb-spacing-left-small:0.495%;\"><div class=\"fusion-column-wrapper fusion-column-has-shadow fusion-flex-justify-content-flex-start fusion-content-layout-column\"><div class=\"umtv__gridlist\" style=\"margin: 15px 0 ; position: relative;\">\r\n\t\r\n<div class=\"row\">\r\n<article class=\" col-sm-6 col-md-4 post type-postumtv__grid\">\r\n\t<a class=\"umtv__griditem\" href=\"https:\/\/www.um.edu.mo\/pt-pt\/umtv\/ums-transitional-research-and-education-site-in-the-cooperation-zone-in-hengqin\/\">\r\n\t\t<div class=\"umtv__gridimg\">\r\n\t\t\t<img decoding=\"async\" src=\"https:\/\/www.um.edu.mo\/wp-content\/uploads\/2026\/03\/um_cover.jpg\">\r\n\t\t<\/div>\r\n\t\t<div class=\"fusion-post-content-wrapper umtv__gridwrapper\" >\r\n\t\t\t<h5 class=\"blog-shortcode-post-title entry-title umtv__gridtitle \">\r\n\t\t\t\tUM\u2019s Transitional Research and Education Site in the Cooperation Zone in Hengqin\t\t\t<\/h5>\r\n\t\t\t<p class=\"fusion-single-line-meta\"><span>19-03-2026<\/span><\/p>\r\n\t\t<\/div>\r\n    <\/a>\r\n<\/article>\r\n<article class=\" col-sm-6 col-md-4 post type-postumtv__grid\">\r\n\t<a class=\"umtv__griditem\" href=\"https:\/\/www.um.edu.mo\/pt-pt\/umtv\/from-mathematics-to-ai-exploring-education-with-um-alumnus-wu-chon-meng\/\">\r\n\t\t<div class=\"umtv__gridimg\">\r\n\t\t\t<img decoding=\"async\" src=\"https:\/\/www.um.edu.mo\/wp-content\/uploads\/2026\/03\/20260318_um_alumnus_wu_chon_meng_cover-2.jpg\">\r\n\t\t<\/div>\r\n\t\t<div class=\"fusion-post-content-wrapper umtv__gridwrapper\" >\r\n\t\t\t<h5 class=\"blog-shortcode-post-title entry-title umtv__gridtitle \">\r\n\t\t\t\tFrom Mathematics to AI: Exploring Education with UM Alumnus Wu Chon Meng\t\t\t<\/h5>\r\n\t\t\t<p class=\"fusion-single-line-meta\"><span>19-03-2026<\/span><\/p>\r\n\t\t<\/div>\r\n    <\/a>\r\n<\/article>\r\n<article class=\" col-sm-6 col-md-4 post type-postumtv__grid\">\r\n\t<a class=\"umtv__griditem\" href=\"https:\/\/www.um.edu.mo\/pt-pt\/umtv\/world-at-um-rory-edmund-oneills-story\/\">\r\n\t\t<div class=\"umtv__gridimg\">\r\n\t\t\t<img decoding=\"async\" src=\"https:\/\/www.um.edu.mo\/wp-content\/uploads\/2026\/03\/cover-2.png\">\r\n\t\t<\/div>\r\n\t\t<div class=\"fusion-post-content-wrapper umtv__gridwrapper\" >\r\n\t\t\t<h5 class=\"blog-shortcode-post-title entry-title umtv__gridtitle \">\r\n\t\t\t\tWORLD AT UM\u2014Rory Edmund O&#8217;Neill&#8217;s Story\t\t\t<\/h5>\r\n\t\t\t<p class=\"fusion-single-line-meta\"><span>19-03-2026<\/span><\/p>\r\n\t\t<\/div>\r\n    <\/a>\r\n<\/article>\r\n<article class=\" col-sm-6 col-md-4 post type-postumtv__grid\">\r\n\t<a class=\"umtv__griditem\" href=\"https:\/\/www.um.edu.mo\/pt-pt\/umtv\/why-students-from-around-the-world-choose-um\/\">\r\n\t\t<div class=\"umtv__gridimg\">\r\n\t\t\t<img decoding=\"async\" src=\"https:\/\/www.um.edu.mo\/wp-content\/uploads\/2026\/02\/cover.jpg\">\r\n\t\t<\/div>\r\n\t\t<div class=\"fusion-post-content-wrapper umtv__gridwrapper\" >\r\n\t\t\t<h5 class=\"blog-shortcode-post-title entry-title umtv__gridtitle \">\r\n\t\t\t\tWhy students from around the world choose UM\t\t\t<\/h5>\r\n\t\t\t<p class=\"fusion-single-line-meta\"><span>09-02-2026<\/span><\/p>\r\n\t\t<\/div>\r\n    <\/a>\r\n<\/article>\r\n<article class=\" col-sm-6 col-md-4 post type-postumtv__grid\">\r\n\t<a class=\"umtv__griditem\" href=\"https:\/\/www.um.edu.mo\/pt-pt\/umtv\/institute-of-advanced-studies-in-humanities-and-social-sciences\/\">\r\n\t\t<div class=\"umtv__gridimg\">\r\n\t\t\t<img decoding=\"async\" src=\"https:\/\/www.um.edu.mo\/wp-content\/uploads\/2026\/01\/ias_wechat_cover_eng.jpg\">\r\n\t\t<\/div>\r\n\t\t<div class=\"fusion-post-content-wrapper umtv__gridwrapper\" >\r\n\t\t\t<h5 class=\"blog-shortcode-post-title entry-title umtv__gridtitle \">\r\n\t\t\t\tInstitute of Advanced Studies in Humanities and Social Sciences\t\t\t<\/h5>\r\n\t\t\t<p class=\"fusion-single-line-meta\"><span>30-01-2026<\/span><\/p>\r\n\t\t<\/div>\r\n    <\/a>\r\n<\/article>\r\n<article class=\" col-sm-6 col-md-4 post type-postumtv__grid\">\r\n\t<a class=\"umtv__griditem\" href=\"https:\/\/www.um.edu.mo\/pt-pt\/umtv\/university-of-macau-symphonic-band-in-celebration-of-the-45th-anniversary-of-the-university-of-macau\/\">\r\n\t\t<div class=\"umtv__gridimg\">\r\n\t\t\t<img decoding=\"async\" src=\"https:\/\/www.um.edu.mo\/wp-content\/uploads\/2026\/01\/cover-5.jpg\">\r\n\t\t<\/div>\r\n\t\t<div class=\"fusion-post-content-wrapper umtv__gridwrapper\" >\r\n\t\t\t<h5 class=\"blog-shortcode-post-title entry-title umtv__gridtitle \">\r\n\t\t\t\tUniversity of Macau Symphonic Band in Celebration of the 45th Anniversary of the University of Macau\t\t\t<\/h5>\r\n\t\t\t<p class=\"fusion-single-line-meta\"><span>22-01-2026<\/span><\/p>\r\n\t\t<\/div>\r\n    <\/a>\r\n<\/article>\r\n<article class=\" col-sm-6 col-md-4 post type-postumtv__grid\">\r\n\t<a class=\"umtv__griditem\" href=\"https:\/\/www.um.edu.mo\/pt-pt\/umtv\/research-projects-at-um-electronic-skin\/\">\r\n\t\t<div class=\"umtv__gridimg\">\r\n\t\t\t<img decoding=\"async\" src=\"https:\/\/www.um.edu.mo\/wp-content\/uploads\/2025\/12\/20251204_fst_iapme_interview_prof_zhou_bingpu_cover.jpg\">\r\n\t\t<\/div>\r\n\t\t<div class=\"fusion-post-content-wrapper umtv__gridwrapper\" >\r\n\t\t\t<h5 class=\"blog-shortcode-post-title entry-title umtv__gridtitle \">\r\n\t\t\t\tResearch Projects at UM: Electronic skin\t\t\t<\/h5>\r\n\t\t\t<p class=\"fusion-single-line-meta\"><span>15-01-2026<\/span><\/p>\r\n\t\t<\/div>\r\n    <\/a>\r\n<\/article>\r\n<article class=\" col-sm-6 col-md-4 post type-postumtv__grid\">\r\n\t<a class=\"umtv__griditem\" href=\"https:\/\/www.um.edu.mo\/pt-pt\/umtv\/see-you-on-the-um-45th-anniversary-open-day-on-11-january\/\">\r\n\t\t<div class=\"umtv__gridimg\">\r\n\t\t\t<img decoding=\"async\" src=\"https:\/\/www.um.edu.mo\/wp-content\/uploads\/2026\/01\/cover_c.png\">\r\n\t\t<\/div>\r\n\t\t<div class=\"fusion-post-content-wrapper umtv__gridwrapper\" >\r\n\t\t\t<h5 class=\"blog-shortcode-post-title entry-title umtv__gridtitle \">\r\n\t\t\t\tSee you on the UM 45th anniversary Open Day on 11 January!\t\t\t<\/h5>\r\n\t\t\t<p class=\"fusion-single-line-meta\"><span>02-01-2026<\/span><\/p>\r\n\t\t<\/div>\r\n    <\/a>\r\n<\/article>\r\n<article class=\" col-sm-6 col-md-4 post type-postumtv__grid\">\r\n\t<a class=\"umtv__griditem\" href=\"https:\/\/www.um.edu.mo\/pt-pt\/umtv\/highlights-of-um-in-2025\/\">\r\n\t\t<div class=\"umtv__gridimg\">\r\n\t\t\t<img decoding=\"async\" src=\"https:\/\/www.um.edu.mo\/wp-content\/uploads\/2025\/12\/cover-1.png\">\r\n\t\t<\/div>\r\n\t\t<div class=\"fusion-post-content-wrapper umtv__gridwrapper\" >\r\n\t\t\t<h5 class=\"blog-shortcode-post-title entry-title umtv__gridtitle \">\r\n\t\t\t\tHighlights of UM in 2025\t\t\t<\/h5>\r\n\t\t\t<p class=\"fusion-single-line-meta\"><span>31-12-2025<\/span><\/p>\r\n\t\t<\/div>\r\n    <\/a>\r\n<\/article>\r\n<article class=\" col-sm-6 col-md-4 post type-postumtv__grid\">\r\n\t<a class=\"umtv__griditem\" href=\"https:\/\/www.um.edu.mo\/pt-pt\/umtv\/from-lab-to-market-um-launches-the-health-accelerator-programme\/\">\r\n\t\t<div class=\"umtv__gridimg\">\r\n\t\t\t<img decoding=\"async\" src=\"https:\/\/www.um.edu.mo\/wp-content\/uploads\/2025\/12\/cover.png\">\r\n\t\t<\/div>\r\n\t\t<div class=\"fusion-post-content-wrapper umtv__gridwrapper\" >\r\n\t\t\t<h5 class=\"blog-shortcode-post-title entry-title umtv__gridtitle \">\r\n\t\t\t\tFrom lab to market: UM launches the \u2018Health+\u2019 Accelerator Programme\t\t\t<\/h5>\r\n\t\t\t<p class=\"fusion-single-line-meta\"><span>18-12-2025<\/span><\/p>\r\n\t\t<\/div>\r\n    <\/a>\r\n<\/article>\r\n<article class=\" col-sm-6 col-md-4 post type-postumtv__grid\">\r\n\t<a class=\"umtv__griditem\" href=\"https:\/\/www.um.edu.mo\/pt-pt\/umtv\/ums-industry-academia-collaboration-system-mandarin\/\">\r\n\t\t<div class=\"umtv__gridimg\">\r\n\t\t\t<img decoding=\"async\" src=\"https:\/\/www.um.edu.mo\/wp-content\/uploads\/2025\/12\/20251209_um_promo_industry_academia_collaboration_system_mandarin.jpg\">\r\n\t\t<\/div>\r\n\t\t<div class=\"fusion-post-content-wrapper umtv__gridwrapper\" >\r\n\t\t\t<h5 class=\"blog-shortcode-post-title entry-title umtv__gridtitle \">\r\n\t\t\t\tUM\u2019s Industry-Academia Collaboration System (Mandarin)\t\t\t<\/h5>\r\n\t\t\t<p class=\"fusion-single-line-meta\"><span>09-12-2025<\/span><\/p>\r\n\t\t<\/div>\r\n    <\/a>\r\n<\/article>\r\n<article class=\" col-sm-6 col-md-4 post type-postumtv__grid\">\r\n\t<a class=\"umtv__griditem\" href=\"https:\/\/www.um.edu.mo\/pt-pt\/umtv\/ums-industry-academia-collaboration-system-cantonese\/\">\r\n\t\t<div class=\"umtv__gridimg\">\r\n\t\t\t<img decoding=\"async\" src=\"https:\/\/www.um.edu.mo\/wp-content\/uploads\/2025\/12\/20251209_um_promo_industry_academia_collaboration_system_cantonese.jpg\">\r\n\t\t<\/div>\r\n\t\t<div class=\"fusion-post-content-wrapper umtv__gridwrapper\" >\r\n\t\t\t<h5 class=\"blog-shortcode-post-title entry-title umtv__gridtitle \">\r\n\t\t\t\tUM\u2019s Industry-Academia Collaboration System (Cantonese)\t\t\t<\/h5>\r\n\t\t\t<p class=\"fusion-single-line-meta\"><span>09-12-2025<\/span><\/p>\r\n\t\t<\/div>\r\n    <\/a>\r\n<\/article>\r\n<\/div>\r\n<div class=\"fusion-clearfix\"><\/div>\r\n\t\r\n  <div class=\"pagination umtv__gridpagination clearfix\">\r\n\t<span aria-current=\"page\" class=\"page-numbers current\">1<\/span>\n<a class=\"page-numbers\" href=\"https:\/\/www.um.edu.mo\/pt-pt\/wp-json\/wp\/v2\/pages\/216293\/page\/2\">2<\/a>\n<span class=\"page-numbers dots\">&hellip;<\/span>\n<a class=\"page-numbers\" href=\"https:\/\/www.um.edu.mo\/pt-pt\/wp-json\/wp\/v2\/pages\/216293\/page\/45\">45<\/a>\n<a class=\"next page-numbers\" href=\"https:\/\/www.um.edu.mo\/pt-pt\/wp-json\/wp\/v2\/pages\/216293\/page\/2\">Seguinte<\/a>    \r\n    <\/div>\u2800\t\r\n<\/div>\r\n\t<\/div><\/div><\/div><\/div>","protected":false},"excerpt":{"rendered":"<p>hide<\/p>\n","protected":false},"author":1,"featured_media":0,"parent":216321,"menu_order":0,"comment_status":"closed","ping_status":"closed","template":"","meta":{"_acf_changed":false,"footnotes":""},"class_list":["post-216293","page","type-page","status-publish","hentry"],"acf":[],"yoast_head":"<!-- This site is optimized with the Yoast SEO plugin v24.5 - https:\/\/yoast.com\/wordpress\/plugins\/seo\/ -->\n<title>Not\u00edcia da UMTV | Universidade de Macau<\/title>\n<meta name=\"description\" content=\"Universidade de Macau: Uma universidade abrangente p\u00fablica de n\u00edvel internacional fundada em 1981\" \/>\n<meta name=\"robots\" content=\"index, follow, max-snippet:-1, max-image-preview:large, max-video-preview:-1\" \/>\n<link rel=\"canonical\" href=\"https:\/\/www.um.edu.mo\/pt-pt\/news\/umtv\/campus-tv-news\/\" \/>\n<meta property=\"og:locale\" content=\"pt_PT\" \/>\n<meta property=\"og:type\" content=\"article\" \/>\n<meta property=\"og:title\" content=\"Not\u00edcia da UMTV | Universidade de Macau\" \/>\n<meta property=\"og:description\" content=\"Universidade de Macau: Uma universidade abrangente p\u00fablica de n\u00edvel internacional fundada em 1981\" \/>\n<meta property=\"og:url\" content=\"https:\/\/www.um.edu.mo\/pt-pt\/news\/umtv\/campus-tv-news\/\" \/>\n<meta property=\"og:site_name\" content=\"Universidade de Macau\" \/>\n<meta property=\"article:publisher\" content=\"https:\/\/www.facebook.com\/universityofmacau\" \/>\n<meta property=\"article:modified_time\" content=\"2021-01-20T09:37:28+00:00\" \/>\n<meta name=\"twitter:card\" content=\"summary_large_image\" \/>\n<meta name=\"twitter:site\" content=\"@UM_1981\" \/>\n<meta name=\"twitter:label1\" content=\"Tempo estimado de leitura\" \/>\n\t<meta name=\"twitter:data1\" content=\"5 minutos\" \/>\n<script type=\"application\/ld+json\" class=\"yoast-schema-graph\">{\"@context\":\"https:\/\/schema.org\",\"@graph\":[{\"@type\":\"WebPage\",\"@id\":\"https:\/\/www.um.edu.mo\/pt-pt\/news\/umtv\/campus-tv-news\/\",\"url\":\"https:\/\/www.um.edu.mo\/pt-pt\/news\/umtv\/campus-tv-news\/\",\"name\":\"Not\u00edcia da UMTV | Universidade de Macau\",\"isPartOf\":{\"@id\":\"https:\/\/www.um.edu.mo\/pt-pt\/#website\"},\"datePublished\":\"2020-10-11T19:32:08+00:00\",\"dateModified\":\"2021-01-20T09:37:28+00:00\",\"description\":\"Universidade de Macau: Uma universidade abrangente p\u00fablica de n\u00edvel internacional fundada em 1981\",\"breadcrumb\":{\"@id\":\"https:\/\/www.um.edu.mo\/pt-pt\/news\/umtv\/campus-tv-news\/#breadcrumb\"},\"inLanguage\":\"pt-PT\",\"potentialAction\":[{\"@type\":\"ReadAction\",\"target\":[\"https:\/\/www.um.edu.mo\/pt-pt\/news\/umtv\/campus-tv-news\/\"]}]},{\"@type\":\"BreadcrumbList\",\"@id\":\"https:\/\/www.um.edu.mo\/pt-pt\/news\/umtv\/campus-tv-news\/#breadcrumb\",\"itemListElement\":[{\"@type\":\"ListItem\",\"position\":1,\"name\":\"P\u00e1gina inicial\",\"item\":\"https:\/\/www.um.edu.mo\/pt-pt\/\"},{\"@type\":\"ListItem\",\"position\":2,\"name\":\"Not\u00edcias\",\"item\":\"https:\/\/www.um.edu.mo\/pt-pt\/news\/\"},{\"@type\":\"ListItem\",\"position\":3,\"name\":\"UMTV\",\"item\":\"https:\/\/www.um.edu.mo\/pt-pt\/news\/umtv\/\"},{\"@type\":\"ListItem\",\"position\":4,\"name\":\"Not\u00edcia da UMTV\"}]},{\"@type\":\"WebSite\",\"@id\":\"https:\/\/www.um.edu.mo\/pt-pt\/#website\",\"url\":\"https:\/\/www.um.edu.mo\/pt-pt\/\",\"name\":\"Universidade de Macau\",\"description\":\"\",\"publisher\":{\"@id\":\"https:\/\/www.um.edu.mo\/pt-pt\/#organization\"},\"potentialAction\":[{\"@type\":\"SearchAction\",\"target\":{\"@type\":\"EntryPoint\",\"urlTemplate\":\"https:\/\/www.um.edu.mo\/pt-pt\/?s={search_term_string}\"},\"query-input\":{\"@type\":\"PropertyValueSpecification\",\"valueRequired\":true,\"valueName\":\"search_term_string\"}}],\"inLanguage\":\"pt-PT\"},{\"@type\":\"Organization\",\"@id\":\"https:\/\/www.um.edu.mo\/pt-pt\/#organization\",\"name\":\"University of Macau\",\"url\":\"https:\/\/www.um.edu.mo\/pt-pt\/\",\"logo\":{\"@type\":\"ImageObject\",\"inLanguage\":\"pt-PT\",\"@id\":\"https:\/\/www.um.edu.mo\/pt-pt\/#\/schema\/logo\/image\/\",\"url\":\"https:\/\/www.um.edu.mo\/wp-content\/uploads\/2020\/09\/UM-Logo_V-Black.png\",\"contentUrl\":\"https:\/\/www.um.edu.mo\/wp-content\/uploads\/2020\/09\/UM-Logo_V-Black.png\",\"width\":3508,\"height\":2785,\"caption\":\"University of Macau\"},\"image\":{\"@id\":\"https:\/\/www.um.edu.mo\/pt-pt\/#\/schema\/logo\/image\/\"},\"sameAs\":[\"https:\/\/www.facebook.com\/universityofmacau\",\"https:\/\/x.com\/UM_1981\"]}]}<\/script>\n<!-- \/ Yoast SEO plugin. -->","yoast_head_json":{"title":"Not\u00edcia da UMTV | Universidade de Macau","description":"Universidade de Macau: Uma universidade abrangente p\u00fablica de n\u00edvel internacional fundada em 1981","robots":{"index":"index","follow":"follow","max-snippet":"max-snippet:-1","max-image-preview":"max-image-preview:large","max-video-preview":"max-video-preview:-1"},"canonical":"https:\/\/www.um.edu.mo\/pt-pt\/news\/umtv\/campus-tv-news\/","og_locale":"pt_PT","og_type":"article","og_title":"Not\u00edcia da UMTV | Universidade de Macau","og_description":"Universidade de Macau: Uma universidade abrangente p\u00fablica de n\u00edvel internacional fundada em 1981","og_url":"https:\/\/www.um.edu.mo\/pt-pt\/news\/umtv\/campus-tv-news\/","og_site_name":"Universidade de Macau","article_publisher":"https:\/\/www.facebook.com\/universityofmacau","article_modified_time":"2021-01-20T09:37:28+00:00","twitter_card":"summary_large_image","twitter_site":"@UM_1981","twitter_misc":{"Tempo estimado de leitura":"5 minutos"},"schema":{"@context":"https:\/\/schema.org","@graph":[{"@type":"WebPage","@id":"https:\/\/www.um.edu.mo\/pt-pt\/news\/umtv\/campus-tv-news\/","url":"https:\/\/www.um.edu.mo\/pt-pt\/news\/umtv\/campus-tv-news\/","name":"Not\u00edcia da UMTV | Universidade de Macau","isPartOf":{"@id":"https:\/\/www.um.edu.mo\/pt-pt\/#website"},"datePublished":"2020-10-11T19:32:08+00:00","dateModified":"2021-01-20T09:37:28+00:00","description":"Universidade de Macau: Uma universidade abrangente p\u00fablica de n\u00edvel internacional fundada em 1981","breadcrumb":{"@id":"https:\/\/www.um.edu.mo\/pt-pt\/news\/umtv\/campus-tv-news\/#breadcrumb"},"inLanguage":"pt-PT","potentialAction":[{"@type":"ReadAction","target":["https:\/\/www.um.edu.mo\/pt-pt\/news\/umtv\/campus-tv-news\/"]}]},{"@type":"BreadcrumbList","@id":"https:\/\/www.um.edu.mo\/pt-pt\/news\/umtv\/campus-tv-news\/#breadcrumb","itemListElement":[{"@type":"ListItem","position":1,"name":"P\u00e1gina inicial","item":"https:\/\/www.um.edu.mo\/pt-pt\/"},{"@type":"ListItem","position":2,"name":"Not\u00edcias","item":"https:\/\/www.um.edu.mo\/pt-pt\/news\/"},{"@type":"ListItem","position":3,"name":"UMTV","item":"https:\/\/www.um.edu.mo\/pt-pt\/news\/umtv\/"},{"@type":"ListItem","position":4,"name":"Not\u00edcia da UMTV"}]},{"@type":"WebSite","@id":"https:\/\/www.um.edu.mo\/pt-pt\/#website","url":"https:\/\/www.um.edu.mo\/pt-pt\/","name":"Universidade de Macau","description":"","publisher":{"@id":"https:\/\/www.um.edu.mo\/pt-pt\/#organization"},"potentialAction":[{"@type":"SearchAction","target":{"@type":"EntryPoint","urlTemplate":"https:\/\/www.um.edu.mo\/pt-pt\/?s={search_term_string}"},"query-input":{"@type":"PropertyValueSpecification","valueRequired":true,"valueName":"search_term_string"}}],"inLanguage":"pt-PT"},{"@type":"Organization","@id":"https:\/\/www.um.edu.mo\/pt-pt\/#organization","name":"University of Macau","url":"https:\/\/www.um.edu.mo\/pt-pt\/","logo":{"@type":"ImageObject","inLanguage":"pt-PT","@id":"https:\/\/www.um.edu.mo\/pt-pt\/#\/schema\/logo\/image\/","url":"https:\/\/www.um.edu.mo\/wp-content\/uploads\/2020\/09\/UM-Logo_V-Black.png","contentUrl":"https:\/\/www.um.edu.mo\/wp-content\/uploads\/2020\/09\/UM-Logo_V-Black.png","width":3508,"height":2785,"caption":"University of Macau"},"image":{"@id":"https:\/\/www.um.edu.mo\/pt-pt\/#\/schema\/logo\/image\/"},"sameAs":["https:\/\/www.facebook.com\/universityofmacau","https:\/\/x.com\/UM_1981"]}]}},"_links":{"self":[{"href":"https:\/\/www.um.edu.mo\/pt-pt\/wp-json\/wp\/v2\/pages\/216293","targetHints":{"allow":["GET"]}}],"collection":[{"href":"https:\/\/www.um.edu.mo\/pt-pt\/wp-json\/wp\/v2\/pages"}],"about":[{"href":"https:\/\/www.um.edu.mo\/pt-pt\/wp-json\/wp\/v2\/types\/page"}],"author":[{"embeddable":true,"href":"https:\/\/www.um.edu.mo\/pt-pt\/wp-json\/wp\/v2\/users\/1"}],"replies":[{"embeddable":true,"href":"https:\/\/www.um.edu.mo\/pt-pt\/wp-json\/wp\/v2\/comments?post=216293"}],"version-history":[{"count":6,"href":"https:\/\/www.um.edu.mo\/pt-pt\/wp-json\/wp\/v2\/pages\/216293\/revisions"}],"predecessor-version":[{"id":221930,"href":"https:\/\/www.um.edu.mo\/pt-pt\/wp-json\/wp\/v2\/pages\/216293\/revisions\/221930"}],"up":[{"embeddable":true,"href":"https:\/\/www.um.edu.mo\/pt-pt\/wp-json\/wp\/v2\/pages\/216321"}],"wp:attachment":[{"href":"https:\/\/www.um.edu.mo\/pt-pt\/wp-json\/wp\/v2\/media?parent=216293"}],"curies":[{"name":"wp","href":"https:\/\/api.w.org\/{rel}","templated":true}]}}