{"id":216265,"date":"2020-08-04T10:36:24","date_gmt":"2020-08-04T09:36:24","guid":{"rendered":"https:\/\/www.um.edu.mo\/international-reputation\/"},"modified":"2026-04-09T09:37:44","modified_gmt":"2026-04-09T01:37:44","slug":"international-reputation","status":"publish","type":"page","link":"https:\/\/www.um.edu.mo\/pt-pt\/about-um\/international-reputation\/","title":{"rendered":"Reputa\u00e7\u00e3o Internacional"},"content":{"rendered":"<div class=\"fusion-fullwidth fullwidth-box fusion-builder-row-1 fusion-flex-container nonhundred-percent-fullwidth non-hundred-percent-height-scrolling\" style=\"--awb-border-radius-top-left:0px;--awb-border-radius-top-right:0px;--awb-border-radius-bottom-right:0px;--awb-border-radius-bottom-left:0px;--awb-flex-wrap:wrap;\" ><div class=\"fusion-builder-row fusion-row fusion-flex-align-items-flex-start fusion-flex-content-wrap\" style=\"max-width:1414px;margin-left: calc(-1% \/ 2 );margin-right: calc(-1% \/ 2 );\"><div class=\"fusion-layout-column fusion_builder_column fusion-builder-column-0 fusion_builder_column_1_1 1_1 fusion-flex-column\" style=\"--awb-bg-size:cover;--awb-width-large:100%;--awb-margin-top-large:0px;--awb-spacing-right-large:0.495%;--awb-margin-bottom-large:10px;--awb-spacing-left-large:0.495%;--awb-width-medium:100%;--awb-spacing-right-medium:0.495%;--awb-spacing-left-medium:0.495%;--awb-width-small:100%;--awb-spacing-right-small:0.495%;--awb-spacing-left-small:0.495%;\"><div class=\"fusion-column-wrapper fusion-column-has-shadow fusion-flex-justify-content-flex-start fusion-content-layout-column\"><div class=\"fusion-text fusion-text-1\"><p>A UM encontra-se no 145.\u00ba lugar segundo o Times Higher Education (THE) World University Rankings. Posiciona-se no 14.\u00ba no THE Young University Rankings, no 34.\u00ba no THE Asia University Rankings e no 1.\u00ba lugar entre universidades da Associa\u00e7\u00e3o das Universidades de L\u00edngua Portuguesa (AULP). A universidade est\u00e1 classificada na 285.\u00aa posi\u00e7\u00e3o no Quacquarelli Symonds (QS) World University Rankings, e 230.\u00aa no Best Global Universities Rankings da U.S. News &amp; World Report. Ademais encontra-se classificada entre os melhores 1% pela base de dados Essential Science Indicators (ESI) em 16 \u00e1reas: Engenharia, Ci\u00eancia dos Materiais, Ci\u00eancias da Computa\u00e7\u00e3o, Qu\u00edmica, Medicina Cl\u00ednica, Farmacologia e Toxicologia, Psiquiatria\/Psicologia, Ci\u00eancias Sociais Gerais, Biologia e Bioqu\u00edmica, Biologia Molecular e Gen\u00e9tica, Ci\u00eancia Agr\u00edcola, Economia e Gest\u00e3o de Empresas, Ambiente e Ecologia, Neuroci\u00eancias e Comportamento, Geoci\u00eancias, e Matem\u00e1tica. Entre essas \u00e1reas, as de Engenharia, Ci\u00eancias da Computa\u00e7\u00e3o, e de Farmacologia e Toxicologia encontram-se nas melhores 0,1% do mundo.<\/p>\n<p>A Faculdade de Gest\u00e3o de Empresas da UM \u00e9 acreditada por tr\u00eas importantes organismos internacionais: o Sistema de Melhoria de Qualidade da EFMD (EQUIS) da Funda\u00e7\u00e3o Europeia para o Desenvolvimento da Gest\u00e3o (EFMD), a Association to Advance Collegiate Schools of Business (AACSB) e a Association of MBAs (AMBA).<\/p>\n<\/div><style type=\"text\/css\">#fusion-chart-1 .fusion-chart-legend-wrap li:nth-child(1) span{color: #ffffff;}#fusion-chart-1 .fusion-chart-legend-wrap li:nth-child(2) span{color: #ffffff;}#fusion-chart-1 .fusion-chart-legend-wrap li:nth-child(3) span{color: #ffffff;}#fusion-chart-1 .fusion-chart-legend-wrap li:nth-child(4) span{color: #ffffff;}#fusion-chart-1 .fusion-chart-legend-wrap li:nth-child(5) span{color: #ffffff;}#fusion-chart-1 .fusion-chart-legend-wrap li:nth-child(6) span{color: #ffffff;}#fusion-chart-1 .fusion-chart-legend-wrap li:nth-child(7) span{color: #ffffff;}#fusion-chart-1 .fusion-chart-legend-wrap li:nth-child(8) span{color: #ffffff;}#fusion-chart-1 .fusion-chart-legend-wrap li:nth-child(9) span{color: #ffffff;}#fusion-chart-1 .fusion-chart-legend-wrap li:nth-child(10) span{color: #ffffff;}#fusion-chart-1 .fusion-chart-legend-wrap li:nth-child(11) span{color: #ffffff;}#fusion-chart-1 .fusion-chart-legend-wrap li:nth-child(12) span{color: #ffffff;}#fusion-chart-1 .fusion-chart-legend-wrap li:nth-child(13) span{color: #ffffff;}#fusion-chart-1 .fusion-chart-legend-wrap li:nth-child(14) span{color: #ffffff;}#fusion-chart-1 .fusion-chart-legend-wrap li:nth-child(15) span{color: #ffffff;}#fusion-chart-1 .fusion-chart-legend-wrap li:nth-child(16) span{color: #ffffff;}<\/style><div id=\"fusion-chart-1\" class=\"fusion-chart\" data-type=\"horizontalBar\" data-x_axis_labels=\"Engenharia|Ci\u00eancia dos Materiais|Ci\u00eancias da Computa\u00e7\u00e3o|Qu\u00edmica|Medicina Interna|Farmacologia e Toxicologia|Psiquiatria\/Psicologia|Ci\u00eancias Sociais Gerais|Biologia e Bioqu\u00edmica|Biologia Molecular e Gen\u00e9tica| Ci\u00eancia Agr\u00edcola|Economia e Gest\u00e3o|Ambiente\/Ecologia|Neuroci\u00eancias e Comportamento|Geoci\u00eancias|Matem\u00e1tica\" data-x_axis_label=\"N\u00famero de cita\u00e7\u00f5es\" data-y_axis_label=\"\u00c1rea\" data-show_tooltips=\"yes\" data-bg_colors=\"rgba(0,44,85,1)|rgba(0,44,85,1)|rgba(0,44,85,1)|rgba(0,44,85,1)|rgba(0,44,85,1)|rgba(0,44,85,1)|rgba(0,44,85,1)|rgba(0,44,85,1)|rgba(0,44,85,1)|rgba(0,44,85,1)|rgba(0,44,85,1)|rgba(0,44,85,1)|rgba(0,44,85,1)|rgba(0,44,85,1)|rgba(0,44,85,1)|rgba(0,44,85,1)\" data-border_colors=\"|rgba(139,195,74,0)|rgba(255,152,0,0)|||||||||||||\" data-border_size=\"1\" data-border_type=\"smooth\" data-chart_fill=\"off\" data-chart_point_style=\"circle\" data-chart_point_size=\"3\" data-chart_axis_text_color=\"rgba(74,78,87,1)\" data-chart_gridline_color=\"rgba(0,0,0,0)\"><div class=\"fusion-chart-dataset\" data-label=\"Cita\u00e7\u00f5es\" data-values=\"97344|73447|57829|44632|39103|36833|31983|26480|23772|19841|11458|10021|9693|8841|7899|6706\" data-background_color=\"rgba(0,188,212,1)\" data-border_color=\"rgba(0,188,212,1)\"><\/div><h4 class=\"fusion-chart-title\">Em 16 \u00e1reas, a UM encontra-se classificada entre os melhores 1% pelo Essential Sciences Indicators<\/h4><div class=\"fusion-chart-inner\"><div class=\"fusion-chart-wrap\"><canvas><\/canvas><\/div><\/div><\/div><div class=\"fusion-text fusion-text-2\"><p>No QS World University Rankings por \u00e1rea cient\u00edfica, as classifica\u00e7\u00f5es da UM s\u00e3o as seguintes: entre as posi\u00e7\u00f5es 51-100 em Gest\u00e3o Hoteleira e de Lazer, \u00a098.\u00aa posi\u00e7\u00e3o em Lingu\u00edstica, 151-200 em Sociologia, 201-250 em Psicologia, 251-300 em L\u00edngua e Literatura Inglesas, Educa\u00e7\u00e3o, Ci\u00eancia da Computa\u00e7\u00e3o e Sistemas de Informa\u00e7\u00e3o, e Farm\u00e1cia e Farmacologia, 301-350 em L\u00ednguas Modernas, e Engenharia Electrot\u00e9cnica e Electr\u00f3nica, 351-400 em Direito, 370.\u00aa posi\u00e7\u00e3o em Artes e Humanidades, \u00a0401-450 em Ci\u00eancias Sociais e Gest\u00e3o, 401-550 em Ci\u00eancia de Materiais, 451-500 em Matem\u00e1tica e Ci\u00eancias Biol\u00f3gicas, 551-600 em Medicina, 551-700 em Economia e Econometria, e 601-650 em Estudos Empresariais e de Gest\u00e3o.<\/p>\n<\/div><div class=\"fusion-image-element \" style=\"--awb-caption-title-font-family:var(--h2_typography-font-family);--awb-caption-title-font-weight:var(--h2_typography-font-weight);--awb-caption-title-font-style:var(--h2_typography-font-style);--awb-caption-title-size:var(--h2_typography-font-size);--awb-caption-title-transform:var(--h2_typography-text-transform);--awb-caption-title-line-height:var(--h2_typography-line-height);--awb-caption-title-letter-spacing:var(--h2_typography-letter-spacing);\"><span class=\" fusion-imageframe imageframe-none imageframe-1 hover-type-none\"><img decoding=\"async\" width=\"1145\" height=\"610\" title=\"postImg_international-reputation_Port_5\" src=\"https:\/\/www.um.edu.mo\/wp-content\/uploads\/2026\/04\/postImg_international-reputation_Port_5.jpg\" alt class=\"img-responsive wp-image-519586\" srcset=\"https:\/\/www.um.edu.mo\/wp-content\/uploads\/2026\/04\/postImg_international-reputation_Port_5-200x107.jpg 200w, https:\/\/www.um.edu.mo\/wp-content\/uploads\/2026\/04\/postImg_international-reputation_Port_5-400x213.jpg 400w, https:\/\/www.um.edu.mo\/wp-content\/uploads\/2026\/04\/postImg_international-reputation_Port_5-600x320.jpg 600w, https:\/\/www.um.edu.mo\/wp-content\/uploads\/2026\/04\/postImg_international-reputation_Port_5-800x426.jpg 800w, https:\/\/www.um.edu.mo\/wp-content\/uploads\/2026\/04\/postImg_international-reputation_Port_5.jpg 1145w\" sizes=\"(max-width: 640px) 100vw, 1145px\" \/><\/span><\/div><div class=\"fusion-text fusion-text-3\"><p>No THE World University Rankings por disciplina, as classifica\u00e7\u00f5es da UM s\u00e3o as seguintes: 83.\u00aa posi\u00e7\u00e3o em Estudos de Educa\u00e7\u00e3o, entre as posi\u00e7\u00f5es 101-125 em Ci\u00eancias da Computa\u00e7\u00e3o, Engenharia e em Psicologia, 151-175 em Medicina e Sa\u00fade, Ci\u00eancias da Vida e em Ci\u00eancias Sociais, e 176-200 em Artes e Humanidades, Neg\u00f3cios e Economia e em Ci\u00eancias F\u00edsicas.<\/p>\n<\/div><div class=\"fusion-text fusion-text-4\"><p>No Best Global Universities Rankings da U.S. News &amp; World Report, as classifica\u00e7\u00f5es da UM s\u00e3o as seguintes: entre as primeiras 50 posi\u00e7\u00f5es em Educa\u00e7\u00e3o e Investiga\u00e7\u00e3o Educacional, Farmacologia e Toxicologia e em Engenharia Electrot\u00e9cnica e Electr\u00f3nica, e entre as posi\u00e7\u00f5es 51-100 em Intelig\u00eancia Artificial, Nanoci\u00eancia e Nanotecnologia, F\u00edsica da Mat\u00e9ria Condensada, Humanidades e Artes, Ci\u00eancias da Computa\u00e7\u00e3o, Qu\u00edmica F\u00edsica e em Psiquiatria\/Psicologia.<\/p>\n<\/div><\/div><\/div><\/div><\/div>","protected":false},"excerpt":{"rendered":"","protected":false},"author":1,"featured_media":0,"parent":216268,"menu_order":40,"comment_status":"closed","ping_status":"closed","template":"","meta":{"_acf_changed":false,"footnotes":""},"class_list":["post-216265","page","type-page","status-publish","hentry"],"acf":[],"yoast_head":"<!-- This site is optimized with the Yoast SEO plugin v24.5 - https:\/\/yoast.com\/wordpress\/plugins\/seo\/ -->\n<title>Reputa\u00e7\u00e3o Internacional | Universidade de Macau<\/title>\n<meta name=\"description\" content=\"Universidade de Macau: Uma universidade abrangente p\u00fablica de n\u00edvel internacional fundada em 1981\" \/>\n<meta name=\"robots\" content=\"index, follow, max-snippet:-1, max-image-preview:large, max-video-preview:-1\" \/>\n<link rel=\"canonical\" href=\"https:\/\/www.um.edu.mo\/pt-pt\/about-um\/international-reputation\/\" \/>\n<meta property=\"og:locale\" content=\"pt_PT\" \/>\n<meta property=\"og:type\" content=\"article\" \/>\n<meta property=\"og:title\" content=\"Reputa\u00e7\u00e3o Internacional | Universidade de Macau\" \/>\n<meta property=\"og:description\" content=\"Universidade de Macau: Uma universidade abrangente p\u00fablica de n\u00edvel internacional fundada em 1981\" \/>\n<meta property=\"og:url\" content=\"https:\/\/www.um.edu.mo\/pt-pt\/about-um\/international-reputation\/\" \/>\n<meta property=\"og:site_name\" content=\"Universidade de Macau\" \/>\n<meta property=\"article:publisher\" content=\"https:\/\/www.facebook.com\/universityofmacau\" \/>\n<meta property=\"article:modified_time\" content=\"2026-04-09T01:37:44+00:00\" \/>\n<meta name=\"twitter:card\" content=\"summary_large_image\" \/>\n<meta name=\"twitter:site\" content=\"@UM_1981\" \/>\n<meta name=\"twitter:label1\" content=\"Tempo estimado de leitura\" \/>\n\t<meta name=\"twitter:data1\" content=\"3 minutos\" \/>\n<script type=\"application\/ld+json\" class=\"yoast-schema-graph\">{\"@context\":\"https:\/\/schema.org\",\"@graph\":[{\"@type\":\"WebPage\",\"@id\":\"https:\/\/www.um.edu.mo\/pt-pt\/about-um\/international-reputation\/\",\"url\":\"https:\/\/www.um.edu.mo\/pt-pt\/about-um\/international-reputation\/\",\"name\":\"Reputa\u00e7\u00e3o Internacional | Universidade de Macau\",\"isPartOf\":{\"@id\":\"https:\/\/www.um.edu.mo\/pt-pt\/#website\"},\"datePublished\":\"2020-08-04T09:36:24+00:00\",\"dateModified\":\"2026-04-09T01:37:44+00:00\",\"description\":\"Universidade de Macau: Uma universidade abrangente p\u00fablica de n\u00edvel internacional fundada em 1981\",\"breadcrumb\":{\"@id\":\"https:\/\/www.um.edu.mo\/pt-pt\/about-um\/international-reputation\/#breadcrumb\"},\"inLanguage\":\"pt-PT\",\"potentialAction\":[{\"@type\":\"ReadAction\",\"target\":[\"https:\/\/www.um.edu.mo\/pt-pt\/about-um\/international-reputation\/\"]}]},{\"@type\":\"BreadcrumbList\",\"@id\":\"https:\/\/www.um.edu.mo\/pt-pt\/about-um\/international-reputation\/#breadcrumb\",\"itemListElement\":[{\"@type\":\"ListItem\",\"position\":1,\"name\":\"P\u00e1gina inicial\",\"item\":\"https:\/\/www.um.edu.mo\/pt-pt\/\"},{\"@type\":\"ListItem\",\"position\":2,\"name\":\"Sobre a UM\",\"item\":\"https:\/\/www.um.edu.mo\/pt-pt\/about-um\/\"},{\"@type\":\"ListItem\",\"position\":3,\"name\":\"Reputa\u00e7\u00e3o Internacional\"}]},{\"@type\":\"WebSite\",\"@id\":\"https:\/\/www.um.edu.mo\/pt-pt\/#website\",\"url\":\"https:\/\/www.um.edu.mo\/pt-pt\/\",\"name\":\"Universidade de Macau\",\"description\":\"\",\"publisher\":{\"@id\":\"https:\/\/www.um.edu.mo\/pt-pt\/#organization\"},\"potentialAction\":[{\"@type\":\"SearchAction\",\"target\":{\"@type\":\"EntryPoint\",\"urlTemplate\":\"https:\/\/www.um.edu.mo\/pt-pt\/?s={search_term_string}\"},\"query-input\":{\"@type\":\"PropertyValueSpecification\",\"valueRequired\":true,\"valueName\":\"search_term_string\"}}],\"inLanguage\":\"pt-PT\"},{\"@type\":\"Organization\",\"@id\":\"https:\/\/www.um.edu.mo\/pt-pt\/#organization\",\"name\":\"University of Macau\",\"url\":\"https:\/\/www.um.edu.mo\/pt-pt\/\",\"logo\":{\"@type\":\"ImageObject\",\"inLanguage\":\"pt-PT\",\"@id\":\"https:\/\/www.um.edu.mo\/pt-pt\/#\/schema\/logo\/image\/\",\"url\":\"https:\/\/www.um.edu.mo\/wp-content\/uploads\/2020\/09\/UM-Logo_V-Black.png\",\"contentUrl\":\"https:\/\/www.um.edu.mo\/wp-content\/uploads\/2020\/09\/UM-Logo_V-Black.png\",\"width\":3508,\"height\":2785,\"caption\":\"University of Macau\"},\"image\":{\"@id\":\"https:\/\/www.um.edu.mo\/pt-pt\/#\/schema\/logo\/image\/\"},\"sameAs\":[\"https:\/\/www.facebook.com\/universityofmacau\",\"https:\/\/x.com\/UM_1981\"]}]}<\/script>\n<!-- \/ Yoast SEO plugin. -->","yoast_head_json":{"title":"Reputa\u00e7\u00e3o Internacional | Universidade de Macau","description":"Universidade de Macau: Uma universidade abrangente p\u00fablica de n\u00edvel internacional fundada em 1981","robots":{"index":"index","follow":"follow","max-snippet":"max-snippet:-1","max-image-preview":"max-image-preview:large","max-video-preview":"max-video-preview:-1"},"canonical":"https:\/\/www.um.edu.mo\/pt-pt\/about-um\/international-reputation\/","og_locale":"pt_PT","og_type":"article","og_title":"Reputa\u00e7\u00e3o Internacional | Universidade de Macau","og_description":"Universidade de Macau: Uma universidade abrangente p\u00fablica de n\u00edvel internacional fundada em 1981","og_url":"https:\/\/www.um.edu.mo\/pt-pt\/about-um\/international-reputation\/","og_site_name":"Universidade de Macau","article_publisher":"https:\/\/www.facebook.com\/universityofmacau","article_modified_time":"2026-04-09T01:37:44+00:00","twitter_card":"summary_large_image","twitter_site":"@UM_1981","twitter_misc":{"Tempo estimado de leitura":"3 minutos"},"schema":{"@context":"https:\/\/schema.org","@graph":[{"@type":"WebPage","@id":"https:\/\/www.um.edu.mo\/pt-pt\/about-um\/international-reputation\/","url":"https:\/\/www.um.edu.mo\/pt-pt\/about-um\/international-reputation\/","name":"Reputa\u00e7\u00e3o Internacional | Universidade de Macau","isPartOf":{"@id":"https:\/\/www.um.edu.mo\/pt-pt\/#website"},"datePublished":"2020-08-04T09:36:24+00:00","dateModified":"2026-04-09T01:37:44+00:00","description":"Universidade de Macau: Uma universidade abrangente p\u00fablica de n\u00edvel internacional fundada em 1981","breadcrumb":{"@id":"https:\/\/www.um.edu.mo\/pt-pt\/about-um\/international-reputation\/#breadcrumb"},"inLanguage":"pt-PT","potentialAction":[{"@type":"ReadAction","target":["https:\/\/www.um.edu.mo\/pt-pt\/about-um\/international-reputation\/"]}]},{"@type":"BreadcrumbList","@id":"https:\/\/www.um.edu.mo\/pt-pt\/about-um\/international-reputation\/#breadcrumb","itemListElement":[{"@type":"ListItem","position":1,"name":"P\u00e1gina inicial","item":"https:\/\/www.um.edu.mo\/pt-pt\/"},{"@type":"ListItem","position":2,"name":"Sobre a UM","item":"https:\/\/www.um.edu.mo\/pt-pt\/about-um\/"},{"@type":"ListItem","position":3,"name":"Reputa\u00e7\u00e3o Internacional"}]},{"@type":"WebSite","@id":"https:\/\/www.um.edu.mo\/pt-pt\/#website","url":"https:\/\/www.um.edu.mo\/pt-pt\/","name":"Universidade de Macau","description":"","publisher":{"@id":"https:\/\/www.um.edu.mo\/pt-pt\/#organization"},"potentialAction":[{"@type":"SearchAction","target":{"@type":"EntryPoint","urlTemplate":"https:\/\/www.um.edu.mo\/pt-pt\/?s={search_term_string}"},"query-input":{"@type":"PropertyValueSpecification","valueRequired":true,"valueName":"search_term_string"}}],"inLanguage":"pt-PT"},{"@type":"Organization","@id":"https:\/\/www.um.edu.mo\/pt-pt\/#organization","name":"University of Macau","url":"https:\/\/www.um.edu.mo\/pt-pt\/","logo":{"@type":"ImageObject","inLanguage":"pt-PT","@id":"https:\/\/www.um.edu.mo\/pt-pt\/#\/schema\/logo\/image\/","url":"https:\/\/www.um.edu.mo\/wp-content\/uploads\/2020\/09\/UM-Logo_V-Black.png","contentUrl":"https:\/\/www.um.edu.mo\/wp-content\/uploads\/2020\/09\/UM-Logo_V-Black.png","width":3508,"height":2785,"caption":"University of Macau"},"image":{"@id":"https:\/\/www.um.edu.mo\/pt-pt\/#\/schema\/logo\/image\/"},"sameAs":["https:\/\/www.facebook.com\/universityofmacau","https:\/\/x.com\/UM_1981"]}]}},"_links":{"self":[{"href":"https:\/\/www.um.edu.mo\/pt-pt\/wp-json\/wp\/v2\/pages\/216265","targetHints":{"allow":["GET"]}}],"collection":[{"href":"https:\/\/www.um.edu.mo\/pt-pt\/wp-json\/wp\/v2\/pages"}],"about":[{"href":"https:\/\/www.um.edu.mo\/pt-pt\/wp-json\/wp\/v2\/types\/page"}],"author":[{"embeddable":true,"href":"https:\/\/www.um.edu.mo\/pt-pt\/wp-json\/wp\/v2\/users\/1"}],"replies":[{"embeddable":true,"href":"https:\/\/www.um.edu.mo\/pt-pt\/wp-json\/wp\/v2\/comments?post=216265"}],"version-history":[{"count":13,"href":"https:\/\/www.um.edu.mo\/pt-pt\/wp-json\/wp\/v2\/pages\/216265\/revisions"}],"predecessor-version":[{"id":519589,"href":"https:\/\/www.um.edu.mo\/pt-pt\/wp-json\/wp\/v2\/pages\/216265\/revisions\/519589"}],"up":[{"embeddable":true,"href":"https:\/\/www.um.edu.mo\/pt-pt\/wp-json\/wp\/v2\/pages\/216268"}],"wp:attachment":[{"href":"https:\/\/www.um.edu.mo\/pt-pt\/wp-json\/wp\/v2\/media?parent=216265"}],"curies":[{"name":"wp","href":"https:\/\/api.w.org\/{rel}","templated":true}]}}