{"id":216262,"date":"2020-08-10T20:09:32","date_gmt":"2020-08-10T19:09:32","guid":{"rendered":"https:\/\/www.um.edu.mo\/history\/"},"modified":"2025-10-30T15:46:39","modified_gmt":"2025-10-30T07:46:39","slug":"history","status":"publish","type":"page","link":"https:\/\/www.um.edu.mo\/pt-pt\/about-um\/history\/","title":{"rendered":"Hist\u00f3ria da UM"},"content":{"rendered":"<div class=\"fusion-fullwidth fullwidth-box fusion-builder-row-1 fusion-flex-container nonhundred-percent-fullwidth non-hundred-percent-height-scrolling\" style=\"--awb-border-radius-top-left:0px;--awb-border-radius-top-right:0px;--awb-border-radius-bottom-right:0px;--awb-border-radius-bottom-left:0px;--awb-flex-wrap:wrap;\" ><div class=\"fusion-builder-row fusion-row fusion-flex-align-items-flex-start fusion-flex-content-wrap\" style=\"max-width:1414px;margin-left: calc(-1% \/ 2 );margin-right: calc(-1% \/ 2 );\"><div class=\"fusion-layout-column fusion_builder_column fusion-builder-column-0 fusion_builder_column_1_1 1_1 fusion-flex-column\" style=\"--awb-bg-size:cover;--awb-width-large:100%;--awb-margin-top-large:0px;--awb-spacing-right-large:0.495%;--awb-margin-bottom-large:0px;--awb-spacing-left-large:0.495%;--awb-width-medium:100%;--awb-spacing-right-medium:0.495%;--awb-spacing-left-medium:0.495%;--awb-width-small:100%;--awb-spacing-right-small:0.495%;--awb-spacing-left-small:0.495%;\"><div class=\"fusion-column-wrapper fusion-flex-justify-content-flex-start fusion-content-layout-column\"><div class=\"fusion-text fusion-text-1\"><p>A g\u00e9nese da Universidade de Macau (UM) remonta \u00e0 cria\u00e7\u00e3o da Universidade da \u00c1sia Oriental (UAO) em Mar\u00e7o de 1981. Em 1979, a Ricci Island West Ltd. recebeu do governo de Macau a concess\u00e3o de um terreno, o que permitiu aos senhores Wong King Keung, Edward Woo Pak Hay e Peter Eng Yuk Lun fundarem a Universidade da \u00c1sia Oriental, uma institui\u00e7\u00e3o privada. Sendo a primeira universidade moderna em Macau, a cria\u00e7\u00e3o da UAO marcou o in\u00edcio do ensino superior moderno em Macau.<\/p>\n<p>O professor Hsueh Shou Sheng foi o reitor fundador da UAO. A universidade adoptou a divisa &#8220;Humanidade, Integridade, Propriedade, Sabedoria e Sinceridade&#8221;, e seguia o sistema educativo brit\u00e2nico. Era composta pelo Col\u00e9gio Universit\u00e1rio, Col\u00e9gio Pr\u00e9-Universit\u00e1rio e Col\u00e9gio de Educa\u00e7\u00e3o Cont\u00ednua. No in\u00edcio, a maioria dos alunos vinha de Hong Kong. Com a assinatura da Declara\u00e7\u00e3o Conjunta Sino-Portuguesa em 1987, o governo portugu\u00eas de Macau iniciou planos para transformar a UAO numa universidade p\u00fablica, com o objectivo de formar profissionais e uma for\u00e7a de trabalho qualificada necess\u00e1ria durante o per\u00edodo de transi\u00e7\u00e3o que antecedeu a transfer\u00eancia da administra\u00e7\u00e3o do territ\u00f3rio. Naquela altura, a UAO era composta por cinco unidades, nomeadamente o Col\u00e9gio Universit\u00e1rio, o Col\u00e9gio Polit\u00e9cnico, o Col\u00e9gio Pr\u00e9-Universit\u00e1rio, o Col\u00e9gio Aberto e o Col\u00e9gio de Gradua\u00e7\u00e3o.<\/p>\n<p>Em 1988, o governo portugu\u00eas de Macau adquiriu a UAO atrav\u00e9s da Funda\u00e7\u00e3o Macau e iniciou o processo de reestrutura\u00e7\u00e3o da universidade e a revis\u00e3o dos seus Estatutos. Esta reestrutura\u00e7\u00e3o incluiu a cria\u00e7\u00e3o de uma estrutura de governa\u00e7\u00e3o composta por um Conselho da Universidade, um Conselho Consultivo e um Senado. O ano de 1989 marcou expans\u00f5es e reorganiza\u00e7\u00f5es significativas na universidade. A Faculdade de Letras, a Faculdade de Gest\u00e3o de Empresas e a Faculdade de Ci\u00eancias Sociais, que anteriormente faziam parte do Col\u00e9gio Universit\u00e1rio, tornaram-se faculdades independentes. Al\u00e9m disso, foram estabelecidas a Faculdade de Ci\u00eancias e Tecnologia e a Escola Superior de Educa\u00e7\u00e3o, juntamente com novos programas de Direito e Administra\u00e7\u00e3o P\u00fablica. Para promover a investiga\u00e7\u00e3o acad\u00e9mica, foi criada uma Comiss\u00e3o de Investiga\u00e7\u00e3o sob a al\u00e7ada do Senado. Em 1990, a universidade alterou os cursos de licenciatura de um sistema de tr\u00eas anos para um sistema de quatro anos. Em 1991, foi estabelecida a Faculdade de Direito. Nesse mesmo ano, a Universidade da \u00c1sia Oriental foi renomeada Universidade de Macau, seguida pela promulga\u00e7\u00e3o dos Estatutos da Universidade de Macau em 1992.<\/p>\n<p>Os meados da d\u00e9cada de 1990 marcaram um per\u00edodo de r\u00e1pido desenvolvimento para a UM. Em 1997, os programas de licenciatura e mestrado da universidade foram reconhecidos pelo Minist\u00e9rio da Educa\u00e7\u00e3o de Portugal. Novas bolsas de estudo foram introduzidas para atrair alunos de destaque. A UM tamb\u00e9m fortaleceu os seus la\u00e7os com a comunidade de Macau. A universidade assinou acordos de coopera\u00e7\u00e3o com institui\u00e7\u00f5es educativas, bem como com organiza\u00e7\u00f5es p\u00fablicas e privadas em Macau, para desenvolver conjuntamente programas acad\u00e9micos e projectos de investiga\u00e7\u00e3o. Em 1999, antes da transfer\u00eancia da administra\u00e7\u00e3o de Macau para a China, a UM j\u00e1 contava com 2.865 alunos a tempo inteiro, dos quais 539 eram estudantes de mestrado e doutoramento.<\/p>\n<p>Em 1999, Macau regressou \u00e0 China, marcando uma nova era, n\u00e3o s\u00f3 para a cidade, mas tamb\u00e9m para a UM. Com a miss\u00e3o de formar profissionais t\u00e3o necess\u00e1rios ap\u00f3s o per\u00edodo de transi\u00e7\u00e3o, a UM entrou numa nova fase que apelava a uma mudan\u00e7a nas suas estrat\u00e9gias de desenvolvimento. Assim, a UM aumentou o n\u00famero de disciplinas acad\u00e9micas, desenvolveu as infra-estruturas do campus, melhorou a qualidade do corpo docente e fortaleceu a sua capacidade de investiga\u00e7\u00e3o. Lan\u00e7ou ainda uma s\u00e9rie de novos cursos de licenciatura e de mestrado, reduziu as propinas e ofereceu bolsas de estudo a alunos excepcionais, assim como assist\u00eancia financeira aos mais necessitados. Com a implementa\u00e7\u00e3o destas novas estrat\u00e9gias, a qualidade dos alunos cresceu continuamente. Em 1999, a UM come\u00e7ou a implementar o Esquema de Admiss\u00e3o Directa Recomendada e, desde ent\u00e3o, atrav\u00e9s deste esquema, j\u00e1 admitiu in\u00fameros alunos locais excepcionais do 12.\u00ba ano. Todos os estudantes locais cujo aproveitamento seja excelente podem candidatar-se \u00e0 UM atrav\u00e9s deste esquema, com a possibilidade de conseguir bolsas de estudo.<\/p>\n<p>Ap\u00f3s o regresso de Macau \u00e0 China, a lideran\u00e7a do governo da Regi\u00e3o Administrativa Especial de Macau (RAEM) anteviu as oportunidades sem precedentes que aguardavam a cidade. O ent\u00e3o Chefe do Executivo e o Secret\u00e1rio para os Assuntos Sociais e Cultura partilhavam da vis\u00e3o universal de que as universidades locais, nas quais o governo desempenhava um papel dominante, j\u00e1 tinham cumprido as suas miss\u00f5es hist\u00f3ricas. Olhando para o futuro, Macau necessitava de uma universidade moderna, alinhada com as pr\u00e1ticas e padr\u00f5es internacionais \u2014 uma institui\u00e7\u00e3o que n\u00e3o s\u00f3 atendesse \u00e0s necessidades dos residentes locais, mas que tamb\u00e9m estimulasse e inspirasse a comunidade a aproveitar as oportunidades internacionais e a enfrentar os desafios futuros. Para concretizar esta vis\u00e3o, logo ap\u00f3s o regresso de Macau \u00e0 China, o governo da RAEM encorajou a UM a proceder \u00e0 revis\u00e3o dos seus Estatutos. Em 2001, a UM reestruturou o seu Conselho da Universidade e nomeou um presidente. Em 2002, o governo da RAEM aprovou a cria\u00e7\u00e3o de um Grupo de Trabalho para a Revis\u00e3o dos Estatutos da UM, dando in\u00edcio oficial ao processo de revis\u00e3o. O governo enfatizou que o objectivo da revis\u00e3o dos Estatutos era transformar a UM numa institui\u00e7\u00e3o moderna, em conformidade com as pr\u00e1ticas e padr\u00f5es internacionais, e assegurar que o desenvolvimento da universidade estivesse alinhado com as necessidades futuras de Macau.<\/p>\n<p>Ap\u00f3s v\u00e1rios anos de discuss\u00e3o, consulta e estudo, o Regime Jur\u00eddico da Universidade de Macau foi aprovado pela Assembleia Legislativa de Macau, e o Chefe do Executivo aprovou os novos Estatutos da Universidade de Macau em 2006. No \u00e2mbito da nova estrutura de governa\u00e7\u00e3o, o Conselho da Universidade actua como o mais alto \u00f3rg\u00e3o de governan\u00e7a para substituir a supervis\u00e3o directa do governo da RAEM, o que vai ao encontro da pr\u00e1tica internacional. A maior autonomia, liberdade acad\u00e9mica e flexibilidade administrativa decorrente da revis\u00e3o dos Estatutos resultaram num acelerar do desenvolvimento da UM nos \u00faltimos anos, transformando-a numa universidade moderna.<\/p>\n<p>O ano de 2009 foi um marco importante no desenvolvimento da UM, pois foi nesse ano que o Comit\u00e9 Permanente da Assembleia Popular Nacional aprovou uma proposta que autorizava a constru\u00e7\u00e3o de um novo campus na Ilha de Hengqin, na prov\u00edncia de Guangdong, e delegava \u00e0 RAEM o exerc\u00edcio de jurisdi\u00e7\u00e3o sobre o campus, de acordo com a legisla\u00e7\u00e3o da RAEM. A cerim\u00f3nia de inaugura\u00e7\u00e3o do novo campus em Hengqin foi realizada a 20 de Dezembro de 2009. Al\u00e9m disso, os governos central e da RAEM confiaram \u00e0 UM uma miss\u00e3o maior: tornar-se uma universidade de n\u00edvel mundial. O campus em Hengqin foi inaugurado em 2013, e a UM concluiu a sua mudan\u00e7a e come\u00e7ou a realizar todas as aulas l\u00e1 em 2014.<\/p>\n<p>Desde a mudan\u00e7a para o novo campus em Hengqin, a UM tem registado melhorias consistentes no seu corpo discente e nos seus padr\u00f5es acad\u00e9micos. O n\u00famero de alunos cresceu de pouco mais de 8.000 em 2014 para mais de 16.800 em 2025. A universidade tamb\u00e9m fez progressos not\u00e1veis na diversifica\u00e7\u00e3o e expans\u00e3o das suas iniciativas de investiga\u00e7\u00e3o, o que refor\u00e7ou a reputa\u00e7\u00e3o global da institui\u00e7\u00e3o. Dez anos ap\u00f3s a sua deslocaliza\u00e7\u00e3o, a UM abra\u00e7ou uma nova oportunidade hist\u00f3rica de desenvolvimento. No dia 9 de Dezembro de 2024, realizou-se o lan\u00e7amento da primeira pedra do campus da UM na Zona de Coopera\u00e7\u00e3o Aprofundada em Hengqin,\u00a0 abrindo o caminho para que a UM se torne a primeira institui\u00e7\u00e3o de ensino superior em Macau a expandir as suas actividades de ensino e investiga\u00e7\u00e3o \u00e0 Zona de Coopera\u00e7\u00e3o em Hengqin. A UM aproveitar\u00e1 as novas oportunidades para expandir o espa\u00e7o e dimens\u00e3o educacionais. Atrav\u00e9s do seu compromisso por uma educa\u00e7\u00e3o de alta qualidade e centrada no estudante, por uma investiga\u00e7\u00e3o de impacto em \u00e1reas-chave e por servi\u00e7os comunit\u00e1rios de excel\u00eancia, a UM aspira a tornar-se uma universidade de excel\u00eancia reconhecida internacionalmente.<\/p>\n<\/div><\/div><\/div><\/div><\/div>","protected":false},"excerpt":{"rendered":"","protected":false},"author":1,"featured_media":0,"parent":216268,"menu_order":130,"comment_status":"closed","ping_status":"closed","template":"","meta":{"_acf_changed":false,"footnotes":""},"class_list":["post-216262","page","type-page","status-publish","hentry"],"acf":[],"yoast_head":"<!-- This site is optimized with the Yoast SEO plugin v24.5 - https:\/\/yoast.com\/wordpress\/plugins\/seo\/ -->\n<title>Hist\u00f3ria da UM | Universidade de Macau<\/title>\n<meta name=\"description\" content=\"Universidade de Macau: Uma universidade abrangente p\u00fablica de n\u00edvel internacional fundada em 1981\" \/>\n<meta name=\"robots\" content=\"index, follow, max-snippet:-1, max-image-preview:large, max-video-preview:-1\" \/>\n<link rel=\"canonical\" href=\"https:\/\/www.um.edu.mo\/pt-pt\/about-um\/history\/\" \/>\n<meta property=\"og:locale\" content=\"pt_PT\" \/>\n<meta property=\"og:type\" content=\"article\" \/>\n<meta property=\"og:title\" content=\"Hist\u00f3ria da UM | Universidade de Macau\" \/>\n<meta property=\"og:description\" content=\"Universidade de Macau: Uma universidade abrangente p\u00fablica de n\u00edvel internacional fundada em 1981\" \/>\n<meta property=\"og:url\" content=\"https:\/\/www.um.edu.mo\/pt-pt\/about-um\/history\/\" \/>\n<meta property=\"og:site_name\" content=\"Universidade de Macau\" \/>\n<meta property=\"article:publisher\" content=\"https:\/\/www.facebook.com\/universityofmacau\" \/>\n<meta property=\"article:modified_time\" content=\"2025-10-30T07:46:39+00:00\" \/>\n<meta name=\"twitter:card\" content=\"summary_large_image\" \/>\n<meta name=\"twitter:site\" content=\"@UM_1981\" \/>\n<meta name=\"twitter:label1\" content=\"Tempo estimado de leitura\" \/>\n\t<meta name=\"twitter:data1\" content=\"6 minutos\" \/>\n<script type=\"application\/ld+json\" class=\"yoast-schema-graph\">{\"@context\":\"https:\/\/schema.org\",\"@graph\":[{\"@type\":\"WebPage\",\"@id\":\"https:\/\/www.um.edu.mo\/pt-pt\/about-um\/history\/\",\"url\":\"https:\/\/www.um.edu.mo\/pt-pt\/about-um\/history\/\",\"name\":\"Hist\u00f3ria da UM | Universidade de Macau\",\"isPartOf\":{\"@id\":\"https:\/\/www.um.edu.mo\/pt-pt\/#website\"},\"datePublished\":\"2020-08-10T19:09:32+00:00\",\"dateModified\":\"2025-10-30T07:46:39+00:00\",\"description\":\"Universidade de Macau: Uma universidade abrangente p\u00fablica de n\u00edvel internacional fundada em 1981\",\"breadcrumb\":{\"@id\":\"https:\/\/www.um.edu.mo\/pt-pt\/about-um\/history\/#breadcrumb\"},\"inLanguage\":\"pt-PT\",\"potentialAction\":[{\"@type\":\"ReadAction\",\"target\":[\"https:\/\/www.um.edu.mo\/pt-pt\/about-um\/history\/\"]}]},{\"@type\":\"BreadcrumbList\",\"@id\":\"https:\/\/www.um.edu.mo\/pt-pt\/about-um\/history\/#breadcrumb\",\"itemListElement\":[{\"@type\":\"ListItem\",\"position\":1,\"name\":\"P\u00e1gina inicial\",\"item\":\"https:\/\/www.um.edu.mo\/pt-pt\/\"},{\"@type\":\"ListItem\",\"position\":2,\"name\":\"Sobre a UM\",\"item\":\"https:\/\/www.um.edu.mo\/pt-pt\/about-um\/\"},{\"@type\":\"ListItem\",\"position\":3,\"name\":\"Hist\u00f3ria da UM\"}]},{\"@type\":\"WebSite\",\"@id\":\"https:\/\/www.um.edu.mo\/pt-pt\/#website\",\"url\":\"https:\/\/www.um.edu.mo\/pt-pt\/\",\"name\":\"Universidade de Macau\",\"description\":\"\",\"publisher\":{\"@id\":\"https:\/\/www.um.edu.mo\/pt-pt\/#organization\"},\"potentialAction\":[{\"@type\":\"SearchAction\",\"target\":{\"@type\":\"EntryPoint\",\"urlTemplate\":\"https:\/\/www.um.edu.mo\/pt-pt\/?s={search_term_string}\"},\"query-input\":{\"@type\":\"PropertyValueSpecification\",\"valueRequired\":true,\"valueName\":\"search_term_string\"}}],\"inLanguage\":\"pt-PT\"},{\"@type\":\"Organization\",\"@id\":\"https:\/\/www.um.edu.mo\/pt-pt\/#organization\",\"name\":\"University of Macau\",\"url\":\"https:\/\/www.um.edu.mo\/pt-pt\/\",\"logo\":{\"@type\":\"ImageObject\",\"inLanguage\":\"pt-PT\",\"@id\":\"https:\/\/www.um.edu.mo\/pt-pt\/#\/schema\/logo\/image\/\",\"url\":\"https:\/\/www.um.edu.mo\/wp-content\/uploads\/2020\/09\/UM-Logo_V-Black.png\",\"contentUrl\":\"https:\/\/www.um.edu.mo\/wp-content\/uploads\/2020\/09\/UM-Logo_V-Black.png\",\"width\":3508,\"height\":2785,\"caption\":\"University of Macau\"},\"image\":{\"@id\":\"https:\/\/www.um.edu.mo\/pt-pt\/#\/schema\/logo\/image\/\"},\"sameAs\":[\"https:\/\/www.facebook.com\/universityofmacau\",\"https:\/\/x.com\/UM_1981\"]}]}<\/script>\n<!-- \/ Yoast SEO plugin. -->","yoast_head_json":{"title":"Hist\u00f3ria da UM | Universidade de Macau","description":"Universidade de Macau: Uma universidade abrangente p\u00fablica de n\u00edvel internacional fundada em 1981","robots":{"index":"index","follow":"follow","max-snippet":"max-snippet:-1","max-image-preview":"max-image-preview:large","max-video-preview":"max-video-preview:-1"},"canonical":"https:\/\/www.um.edu.mo\/pt-pt\/about-um\/history\/","og_locale":"pt_PT","og_type":"article","og_title":"Hist\u00f3ria da UM | Universidade de Macau","og_description":"Universidade de Macau: Uma universidade abrangente p\u00fablica de n\u00edvel internacional fundada em 1981","og_url":"https:\/\/www.um.edu.mo\/pt-pt\/about-um\/history\/","og_site_name":"Universidade de Macau","article_publisher":"https:\/\/www.facebook.com\/universityofmacau","article_modified_time":"2025-10-30T07:46:39+00:00","twitter_card":"summary_large_image","twitter_site":"@UM_1981","twitter_misc":{"Tempo estimado de leitura":"6 minutos"},"schema":{"@context":"https:\/\/schema.org","@graph":[{"@type":"WebPage","@id":"https:\/\/www.um.edu.mo\/pt-pt\/about-um\/history\/","url":"https:\/\/www.um.edu.mo\/pt-pt\/about-um\/history\/","name":"Hist\u00f3ria da UM | Universidade de Macau","isPartOf":{"@id":"https:\/\/www.um.edu.mo\/pt-pt\/#website"},"datePublished":"2020-08-10T19:09:32+00:00","dateModified":"2025-10-30T07:46:39+00:00","description":"Universidade de Macau: Uma universidade abrangente p\u00fablica de n\u00edvel internacional fundada em 1981","breadcrumb":{"@id":"https:\/\/www.um.edu.mo\/pt-pt\/about-um\/history\/#breadcrumb"},"inLanguage":"pt-PT","potentialAction":[{"@type":"ReadAction","target":["https:\/\/www.um.edu.mo\/pt-pt\/about-um\/history\/"]}]},{"@type":"BreadcrumbList","@id":"https:\/\/www.um.edu.mo\/pt-pt\/about-um\/history\/#breadcrumb","itemListElement":[{"@type":"ListItem","position":1,"name":"P\u00e1gina inicial","item":"https:\/\/www.um.edu.mo\/pt-pt\/"},{"@type":"ListItem","position":2,"name":"Sobre a UM","item":"https:\/\/www.um.edu.mo\/pt-pt\/about-um\/"},{"@type":"ListItem","position":3,"name":"Hist\u00f3ria da UM"}]},{"@type":"WebSite","@id":"https:\/\/www.um.edu.mo\/pt-pt\/#website","url":"https:\/\/www.um.edu.mo\/pt-pt\/","name":"Universidade de Macau","description":"","publisher":{"@id":"https:\/\/www.um.edu.mo\/pt-pt\/#organization"},"potentialAction":[{"@type":"SearchAction","target":{"@type":"EntryPoint","urlTemplate":"https:\/\/www.um.edu.mo\/pt-pt\/?s={search_term_string}"},"query-input":{"@type":"PropertyValueSpecification","valueRequired":true,"valueName":"search_term_string"}}],"inLanguage":"pt-PT"},{"@type":"Organization","@id":"https:\/\/www.um.edu.mo\/pt-pt\/#organization","name":"University of Macau","url":"https:\/\/www.um.edu.mo\/pt-pt\/","logo":{"@type":"ImageObject","inLanguage":"pt-PT","@id":"https:\/\/www.um.edu.mo\/pt-pt\/#\/schema\/logo\/image\/","url":"https:\/\/www.um.edu.mo\/wp-content\/uploads\/2020\/09\/UM-Logo_V-Black.png","contentUrl":"https:\/\/www.um.edu.mo\/wp-content\/uploads\/2020\/09\/UM-Logo_V-Black.png","width":3508,"height":2785,"caption":"University of Macau"},"image":{"@id":"https:\/\/www.um.edu.mo\/pt-pt\/#\/schema\/logo\/image\/"},"sameAs":["https:\/\/www.facebook.com\/universityofmacau","https:\/\/x.com\/UM_1981"]}]}},"_links":{"self":[{"href":"https:\/\/www.um.edu.mo\/pt-pt\/wp-json\/wp\/v2\/pages\/216262","targetHints":{"allow":["GET"]}}],"collection":[{"href":"https:\/\/www.um.edu.mo\/pt-pt\/wp-json\/wp\/v2\/pages"}],"about":[{"href":"https:\/\/www.um.edu.mo\/pt-pt\/wp-json\/wp\/v2\/types\/page"}],"author":[{"embeddable":true,"href":"https:\/\/www.um.edu.mo\/pt-pt\/wp-json\/wp\/v2\/users\/1"}],"replies":[{"embeddable":true,"href":"https:\/\/www.um.edu.mo\/pt-pt\/wp-json\/wp\/v2\/comments?post=216262"}],"version-history":[{"count":9,"href":"https:\/\/www.um.edu.mo\/pt-pt\/wp-json\/wp\/v2\/pages\/216262\/revisions"}],"predecessor-version":[{"id":463297,"href":"https:\/\/www.um.edu.mo\/pt-pt\/wp-json\/wp\/v2\/pages\/216262\/revisions\/463297"}],"up":[{"embeddable":true,"href":"https:\/\/www.um.edu.mo\/pt-pt\/wp-json\/wp\/v2\/pages\/216268"}],"wp:attachment":[{"href":"https:\/\/www.um.edu.mo\/pt-pt\/wp-json\/wp\/v2\/media?parent=216262"}],"curies":[{"name":"wp","href":"https:\/\/api.w.org\/{rel}","templated":true}]}}